{"id":140344,"date":"2026-02-22T12:43:09","date_gmt":"2026-02-22T11:43:09","guid":{"rendered":"https:\/\/zbrojowniamodlin.pl\/?post_type=product&#038;p=140344"},"modified":"2026-04-12T13:51:06","modified_gmt":"2026-04-12T11:51:06","slug":"shoot-off-3gun-zbrojownia-modlin","status":"publish","type":"product","link":"https:\/\/zbrojowniamodlin.pl\/en\/szkolenia\/competition\/shoot-off-3gun-zbrojownia-modlin\/","title":{"rendered":"Shoot Off 3GUN Zbrojownia Modlin"},"content":{"rendered":"<p>Zawody z kalendarza WMZSS &#8211; mo\u017cesz dopisa\u0107 je do swojej licencji!!<\/p>\n<p>Zawody 3 Gun w lu\u017anej konwencji, w kt\u00f3rych b\u0119dziecie mogli wykaza\u0107 si\u0119 mistrzowskim opanowaniem broni d\u0142ugiej i kr\u00f3tkiej. Oddasz minimum 55 strza\u0142\u00f3w z pistoletu, 55 ze strzelby oraz 45 z karabinu. Jak to w zawodach Shoot Off \u2013 rywalizacja b\u0119dzie odbywa\u0142a si\u0119 pomi\u0119dzy lud\u017ami, najpierw w fazie grupowej, potem w systemie pucharowym, kt\u00f3ry wy\u0142oni zwyci\u0119zc\u00f3w.<\/p>\n<p>Zawody rozgrywamy wy\u0142\u0105cznie w klasie Standard Manual dla strzelby, w klasie Standard dla pistoletu, karabin z mechanicznymi przyrz\u0105dami celowniczymi. Je\u015bli nie dysponujesz sprz\u0119tem w takiej klasie \u2013 wypo\u017cyczymy Ci bro\u0144 bezp\u0142atnie! Zabierz jedynie swoj\u0105 amunicj\u0119 (9mm, strzelbow\u0105 i karabinow\u0105 .223Rem)! Oczywi\u015bcie ta propozycja dotyczy wy\u0142\u0105cznie posiadaczy broni palnej, kt\u00f3rzy dysponuj\u0105 sprz\u0119tem innej klasy, ni\u017c Standard Manual dla strzelby i klasy Standard dla pistoletu!<\/p>\n<p>Istnieje mo\u017cliwo\u015b\u0107 wyst\u0105pienia w klasie Open, ale wy\u0142\u0105cznie z w\u0142asn\u0105 broni\u0105. Je\u015bli jeste\u015b zainteresowany \/ zainteresowana startem w tej klasie wpisz w komentarzu do zam\u00f3wienia has\u0142o &#8220;Open&#8221;.<\/p>\n<p>Szczeg\u00f3lnie serdecznie zapraszamy klubowicz\u00f3w KSK Zbrojownia Modlin. Do Waszej dyspozycji oddajemy sprz\u0119t i amunicj\u0119. Ammo w cenie klubowej!<\/p>\n<p>Rejestracja:<\/p>\n<p>Cena: 170 z\u0142<br \/>\nCena dla cz\u0142onk\u00f3w KSK ZM: cena regularna \u2013 20%<br \/>\nKiedy: https:\/\/zbrojowniamodlin.pl\/szkolenia\/zawody\/shoot-off-3gun-zbrojownia-modlin\/<br \/>\nGdzie: Zbrojownia Modlin<\/p>\n<p>Wysy\u0142aj\u0105c zam\u00f3wienie, prosimy podaj w uwagach <strong>nr licencji zawodniczej<\/strong> oraz <strong>klas\u0119 (STANDARD <\/strong>czy <strong>OPEN)<\/strong>, w jakiej chcesz startowa\u0107.<\/p>\n<p>Na miejscu grill, kie\u0142baski i wiele innych!<\/p>\n<p>&#8212;&#8212;&#8212;&#8212;&#8212;&#8212;&#8212;&#8212;&#8212;&#8212;&#8212;&#8212;&#8212;&#8212;-<\/p>\n<p><strong>Regulamin SHOOT-OFF 3GUN<\/strong><\/p>\n<p>Klub Strzelecko \u2013 Kolekcjonerski Zbrojownia Modlin<\/p>\n<p>SHOOT-OFF 3GUN to zawody strzeleckie typu pojedynkowego z wykorzystaniem broni kr\u00f3tkiej i d\u0142ugiej centralnego zap\u0142onu oraz strzelby.<\/p>\n<ol>\n<li>CEL ZAWOD\u00d3W:<\/li>\n<\/ol>\n<p>* Popularyzacja strzelectwa sportowego.<br \/>\n* Integracja strzelc\u00f3w.<br \/>\n* Doskonalenie umiej\u0119tno\u015bci strzeleckich.<br \/>\n* Wy\u0142onienie najlepszych zawodnik\u00f3w.<\/p>\n<ol>\n<li>ORGANIZATOR ZAWOD\u00d3W:<\/li>\n<\/ol>\n<p>* Klub Strzelecko \u2013 Kolekcjonerski Zbrojownia Modlin<\/p>\n<p>III. Klasy sprz\u0119towe:<\/p>\n<p>* Standard:<br \/>\n* Pistolet \u2013 pistolety i rewolwery centralnego zap\u0142onu z mechanicznymi przyrz\u0105dami celowniczymi<br \/>\n* Strzelba \u2013 strzelby pump\/lever action z mechanicznymi przyrz\u0105dami celowniczymi<br \/>\n* Karabin \u2013 karabiny i karabinki centralnego zap\u0142onu w kalibrze 5,56\/223 lub 7,62 z mechanicznymi przyrz\u0105dami celowniczymi<br \/>\n* Open:<br \/>\n* Pistolet &#8211; pistolety i rewolwery centralnego zap\u0142onu z dowolnymi przyrz\u0105dami celowniczymi<br \/>\n* Strzelba &#8211; strzelby pump\/lever action, semi-auto z dowolnymi przyrz\u0105dami celowniczymi<br \/>\n* Karabin &#8211; karabiny i karabinki centralnego zap\u0142onu w kalibrze 5,56\/223 lub 7,62 z dowolnymi przyrz\u0105dami celowniczymi<\/p>\n<ol>\n<li>Cele.<\/li>\n<\/ol>\n<p>* strzelbowe: kruche lub metalowe<br \/>\n* pistoletowe: metalowe<br \/>\n* karabinowe: kruche lub metalowe<\/p>\n<ol>\n<li>Przebieg konkurencji:<\/li>\n<\/ol>\n<p>* Po sygnale d\u017awi\u0119kowym nale\u017cy ostrzela\u0107 cele w wyznaczonej kolejno\u015bci:<\/p>\n<ol>\n<li>Karabin \u2013 cele w 3 (najdalszym) rz\u0119dzie. Start z kondycji 1(za\u0142adowana, z nabojem<br \/>\nw komorze, zabezpieczona), bro\u0144 w r\u0119kach na wysoko\u015bci pasa. Po zestrzeleniu wszystkich cel\u00f3w karabin zabezpieczamy i odk\u0142adamy w wyznaczonym miejscu. Ilo\u015b\u0107 amunicji<br \/>\nw obr\u0119bie broni dowolna, zapasowa amunicja\/magazynki na stoliku.<br \/>\n2. Strzelba \u2013 cele w 1 (najbli\u017cszym) rz\u0119dzie. Start z kondycji 2(za\u0142adowana, pusta komora nabojowa) ze stolika. Po zestrzeleniu wszystkich cel\u00f3w strzelb\u0119 zabezpieczamy i odk\u0142adamy do urz\u0105dzenia do odk\u0142adnia broni. Ilo\u015b\u0107 amunicji w obr\u0119bie broni dowolna, zapasowa amunicja\/magazynki na stoliku.<br \/>\n3. Pistolet \u2013 cele w 2 (\u015brodkowym) rz\u0119dzie. Start z kondycji 3(roz\u0142adowany \u2013 bez podpi\u0119tego magazynka) ze stolika. Zamek mo\u017ce znajdowa\u0107 si\u0119 w dowolnym po\u0142o\u017ceniu. Mi\u0119dzy trafieniem pierwszego i ostatniego celu (popera ko\u0144cz\u0105cego) musi nast\u0105pi\u0107 obowi\u0105zkowa wymiana magazynka. Ilo\u015b\u0107 amunicji w magazynku i ilo\u015b\u0107 magazynk\u00f3w dowolna, zapasowe magazynki na stoliku.<\/li>\n<\/ol>\n<p>* Ostatnia para poper\u00f3w jest u\u0142o\u017cona w ten spos\u00f3b, \u017ce po wywr\u00f3ceniu jednoznacznie wska\u017ce kt\u00f3ry zawodnik by\u0142 pierwszy i zwyci\u0119\u017cy\u0142.<\/p>\n<p>* Mimo uko\u0144czenia przebiegu jako pierwszy, zawodnik przegrywa pojedynek, gdy:<\/p>\n<ol>\n<li>Nie zabezpieczy karabinu przed od\u0142o\u017ceniem<br \/>\n2. Nie zabezpieczy strzelby przed od\u0142o\u017ceniem<br \/>\n3. Nie dokona obowi\u0105zkowej wymiany magazynka w pistolecie<br \/>\n4. Trafi poper ko\u0144cz\u0105cy przed zestrzeleniem pozosta\u0142ych celi<\/li>\n<li>Wy\u0142onienie zwyci\u0119zcy:<\/li>\n<\/ol>\n<p>* W zale\u017cno\u015bci od liczby ch\u0119tnych walczymy ka\u017cdy z ka\u017cdym w ramach 2 klas sprz\u0119towych (minimum 6 zawodnik\u00f3w w ramach klasy sprz\u0119towej) lub bez podzia\u0142u na klasy sprz\u0119towe (mniej ni\u017c 6 zawodnik\u00f3w w ramach klasy sprz\u0119towej). Za zwyci\u0119stwo w fazie grupowej zawodnik dostaje jeden punkt. Czterech najlepszych zawodnik\u00f3w fazy grupowej przechodzi do fazy fina\u0142owej. W przypadku takiej samej liczby punkt\u00f3w lepszy zawodnik zostanie wy\u0142oniony dodatkowym pojedynkiem.<br \/>\n* Je\u017celi zawody s\u0105 rozgrywane w 2 klasach sprz\u0119towych to po dw\u00f3ch najlepszych zawodnik\u00f3w z ka\u017cdej klasy sprz\u0119towej rozgrywa ze sob\u0105 p\u00f3\u0142fina\u0142y i fina\u0142y Overall<\/p>\n","protected":false},"excerpt":{"rendered":"<p>Zawody z kalendarza WMZSS &#8211; mo\u017cesz dopisa\u0107 je do swojej licencji!!<\/p>\n<p>Wysy\u0142aj\u0105c zam\u00f3wienie, prosimy podaj w uwagach <strong>nr licencji zawodniczej<\/strong> oraz <strong>klas\u0119 (STANDARD <\/strong>czy <strong>OPEN)<\/strong>, w jakiej chcesz startowa\u0107.<\/p>\n","protected":false},"featured_media":140350,"template":"","meta":[],"product_brand":[],"product_cat":[26],"product_tag":[],"class_list":{"0":"post-140344","1":"product","2":"type-product","3":"status-publish","4":"has-post-thumbnail","6":"product_cat-zawody","8":"first","9":"instock","10":"shipping-taxable","11":"purchasable","12":"product-type-variable"},"yoast_head":"<!-- This site is optimized with the Yoast SEO plugin v27.4 - https:\/\/yoast.com\/product\/yoast-seo-wordpress\/ -->\n<title>Shoot Off 3GUN Zbrojownia Modlin - Zbrojownia Modlin<\/title>\n<meta name=\"description\" content=\"Na zawodach Shoot Off 3 Gun b\u0119dziecie mogli wykaza\u0107 si\u0119 mistrzowskim opanowaniem broni d\u0142ugiej i kr\u00f3tkiej w bezpo\u015bredniej rywalizacji z innymi strzelcami.\" \/>\n<meta name=\"robots\" content=\"index, follow, max-snippet:-1, max-image-preview:large, max-video-preview:-1\" \/>\n<link rel=\"canonical\" href=\"https:\/\/zbrojowniamodlin.pl\/en\/szkolenia\/competition\/shoot-off-3gun-zbrojownia-modlin\/\" \/>\n<meta property=\"og:locale\" content=\"en_US\" \/>\n<meta property=\"og:type\" content=\"article\" \/>\n<meta property=\"og:title\" content=\"Shoot Off 3GUN Zbrojownia Modlin - Zbrojownia Modlin\" \/>\n<meta property=\"og:description\" content=\"Na zawodach Shoot Off 3 Gun b\u0119dziecie mogli wykaza\u0107 si\u0119 mistrzowskim opanowaniem broni d\u0142ugiej i kr\u00f3tkiej w bezpo\u015bredniej rywalizacji z innymi strzelcami.\" \/>\n<meta property=\"og:url\" content=\"https:\/\/zbrojowniamodlin.pl\/en\/szkolenia\/competition\/shoot-off-3gun-zbrojownia-modlin\/\" \/>\n<meta property=\"og:site_name\" content=\"Zbrojownia Modlin\" \/>\n<meta property=\"article:modified_time\" content=\"2026-04-12T11:51:06+00:00\" \/>\n<meta property=\"og:image\" content=\"https:\/\/zbrojowniamodlin.pl\/wp-content\/uploads\/2026\/02\/ChatGPT-Image-22-lut-2026-12_37_00-1.png\" \/>\n\t<meta property=\"og:image:width\" content=\"640\" \/>\n\t<meta property=\"og:image:height\" content=\"640\" \/>\n\t<meta property=\"og:image:type\" content=\"image\/png\" \/>\n<meta name=\"twitter:card\" content=\"summary_large_image\" \/>\n<meta name=\"twitter:label1\" content=\"Est. reading time\" \/>\n\t<meta name=\"twitter:data1\" content=\"5 minutes\" \/>\n<script type=\"application\/ld+json\" class=\"yoast-schema-graph\">{\"@context\":\"https:\\\/\\\/schema.org\",\"@graph\":[{\"@type\":\"WebPage\",\"@id\":\"https:\\\/\\\/zbrojowniamodlin.pl\\\/en\\\/szkolenia\\\/competition\\\/shoot-off-3gun-zbrojownia-modlin\\\/\",\"url\":\"https:\\\/\\\/zbrojowniamodlin.pl\\\/en\\\/szkolenia\\\/competition\\\/shoot-off-3gun-zbrojownia-modlin\\\/\",\"name\":\"Shoot Off 3GUN Zbrojownia Modlin - Zbrojownia Modlin\",\"isPartOf\":{\"@id\":\"https:\\\/\\\/zbrojowniamodlin.pl\\\/en\\\/#website\"},\"primaryImageOfPage\":{\"@id\":\"https:\\\/\\\/zbrojowniamodlin.pl\\\/en\\\/szkolenia\\\/competition\\\/shoot-off-3gun-zbrojownia-modlin\\\/#primaryimage\"},\"image\":{\"@id\":\"https:\\\/\\\/zbrojowniamodlin.pl\\\/en\\\/szkolenia\\\/competition\\\/shoot-off-3gun-zbrojownia-modlin\\\/#primaryimage\"},\"thumbnailUrl\":\"https:\\\/\\\/zbrojowniamodlin.pl\\\/wp-content\\\/uploads\\\/2026\\\/02\\\/ChatGPT-Image-22-lut-2026-12_37_00-1.png\",\"datePublished\":\"2026-02-22T11:43:09+00:00\",\"dateModified\":\"2026-04-12T11:51:06+00:00\",\"description\":\"Na zawodach Shoot Off 3 Gun b\u0119dziecie mogli wykaza\u0107 si\u0119 mistrzowskim opanowaniem broni d\u0142ugiej i kr\u00f3tkiej w bezpo\u015bredniej rywalizacji z innymi strzelcami.\",\"breadcrumb\":{\"@id\":\"https:\\\/\\\/zbrojowniamodlin.pl\\\/en\\\/szkolenia\\\/competition\\\/shoot-off-3gun-zbrojownia-modlin\\\/#breadcrumb\"},\"inLanguage\":\"en-US\",\"potentialAction\":[{\"@type\":\"ReadAction\",\"target\":[\"https:\\\/\\\/zbrojowniamodlin.pl\\\/en\\\/szkolenia\\\/competition\\\/shoot-off-3gun-zbrojownia-modlin\\\/\"]}]},{\"@type\":\"ImageObject\",\"inLanguage\":\"en-US\",\"@id\":\"https:\\\/\\\/zbrojowniamodlin.pl\\\/en\\\/szkolenia\\\/competition\\\/shoot-off-3gun-zbrojownia-modlin\\\/#primaryimage\",\"url\":\"https:\\\/\\\/zbrojowniamodlin.pl\\\/wp-content\\\/uploads\\\/2026\\\/02\\\/ChatGPT-Image-22-lut-2026-12_37_00-1.png\",\"contentUrl\":\"https:\\\/\\\/zbrojowniamodlin.pl\\\/wp-content\\\/uploads\\\/2026\\\/02\\\/ChatGPT-Image-22-lut-2026-12_37_00-1.png\",\"width\":1024,\"height\":1024},{\"@type\":\"BreadcrumbList\",\"@id\":\"https:\\\/\\\/zbrojowniamodlin.pl\\\/en\\\/szkolenia\\\/competition\\\/shoot-off-3gun-zbrojownia-modlin\\\/#breadcrumb\",\"itemListElement\":[{\"@type\":\"ListItem\",\"position\":1,\"name\":\"Strona g\u0142\u00f3wna\",\"item\":\"https:\\\/\\\/zbrojowniamodlin.pl\\\/en\\\/\"},{\"@type\":\"ListItem\",\"position\":2,\"name\":\"Store\",\"item\":\"https:\\\/\\\/zbrojowniamodlin.pl\\\/en\\\/shop\\\/\"},{\"@type\":\"ListItem\",\"position\":3,\"name\":\"Shoot Off 3GUN Zbrojownia Modlin\"}]},{\"@type\":\"WebSite\",\"@id\":\"https:\\\/\\\/zbrojowniamodlin.pl\\\/en\\\/#website\",\"url\":\"https:\\\/\\\/zbrojowniamodlin.pl\\\/en\\\/\",\"name\":\"Zbrojownia Modlin\",\"description\":\"Zbrojownia Modlin\",\"inLanguage\":\"en-US\"}]}<\/script>\n<!-- \/ Yoast SEO plugin. -->","yoast_head_json":{"title":"Shoot Off 3GUN Zbrojownia Modlin - Zbrojownia Modlin","description":"Na zawodach Shoot Off 3 Gun b\u0119dziecie mogli wykaza\u0107 si\u0119 mistrzowskim opanowaniem broni d\u0142ugiej i kr\u00f3tkiej w bezpo\u015bredniej rywalizacji z innymi strzelcami.","robots":{"index":"index","follow":"follow","max-snippet":"max-snippet:-1","max-image-preview":"max-image-preview:large","max-video-preview":"max-video-preview:-1"},"canonical":"https:\/\/zbrojowniamodlin.pl\/en\/szkolenia\/competition\/shoot-off-3gun-zbrojownia-modlin\/","og_locale":"en_US","og_type":"article","og_title":"Shoot Off 3GUN Zbrojownia Modlin - Zbrojownia Modlin","og_description":"Na zawodach Shoot Off 3 Gun b\u0119dziecie mogli wykaza\u0107 si\u0119 mistrzowskim opanowaniem broni d\u0142ugiej i kr\u00f3tkiej w bezpo\u015bredniej rywalizacji z innymi strzelcami.","og_url":"https:\/\/zbrojowniamodlin.pl\/en\/szkolenia\/competition\/shoot-off-3gun-zbrojownia-modlin\/","og_site_name":"Zbrojownia Modlin","article_modified_time":"2026-04-12T11:51:06+00:00","og_image":[{"url":"https:\/\/zbrojowniamodlin.pl\/wp-content\/uploads\/2026\/02\/ChatGPT-Image-22-lut-2026-12_37_00-1.png","width":640,"height":640,"type":"image\/png"}],"twitter_card":"summary_large_image","twitter_misc":{"Est. reading time":"5 minutes"},"schema":{"@context":"https:\/\/schema.org","@graph":[{"@type":"WebPage","@id":"https:\/\/zbrojowniamodlin.pl\/en\/szkolenia\/competition\/shoot-off-3gun-zbrojownia-modlin\/","url":"https:\/\/zbrojowniamodlin.pl\/en\/szkolenia\/competition\/shoot-off-3gun-zbrojownia-modlin\/","name":"Shoot Off 3GUN Zbrojownia Modlin - Zbrojownia Modlin","isPartOf":{"@id":"https:\/\/zbrojowniamodlin.pl\/en\/#website"},"primaryImageOfPage":{"@id":"https:\/\/zbrojowniamodlin.pl\/en\/szkolenia\/competition\/shoot-off-3gun-zbrojownia-modlin\/#primaryimage"},"image":{"@id":"https:\/\/zbrojowniamodlin.pl\/en\/szkolenia\/competition\/shoot-off-3gun-zbrojownia-modlin\/#primaryimage"},"thumbnailUrl":"https:\/\/zbrojowniamodlin.pl\/wp-content\/uploads\/2026\/02\/ChatGPT-Image-22-lut-2026-12_37_00-1.png","datePublished":"2026-02-22T11:43:09+00:00","dateModified":"2026-04-12T11:51:06+00:00","description":"Na zawodach Shoot Off 3 Gun b\u0119dziecie mogli wykaza\u0107 si\u0119 mistrzowskim opanowaniem broni d\u0142ugiej i kr\u00f3tkiej w bezpo\u015bredniej rywalizacji z innymi strzelcami.","breadcrumb":{"@id":"https:\/\/zbrojowniamodlin.pl\/en\/szkolenia\/competition\/shoot-off-3gun-zbrojownia-modlin\/#breadcrumb"},"inLanguage":"en-US","potentialAction":[{"@type":"ReadAction","target":["https:\/\/zbrojowniamodlin.pl\/en\/szkolenia\/competition\/shoot-off-3gun-zbrojownia-modlin\/"]}]},{"@type":"ImageObject","inLanguage":"en-US","@id":"https:\/\/zbrojowniamodlin.pl\/en\/szkolenia\/competition\/shoot-off-3gun-zbrojownia-modlin\/#primaryimage","url":"https:\/\/zbrojowniamodlin.pl\/wp-content\/uploads\/2026\/02\/ChatGPT-Image-22-lut-2026-12_37_00-1.png","contentUrl":"https:\/\/zbrojowniamodlin.pl\/wp-content\/uploads\/2026\/02\/ChatGPT-Image-22-lut-2026-12_37_00-1.png","width":1024,"height":1024},{"@type":"BreadcrumbList","@id":"https:\/\/zbrojowniamodlin.pl\/en\/szkolenia\/competition\/shoot-off-3gun-zbrojownia-modlin\/#breadcrumb","itemListElement":[{"@type":"ListItem","position":1,"name":"Strona g\u0142\u00f3wna","item":"https:\/\/zbrojowniamodlin.pl\/en\/"},{"@type":"ListItem","position":2,"name":"Store","item":"https:\/\/zbrojowniamodlin.pl\/en\/shop\/"},{"@type":"ListItem","position":3,"name":"Shoot Off 3GUN Zbrojownia Modlin"}]},{"@type":"WebSite","@id":"https:\/\/zbrojowniamodlin.pl\/en\/#website","url":"https:\/\/zbrojowniamodlin.pl\/en\/","name":"Zbrojownia Modlin","description":"Zbrojownia Modlin","inLanguage":"en-US"}]}},"_links":{"self":[{"href":"https:\/\/zbrojowniamodlin.pl\/en\/wp-json\/wp\/v2\/product\/140344","targetHints":{"allow":["GET"]}}],"collection":[{"href":"https:\/\/zbrojowniamodlin.pl\/en\/wp-json\/wp\/v2\/product"}],"about":[{"href":"https:\/\/zbrojowniamodlin.pl\/en\/wp-json\/wp\/v2\/types\/product"}],"wp:featuredmedia":[{"embeddable":true,"href":"https:\/\/zbrojowniamodlin.pl\/en\/wp-json\/wp\/v2\/media\/140350"}],"wp:attachment":[{"href":"https:\/\/zbrojowniamodlin.pl\/en\/wp-json\/wp\/v2\/media?parent=140344"}],"wp:term":[{"taxonomy":"product_brand","embeddable":true,"href":"https:\/\/zbrojowniamodlin.pl\/en\/wp-json\/wp\/v2\/product_brand?post=140344"},{"taxonomy":"product_cat","embeddable":true,"href":"https:\/\/zbrojowniamodlin.pl\/en\/wp-json\/wp\/v2\/product_cat?post=140344"},{"taxonomy":"product_tag","embeddable":true,"href":"https:\/\/zbrojowniamodlin.pl\/en\/wp-json\/wp\/v2\/product_tag?post=140344"}],"curies":[{"name":"wp","href":"https:\/\/api.w.org\/{rel}","templated":true}]}}