{"id":136953,"date":"2025-10-01T09:35:27","date_gmt":"2025-10-01T07:35:27","guid":{"rendered":"https:\/\/zbrojowniamodlin.pl\/?post_type=product&#038;p=136953"},"modified":"2025-10-01T09:52:35","modified_gmt":"2025-10-01T07:52:35","slug":"przetrwalnik-24","status":"publish","type":"product","link":"https:\/\/zbrojowniamodlin.pl\/en\/szkolenia\/thematic-training\/przetrwalnik-24\/","title":{"rendered":"Przetrwalnik 24"},"content":{"rendered":"<p>W obliczu rosn\u0105cej niepewno\u015bci \u2013 kryzys\u00f3w energetycznych, ekstremalnych zjawisk pogodowych oraz napi\u0119\u0107 geopolitycznych \u2013 szkolenie z survivalu, radzenie sobie poza miejscem zamieszkania i przygotowanie plecaka ucieczkowego to realna inwestycja w bezpiecze\u0144stwo w\u0142asne oraz rodziny. Umiej\u0119tno\u015b\u0107 radzenia sobie bez dost\u0119pu do pr\u0105du, wody czy transportu publicznego daje spok\u00f3j i przewag\u0119 w kryzysie. Nasze szkolenie \u201ePrzetrwalnik 24\u201d to praktyczna wiedza, kt\u00f3ra zwi\u0119ksza Twoj\u0105 odporno\u015b\u0107 na nieprzewidziane sytuacje i uczy samodzielno\u015bci w trudnych warunkach. Ale to r\u00f3wnie\u017c przygoda. Sp\u0119dzisz dob\u0119 bez dost\u0119pu do ciep\u0142ego i wygodnego \u0142\u00f3\u017cka, nauczysz si\u0119 jak reagowa\u0107 na dyskomfort braku dost\u0119pu do cywilizacji. Nie przyje\u017cd\u017caj w pojedynk\u0119! Zabierz m\u0119\u017ca, \u017con\u0119, syna, c\u00f3rk\u0119, albo kumpli!<\/p>\n<p>? Jakie umiej\u0119tno\u015bci zdob\u0119dziesz?<\/p>\n<p>? Na naszych zaj\u0119ciach nauczysz si\u0119 jak spakowa\u0107 plecak ewakuacyjny i przede wszystkim jak u\u017cy\u0107 zawartego w nim wyposa\u017cenia.<br \/>\n? Wyt\u0142umaczymy Ci co powinno znajdowa\u0107 si\u0119 w Twoim mieszkaniu\/domu\/aucie w sytuacjach kryzysowych.<br \/>\n? Nauczymy Ci\u0119 jak przygotowa\u0107 sobie schronienie w terenie przygodnym i jak przetrwa\u0107 w nim noc<br \/>\n? Nauczymy Ci\u0119 podstaw w zakresie u\u017cytkowania i obs\u0142ugi popularnych rodzaj\u00f3w broni.<br \/>\n? Poprowadzimy Ci\u0119 przez tajniki sztuki przetrwania, nauczysz si\u0119 rozpala\u0107 ogie\u0144 w niesprzyjaj\u0105cych warunkach, budowa\u0107 schronienia, pozyskiwa\u0107 wod\u0119 oraz po\u017cywienie.<br \/>\n? Zrozumiesz zasady pracy z map\u0105 oraz orientacji w terenie.<br \/>\n? Zrozumiesz kogo w sytuacji zagro\u017cenia prosi\u0107 o pomoc, a kogo unika\u0107<br \/>\n? Na koniec trafisz w dziesi\u0105tk\u0119 i wyjdziesz od nas bogatszy o do\u015bwiadczenie i wiedz\u0119, kt\u00f3ra zapewni bezpiecze\u0144stwo Tobie i Twoim najbli\u017cszym.<\/p>\n<p>? Nie wymagamy pozwolenia na bro\u0144 oraz \u017cadnego dodatkowego wyposa\u017cenia. Zapewnimy wy\u017cywienie \u261d\ufe0f<\/p>\n<p>? Program:<\/p>\n<ol>\n<li>Om\u00f3wienie plecaka ewakuacyjnego, sprz\u0119tu w mieszkaniu\/aucie<\/li>\n<li>Podstawy nawigacji<\/li>\n<li>Rozpalanie ognia\/pozyskiwanie wody i po\u017cywienia\/budowa schronienia<\/li>\n<li>Budowa i u\u017cytkowanie broni (pistolet kurkowy, bezkurkowy, AKM, AR)<\/li>\n<li>Strzelanie<\/li>\n<li>Przygotowanie schronienia, zabezpieczenie \u017ar\u00f3d\u0142a ciep\u0142a<\/li>\n<li>Noc w lesie<\/li>\n<li>Poranne \u015bniadanie dla uczestnik\u00f3w imprezy<\/li>\n<\/ol>\n<p>? Kto mo\u017ce wzi\u0105\u0107 udzia\u0142?<\/p>\n<p>Zapraszamy wszystkich ch\u0119tnych powy\u017cej 16 roku \u017cycia. Osobny niepe\u0142noletnie poprosimy o pisemn\u0105 zgod\u0119 rodzic\u00f3w na udzia\u0142 w zaj\u0119ciach. Nie ma g\u00f3rnej granicy wieku.<\/p>\n<p>? Jak mam przygotowa\u0107 si\u0119 do zaj\u0119\u0107?<\/p>\n<p>Zabierz ze sob\u0105 ciep\u0142\u0105, wygodn\u0105 odzie\u017c outdoorow\u0105. We\u017a co\u015b wodoodpornego na zapas, wi\u0119kszo\u015b\u0107 czasu sp\u0119dzimy na otwartym powietrzu. Je\u015bli masz ju\u017c skompletowany sw\u00f3j sprz\u0119t i wyposa\u017cenie &#8211; zabierz je ze sob\u0105, od razu om\u00f3wimy czy &#8220;warto \/ nie warto&#8221;. Ulubione smako\u0142yki? Oczywi\u015bcie zabierz ze sob\u0105 ?<\/p>\n<p>? Czy mam zabra\u0107 co\u015b do jedzenia?<\/p>\n<p>Nie! Poradzimy sobie na miejscu ?<\/p>\n<p>? Czy b\u0119dziemy zdani na \u0142ask\u0119 i nie\u0142ask\u0119 natury?<\/p>\n<p>B\u0119dziemy szkolili si\u0119 z radzenia sobie z przetrwaniem na \u0142onie natury, sp\u0119dzimy noc w lesie, natomiast przez ca\u0142y czas prowadzenia zaj\u0119\u0107 b\u0119dziemy mieli dost\u0119p do szeroko rozumianej \u201ecywilizacji\u201d gdyby zasz\u0142a taka potrzeba. Na miejscu b\u0119d\u0105 dost\u0119pne \u0142azienki, energia elektryczna, ciep\u0142e napoje i posi\u0142ki. Oczywi\u015bcie przez ca\u0142y czas szkolenia uczestnicy b\u0119d\u0105 pozostawali pod opiek\u0105 naszych instruktor\u00f3w.<\/p>\n<p>?\ufe0f Kiedy? 25 pa\u017adziernika (pi\u0119kne, jesienne okoliczno\u015bci przyrody!)<\/p>\n<p>? Gdzie? <a href=\"https:\/\/zbrojowniamodlin.pl\/\">Centrum Szkoleniowe Zbrojownia Modlin<\/a><\/p>\n<p>?Czas szkolenia: 24h<br \/>\n?Koszt szkolenia: 1100 z\u0142<\/p>\n","protected":false},"excerpt":{"rendered":"<p>Szkolenie survivalowe uczy radzenia sobie w trudnych warunkach: rozwija odporno\u015b\u0107 psychiczn\u0105, umiej\u0119tno\u015b\u0107 planowania i improwizacji. Daje praktyczn\u0105 wiedz\u0119 o pozyskiwaniu wody, jedzenia i schronienia. Wzmacnia kondycj\u0119, pewno\u015b\u0107 siebie i wsp\u00f3\u0142prac\u0119 w grupie, przygotowuj\u0105c na sytuacje kryzysowe. To szkolenie sprawdzi Twoj\u0105 kondycj\u0119 i Twoj\u0105 zdolno\u015b\u0107 do przetrwania poza cywilizacj\u0105.<\/p>\n","protected":false},"featured_media":136944,"template":"","meta":[],"product_brand":[],"product_cat":[324],"product_tag":[],"class_list":{"0":"post-136953","1":"product","2":"type-product","3":"status-publish","4":"has-post-thumbnail","6":"product_cat-szkolenia-tematyczne","8":"first","9":"instock","10":"shipping-taxable","11":"purchasable","12":"product-type-simple"},"yoast_head":"<!-- This site is optimized with the Yoast SEO plugin v27.5 - https:\/\/yoast.com\/product\/yoast-seo-wordpress\/ -->\n<title>Przetrwalnik 24 - Zbrojownia Modlin<\/title>\n<meta name=\"description\" content=\"Przetrwalnik 24 to praktyczna wiedza, kt\u00f3ra zdobyta w zaledwie 1 doby zwi\u0119ksza Twoj\u0105 odporno\u015b\u0107 na nieprzewidziane sytuacje i uczy samodzielno\u015bci\" \/>\n<meta name=\"robots\" content=\"index, follow, max-snippet:-1, max-image-preview:large, max-video-preview:-1\" \/>\n<link rel=\"canonical\" href=\"https:\/\/zbrojowniamodlin.pl\/en\/szkolenia\/thematic-training\/przetrwalnik-24\/\" \/>\n<meta property=\"og:locale\" content=\"en_US\" \/>\n<meta property=\"og:type\" content=\"article\" \/>\n<meta property=\"og:title\" content=\"Przetrwalnik 24 - Zbrojownia Modlin\" \/>\n<meta property=\"og:description\" content=\"Przetrwalnik 24 to praktyczna wiedza, kt\u00f3ra zdobyta w zaledwie 1 doby zwi\u0119ksza Twoj\u0105 odporno\u015b\u0107 na nieprzewidziane sytuacje i uczy samodzielno\u015bci\" \/>\n<meta property=\"og:url\" content=\"https:\/\/zbrojowniamodlin.pl\/en\/szkolenia\/thematic-training\/przetrwalnik-24\/\" \/>\n<meta property=\"og:site_name\" content=\"Zbrojownia Modlin\" \/>\n<meta property=\"article:modified_time\" content=\"2025-10-01T07:52:35+00:00\" \/>\n<meta name=\"twitter:card\" content=\"summary_large_image\" \/>\n<meta name=\"twitter:label1\" content=\"Est. reading time\" \/>\n\t<meta name=\"twitter:data1\" content=\"3 minutes\" \/>\n<script type=\"application\/ld+json\" class=\"yoast-schema-graph\">{\"@context\":\"https:\\\/\\\/schema.org\",\"@graph\":[{\"@type\":\"WebPage\",\"@id\":\"https:\\\/\\\/zbrojowniamodlin.pl\\\/en\\\/szkolenia\\\/thematic-training\\\/przetrwalnik-24\\\/\",\"url\":\"https:\\\/\\\/zbrojowniamodlin.pl\\\/en\\\/szkolenia\\\/thematic-training\\\/przetrwalnik-24\\\/\",\"name\":\"Przetrwalnik 24 - Zbrojownia Modlin\",\"isPartOf\":{\"@id\":\"https:\\\/\\\/zbrojowniamodlin.pl\\\/en\\\/#website\"},\"primaryImageOfPage\":{\"@id\":\"https:\\\/\\\/zbrojowniamodlin.pl\\\/en\\\/szkolenia\\\/thematic-training\\\/przetrwalnik-24\\\/#primaryimage\"},\"image\":{\"@id\":\"https:\\\/\\\/zbrojowniamodlin.pl\\\/en\\\/szkolenia\\\/thematic-training\\\/przetrwalnik-24\\\/#primaryimage\"},\"thumbnailUrl\":\"https:\\\/\\\/zbrojowniamodlin.pl\\\/wp-content\\\/uploads\\\/2025\\\/10\\\/Sur9.avif\",\"datePublished\":\"2025-10-01T07:35:27+00:00\",\"dateModified\":\"2025-10-01T07:52:35+00:00\",\"description\":\"Przetrwalnik 24 to praktyczna wiedza, kt\u00f3ra zdobyta w zaledwie 1 doby zwi\u0119ksza Twoj\u0105 odporno\u015b\u0107 na nieprzewidziane sytuacje i uczy samodzielno\u015bci\",\"breadcrumb\":{\"@id\":\"https:\\\/\\\/zbrojowniamodlin.pl\\\/en\\\/szkolenia\\\/thematic-training\\\/przetrwalnik-24\\\/#breadcrumb\"},\"inLanguage\":\"en-US\",\"potentialAction\":[{\"@type\":\"ReadAction\",\"target\":[\"https:\\\/\\\/zbrojowniamodlin.pl\\\/en\\\/szkolenia\\\/thematic-training\\\/przetrwalnik-24\\\/\"]}]},{\"@type\":\"ImageObject\",\"inLanguage\":\"en-US\",\"@id\":\"https:\\\/\\\/zbrojowniamodlin.pl\\\/en\\\/szkolenia\\\/thematic-training\\\/przetrwalnik-24\\\/#primaryimage\",\"url\":\"https:\\\/\\\/zbrojowniamodlin.pl\\\/wp-content\\\/uploads\\\/2025\\\/10\\\/Sur9.avif\",\"contentUrl\":\"https:\\\/\\\/zbrojowniamodlin.pl\\\/wp-content\\\/uploads\\\/2025\\\/10\\\/Sur9.avif\",\"width\":1200,\"height\":790},{\"@type\":\"BreadcrumbList\",\"@id\":\"https:\\\/\\\/zbrojowniamodlin.pl\\\/en\\\/szkolenia\\\/thematic-training\\\/przetrwalnik-24\\\/#breadcrumb\",\"itemListElement\":[{\"@type\":\"ListItem\",\"position\":1,\"name\":\"Strona g\u0142\u00f3wna\",\"item\":\"https:\\\/\\\/zbrojowniamodlin.pl\\\/en\\\/\"},{\"@type\":\"ListItem\",\"position\":2,\"name\":\"Store\",\"item\":\"https:\\\/\\\/zbrojowniamodlin.pl\\\/en\\\/shop\\\/\"},{\"@type\":\"ListItem\",\"position\":3,\"name\":\"Przetrwalnik 24\"}]},{\"@type\":\"WebSite\",\"@id\":\"https:\\\/\\\/zbrojowniamodlin.pl\\\/en\\\/#website\",\"url\":\"https:\\\/\\\/zbrojowniamodlin.pl\\\/en\\\/\",\"name\":\"Zbrojownia Modlin\",\"description\":\"Zbrojownia Modlin\",\"inLanguage\":\"en-US\"}]}<\/script>\n<!-- \/ Yoast SEO plugin. -->","yoast_head_json":{"title":"Przetrwalnik 24 - Zbrojownia Modlin","description":"Przetrwalnik 24 to praktyczna wiedza, kt\u00f3ra zdobyta w zaledwie 1 doby zwi\u0119ksza Twoj\u0105 odporno\u015b\u0107 na nieprzewidziane sytuacje i uczy samodzielno\u015bci","robots":{"index":"index","follow":"follow","max-snippet":"max-snippet:-1","max-image-preview":"max-image-preview:large","max-video-preview":"max-video-preview:-1"},"canonical":"https:\/\/zbrojowniamodlin.pl\/en\/szkolenia\/thematic-training\/przetrwalnik-24\/","og_locale":"en_US","og_type":"article","og_title":"Przetrwalnik 24 - Zbrojownia Modlin","og_description":"Przetrwalnik 24 to praktyczna wiedza, kt\u00f3ra zdobyta w zaledwie 1 doby zwi\u0119ksza Twoj\u0105 odporno\u015b\u0107 na nieprzewidziane sytuacje i uczy samodzielno\u015bci","og_url":"https:\/\/zbrojowniamodlin.pl\/en\/szkolenia\/thematic-training\/przetrwalnik-24\/","og_site_name":"Zbrojownia Modlin","article_modified_time":"2025-10-01T07:52:35+00:00","twitter_card":"summary_large_image","twitter_misc":{"Est. reading time":"3 minutes"},"schema":{"@context":"https:\/\/schema.org","@graph":[{"@type":"WebPage","@id":"https:\/\/zbrojowniamodlin.pl\/en\/szkolenia\/thematic-training\/przetrwalnik-24\/","url":"https:\/\/zbrojowniamodlin.pl\/en\/szkolenia\/thematic-training\/przetrwalnik-24\/","name":"Przetrwalnik 24 - Zbrojownia Modlin","isPartOf":{"@id":"https:\/\/zbrojowniamodlin.pl\/en\/#website"},"primaryImageOfPage":{"@id":"https:\/\/zbrojowniamodlin.pl\/en\/szkolenia\/thematic-training\/przetrwalnik-24\/#primaryimage"},"image":{"@id":"https:\/\/zbrojowniamodlin.pl\/en\/szkolenia\/thematic-training\/przetrwalnik-24\/#primaryimage"},"thumbnailUrl":"https:\/\/zbrojowniamodlin.pl\/wp-content\/uploads\/2025\/10\/Sur9.avif","datePublished":"2025-10-01T07:35:27+00:00","dateModified":"2025-10-01T07:52:35+00:00","description":"Przetrwalnik 24 to praktyczna wiedza, kt\u00f3ra zdobyta w zaledwie 1 doby zwi\u0119ksza Twoj\u0105 odporno\u015b\u0107 na nieprzewidziane sytuacje i uczy samodzielno\u015bci","breadcrumb":{"@id":"https:\/\/zbrojowniamodlin.pl\/en\/szkolenia\/thematic-training\/przetrwalnik-24\/#breadcrumb"},"inLanguage":"en-US","potentialAction":[{"@type":"ReadAction","target":["https:\/\/zbrojowniamodlin.pl\/en\/szkolenia\/thematic-training\/przetrwalnik-24\/"]}]},{"@type":"ImageObject","inLanguage":"en-US","@id":"https:\/\/zbrojowniamodlin.pl\/en\/szkolenia\/thematic-training\/przetrwalnik-24\/#primaryimage","url":"https:\/\/zbrojowniamodlin.pl\/wp-content\/uploads\/2025\/10\/Sur9.avif","contentUrl":"https:\/\/zbrojowniamodlin.pl\/wp-content\/uploads\/2025\/10\/Sur9.avif","width":1200,"height":790},{"@type":"BreadcrumbList","@id":"https:\/\/zbrojowniamodlin.pl\/en\/szkolenia\/thematic-training\/przetrwalnik-24\/#breadcrumb","itemListElement":[{"@type":"ListItem","position":1,"name":"Strona g\u0142\u00f3wna","item":"https:\/\/zbrojowniamodlin.pl\/en\/"},{"@type":"ListItem","position":2,"name":"Store","item":"https:\/\/zbrojowniamodlin.pl\/en\/shop\/"},{"@type":"ListItem","position":3,"name":"Przetrwalnik 24"}]},{"@type":"WebSite","@id":"https:\/\/zbrojowniamodlin.pl\/en\/#website","url":"https:\/\/zbrojowniamodlin.pl\/en\/","name":"Zbrojownia Modlin","description":"Zbrojownia Modlin","inLanguage":"en-US"}]}},"_links":{"self":[{"href":"https:\/\/zbrojowniamodlin.pl\/en\/wp-json\/wp\/v2\/product\/136953","targetHints":{"allow":["GET"]}}],"collection":[{"href":"https:\/\/zbrojowniamodlin.pl\/en\/wp-json\/wp\/v2\/product"}],"about":[{"href":"https:\/\/zbrojowniamodlin.pl\/en\/wp-json\/wp\/v2\/types\/product"}],"wp:featuredmedia":[{"embeddable":true,"href":"https:\/\/zbrojowniamodlin.pl\/en\/wp-json\/wp\/v2\/media\/136944"}],"wp:attachment":[{"href":"https:\/\/zbrojowniamodlin.pl\/en\/wp-json\/wp\/v2\/media?parent=136953"}],"wp:term":[{"taxonomy":"product_brand","embeddable":true,"href":"https:\/\/zbrojowniamodlin.pl\/en\/wp-json\/wp\/v2\/product_brand?post=136953"},{"taxonomy":"product_cat","embeddable":true,"href":"https:\/\/zbrojowniamodlin.pl\/en\/wp-json\/wp\/v2\/product_cat?post=136953"},{"taxonomy":"product_tag","embeddable":true,"href":"https:\/\/zbrojowniamodlin.pl\/en\/wp-json\/wp\/v2\/product_tag?post=136953"}],"curies":[{"name":"wp","href":"https:\/\/api.w.org\/{rel}","templated":true}]}}