{"id":136520,"date":"2025-09-13T15:34:00","date_gmt":"2025-09-13T13:34:00","guid":{"rendered":"https:\/\/zbrojowniamodlin.pl\/?post_type=product&#038;p=136520"},"modified":"2025-11-30T10:46:40","modified_gmt":"2025-11-30T09:46:40","slug":"instruktor-strzelectwa-pzss","status":"publish","type":"product","link":"https:\/\/zbrojowniamodlin.pl\/en\/szkolenia\/pzss-shooting-instructor\/instruktor-strzelectwa-pzss\/","title":{"rendered":"Instruktor Strzelectwa PZSS"},"content":{"rendered":"<p>? Zapraszamy na <strong>Kurs Instruktora Strzelectwa Sportowego PZSS,<\/strong> realizowany we wsp\u00f3\u0142pracy z Polskim Zwi\u0105zkiem Strzelectwa Sportowego\u203c\ufe0f<\/p>\n<p>Kurs realizowany jest zgodnie z wytycznymi PZSS i umo\u017cliwia uzyskanie uprawnie\u0144 trenera PZSS.<\/p>\n<p>Zaj\u0119cia prowadzimy w Nowym Dworze Mazowieckim pod Warszaw\u0105.<\/p>\n<p>? <strong>Dlaczego z nami?<\/strong><br \/>\n&#8211; pomagamy z przygotowaniem ca\u0142ej dokumentacji<br \/>\n&#8211; zapewniamy znakomit\u0105 kadr\u0119 nauczycielsk\u0105, w tym trener\u00f3w kadry narodowej<br \/>\n&#8211; gwarantujemy elastyczne podej\u015bcie i przyjazn\u0105 atmosfer\u0119 podczas zaj\u0119\u0107.<\/p>\n<p>Legitymacja Instruktora Strzelectwa Sportowego PZSS daje mo\u017cliwo\u015b\u0107 zatrudnienia m.in. w: zwi\u0105zkach sportowych, o\u015brodkach sportu i rekreacji, o\u015brodkach kultury, r\u00f3\u017cnego rodzaju klubach sportowych i rekreacyjnych, a tak\u017ce klubach komercyjnych. Ponadto osoba posiadaj\u0105ca ww. kurs mo\u017ce wsp\u00f3\u0142pracowa\u0107 przy wszelkiego rodzaju projektach strzeleckich realizowanych w ramach PZSS, przy kt\u00f3rych wymagane jest wykazanie przez instruktora uprawnie\u0144 PZSS.<\/p>\n<p>Wytyczne, wymogi i regulamin udzia\u0142u w zaj\u0119ciach znajdziesz na stronie PZSS https:\/\/www.pzss.org.pl\/szkolenie\/trenerzy-i-instruktorzy<\/p>\n<p>? <strong>Wymagania dla kandydat\u00f3w na instruktor\u00f3w<\/strong>:<\/p>\n<p>&#8211; uko\u0144czone 18 lat<br \/>\n&#8211; minimum \u015brednie wykszta\u0142cenie<br \/>\n&#8211; cz\u0142onkostwo w stowarzyszeniu strzeleckim, posiadanie patentu strzeleckiego i licencji zawodniczej PZSS<br \/>\n&#8211; o\u015bwiadczenie o niekaralno\u015bci<br \/>\n&#8211; zdj\u0119cie o wymiarach 3,5\u00d74,5cm<br \/>\n&#8211; za\u015bwiadczenie lekarskie o braku przeciwwskaza\u0144 do pracy w charakterze instruktora strzelectwa.<\/p>\n<p>? <strong>Plan kursu<\/strong> (zgodnie z wytycznymi Polskiego Zwi\u0105zku Strzelectwa Sportowego) obejmuje:<\/p>\n<p>? Cze\u015b\u0107 og\u00f3lna przedmioty podstawowe<\/p>\n<p>Anatomia<br \/>\nAntropologia<br \/>\nBiochemia<br \/>\nBiomechanika<br \/>\nFizjologia<br \/>\nMedycyna sportowa, doping w sporcie<br \/>\nPedagogika<br \/>\nPsychologia i odnowa psychiczna<br \/>\nSocjologia<\/p>\n<p>? Cz\u0119\u015b\u0107 og\u00f3lna przedmioty kierunkowe<\/p>\n<p>Teoria sportu<br \/>\nTeoria treningu sportowego<br \/>\nFizjologia wysi\u0142ku sportowego<br \/>\nOdnowa biologiczna<br \/>\nOrganizacja i zarz\u0105dzanie<br \/>\nZarz\u0105dzanie klubem sportowym<br \/>\nNowoczesne technologie wykorzystania w treningu i zawodach<br \/>\n\u017bywienie sportowca<\/p>\n<p>? Cz\u0119\u015b\u0107 specjalistyczna<\/p>\n<p>Historia strzelectwa sportowego<br \/>\nOrganizacja strzelectwa sportowego<br \/>\nZagadnienia bezpiecze\u0144stwa w prowadzeniu zaj\u0119\u0107 i trening\u00f3w strzeleckich<br \/>\nNauka o broni i amunicji<br \/>\nBudowa i wyposa\u017cenie strzelnic<br \/>\nPrzygotowanie pedagogiczne instruktora<br \/>\nDob\u00f3r i selekcja kandydat\u00f3w do sportu strzeleckiego. Organizacja procesu szkolenia<br \/>\nPrzygotowanie techniczne zawodnika<br \/>\nMetodyka nauczania<br \/>\nPraktyczne nauczanie strzelania poszczeg\u00f3lnych konkurencji strzeleckich<br \/>\nPlanowanie szkolenia sportowego<br \/>\nKontrola procesu szkolenia<br \/>\nTechniczne \u015brodki wspierania w prowadzeniu szkolenia<br \/>\nPraktyka prowadzenia zaj\u0119\u0107 treningowych<br \/>\nProwadzenie dokumentacji w strzelectwie<br \/>\nPrzygotowanie taktyczne w strzelectwie sportowym<br \/>\nPrzygotowanie psychiczne<br \/>\nPrzygotowanie sprawno\u015bciowe<br \/>\nOrganizacja zgrupowa\u0144 sportowych<br \/>\nOrganizacja zawod\u00f3w strzeleckich<br \/>\nPrzepisy i regulaminy strzela\u0144<br \/>\nProwadzenie obserwacji na treningu i zawodach<br \/>\nStrzelanie kontrolne konkurencji<br \/>\nPierwsza pomoc przedlekarska<br \/>\nZaj\u0119cia indywidualne<br \/>\nPraktyki w klubie<\/p>\n<p><strong>? Kalendarz kursu 2025\/2026<\/strong>*:<\/p>\n<table width=\"514\">\n<tbody>\n<tr>\n<td width=\"133\">15 listopada<\/td>\n<td width=\"381\">Anatomia<\/td>\n<\/tr>\n<tr>\n<td><\/td>\n<td width=\"381\">Antropologia<\/td>\n<\/tr>\n<tr>\n<td><\/td>\n<td width=\"381\">Biochemia<\/td>\n<\/tr>\n<tr>\n<td>16 listopada<\/td>\n<td width=\"381\">Biomechanika<\/td>\n<\/tr>\n<tr>\n<td><\/td>\n<td width=\"381\">Fizjologia<\/td>\n<\/tr>\n<tr>\n<td><\/td>\n<td width=\"381\">Medycyna sportowa, doping w sporcie<\/td>\n<\/tr>\n<tr>\n<td><\/td>\n<td width=\"381\"><\/td>\n<\/tr>\n<tr>\n<td>6 grudnia<\/td>\n<td width=\"381\">Psychologia i odnowa psychiczna<\/td>\n<\/tr>\n<tr>\n<td><\/td>\n<td width=\"381\">Socjologia<\/td>\n<\/tr>\n<tr>\n<td>7 grudnia<\/td>\n<td width=\"381\">Pedagogika<\/td>\n<\/tr>\n<tr>\n<td><\/td>\n<td width=\"381\">Teoria sportu<\/td>\n<\/tr>\n<tr>\n<td><\/td>\n<td><\/td>\n<\/tr>\n<tr>\n<td>13 grudnia<\/td>\n<td>Teoria sportu<\/td>\n<\/tr>\n<tr>\n<td><\/td>\n<td width=\"381\">Teoria treningu sportowego<\/td>\n<\/tr>\n<tr>\n<td>14 grudnia<\/td>\n<td width=\"381\">Odnowa biologiczna<\/td>\n<\/tr>\n<tr>\n<td><\/td>\n<td width=\"381\">\u017bywienie sportowca<\/td>\n<\/tr>\n<tr>\n<td><\/td>\n<td width=\"381\">Fizjologia wysi\u0142ku sportowego<\/td>\n<\/tr>\n<tr>\n<td><\/td>\n<td width=\"381\"><\/td>\n<\/tr>\n<tr>\n<td>10 stycznia<\/td>\n<td width=\"381\">Fizjologia wysi\u0142ku sportowego<\/td>\n<\/tr>\n<tr>\n<td><\/td>\n<td width=\"381\">Prowadzenie dokumentacji w strzelectwie<\/td>\n<\/tr>\n<tr>\n<td><\/td>\n<td width=\"381\">Pierwsza pomoc przedlekarska<\/td>\n<\/tr>\n<tr>\n<td>11 stycznia<\/td>\n<td width=\"381\">Zaj\u0119cia indywidualne<\/td>\n<\/tr>\n<tr>\n<td><\/td>\n<td width=\"381\">Praktyki w klubie<\/td>\n<\/tr>\n<tr>\n<td><\/td>\n<td><\/td>\n<\/tr>\n<tr>\n<td>17 stycznia<\/td>\n<td width=\"381\">Dob\u00f3r i selekcja kandydat\u00f3w do sportu strzeleckiego. Organizacja procesu szkolenia<\/td>\n<\/tr>\n<tr>\n<td><\/td>\n<td width=\"381\">Nowoczesne technologie wykorzystania w treningu i zawodach<\/td>\n<\/tr>\n<tr>\n<td><\/td>\n<td width=\"381\">Historia strzelectwa sportowego<\/td>\n<\/tr>\n<tr>\n<td><\/td>\n<td width=\"381\">Organizacja strzelectwa sportowego<\/td>\n<\/tr>\n<tr>\n<td>18 stycznia<\/td>\n<td width=\"381\">Zagadnienia bezpiecze\u0144stwa w prowadzeniu zaj\u0119\u0107 i trening\u00f3w strzeleckich<\/td>\n<\/tr>\n<tr>\n<td><\/td>\n<td width=\"381\">Nauka o broni i amunicji<\/td>\n<\/tr>\n<tr>\n<td><\/td>\n<td width=\"381\">Kontrola procesu szkolenia<\/td>\n<\/tr>\n<tr>\n<td><\/td>\n<td width=\"381\">Kontrola procesu szkolenia<\/td>\n<\/tr>\n<tr>\n<td><\/td>\n<td><\/td>\n<\/tr>\n<tr>\n<td>14 lutego<\/td>\n<td width=\"381\">Przygotowanie techniczne zawodnika<\/td>\n<\/tr>\n<tr>\n<td><\/td>\n<td width=\"381\">Metodyka nauczania<\/td>\n<\/tr>\n<tr>\n<td><\/td>\n<td width=\"381\">Metodyka nauczania \u0107wiczenia<\/td>\n<\/tr>\n<tr>\n<td>15 lutego<\/td>\n<td width=\"381\">Planowanie szkolenia sportowego<\/td>\n<\/tr>\n<tr>\n<td><\/td>\n<td width=\"381\">Prowadzenie obserwacji na treningu i zawodach<\/td>\n<\/tr>\n<tr>\n<td><\/td>\n<td width=\"381\">Prowadzenie obserwacji na treningu i zawodach<\/td>\n<\/tr>\n<tr>\n<td><\/td>\n<td><\/td>\n<\/tr>\n<tr>\n<td>21 lutego<\/td>\n<td width=\"381\">Strzelanie kontrolne konkurencji<\/td>\n<\/tr>\n<tr>\n<td><\/td>\n<td width=\"381\">Przygotowanie pedagogiczne instruktora<\/td>\n<\/tr>\n<tr>\n<td><\/td>\n<td width=\"381\">Zarz\u0105dzanie klubem sportowym<\/td>\n<\/tr>\n<tr>\n<td>22 lutego<\/td>\n<td width=\"381\">Praktyka prowadzenia zaj\u0119\u0107 treningowych<\/td>\n<\/tr>\n<tr>\n<td><\/td>\n<td width=\"381\">Budowa i wyposa\u017cenie strzelnic<\/td>\n<\/tr>\n<tr>\n<td><\/td>\n<td><\/td>\n<\/tr>\n<tr>\n<td>7 marca<\/td>\n<td width=\"381\">Prowadzenie dokumentacji w strzelectwie<\/td>\n<\/tr>\n<tr>\n<td><\/td>\n<td width=\"381\">Praktyczne nauczanie strzelania poszczeg\u00f3lnych konkurencji strzeleckich<\/td>\n<\/tr>\n<tr>\n<td>8 marca<\/td>\n<td width=\"381\">Przygotowanie taktyczne w strzelectwie sportowym<\/td>\n<\/tr>\n<tr>\n<td><\/td>\n<td width=\"381\">Przygotowanie psychiczne<\/td>\n<\/tr>\n<tr>\n<td><\/td>\n<td width=\"381\">Przygotowanie sprawno\u015bciowe<\/td>\n<\/tr>\n<tr>\n<td><\/td>\n<td><\/td>\n<\/tr>\n<tr>\n<td>21 marca<\/td>\n<td>Przygotowanie sprawno\u015bciowe<\/td>\n<\/tr>\n<tr>\n<td><\/td>\n<td width=\"381\">Organizacja zgrupowa\u0144 sportowych<\/td>\n<\/tr>\n<tr>\n<td><\/td>\n<td width=\"381\">Organizacja zawod\u00f3w strzeleckich<\/td>\n<\/tr>\n<tr>\n<td><\/td>\n<td width=\"381\">Przepisy i regulaminy strzela\u0144<\/td>\n<\/tr>\n<tr>\n<td>22 marca<\/td>\n<td width=\"381\">Organizacja zawod\u00f3w strzeleckich<\/td>\n<\/tr>\n<tr>\n<td><\/td>\n<td width=\"381\">Organizacja i zarz\u0105dzanie<\/td>\n<\/tr>\n<tr>\n<td><\/td>\n<td width=\"381\">Techniczne \u015brodki wspierania w prowadzeniu szkolenia<\/td>\n<\/tr>\n<\/tbody>\n<\/table>\n<p>* w uzasadnionych przypadkach, organizator zastrzega sobie prawo zmiany termin\u00f3w zaj\u0119\u0107 w trakcie trwania kursu<\/p>\n","protected":false},"excerpt":{"rendered":"<p>? Zapraszamy na Kurs Instruktora Strzelectwa Sportowego PZSS, realizowany we wsp\u00f3\u0142pracy z Polskim Zwi\u0105zkiem Strzelectwa Sportowego\u203c\ufe0f Kurs realizowany jest zgodnie z wytycznymi PZSS i umo\u017cliwia uzyskanie uprawnie\u0144 trenera PZSS. Zaj\u0119cia prowadzimy w Nowym Dworze Mazowieckim pod Warszaw\u0105. ? Dlaczego z nami? &#8211; pomagamy z przygotowaniem ca\u0142ej dokumentacji &#8211; zapewniamy znakomit\u0105 kadr\u0119 nauczycielsk\u0105, w tym trener\u00f3w [&hellip;]<\/p>\n","protected":false},"featured_media":136521,"template":"","meta":[],"product_brand":[],"product_cat":[350],"product_tag":[],"class_list":{"0":"post-136520","1":"product","2":"type-product","3":"status-publish","4":"has-post-thumbnail","6":"product_cat-instruktor","8":"first","9":"outofstock","10":"shipping-taxable","11":"purchasable","12":"product-type-simple"},"yoast_head":"<!-- This site is optimized with the Yoast SEO plugin v27.4 - https:\/\/yoast.com\/product\/yoast-seo-wordpress\/ -->\n<title>Instruktor Strzelectwa PZSS - Zbrojownia Modlin<\/title>\n<meta name=\"description\" content=\"Zapraszamy na Kurs Instruktor Strzelectwa Sportowego realizowany we wsp\u00f3\u0142pracy z Polskim Zwi\u0105zkiem Strzelectwa Sportowego.\" \/>\n<meta name=\"robots\" content=\"index, follow, max-snippet:-1, max-image-preview:large, max-video-preview:-1\" \/>\n<link rel=\"canonical\" href=\"https:\/\/zbrojowniamodlin.pl\/en\/szkolenia\/pzss-shooting-instructor\/instruktor-strzelectwa-pzss\/\" \/>\n<meta property=\"og:locale\" content=\"en_US\" \/>\n<meta property=\"og:type\" content=\"article\" \/>\n<meta property=\"og:title\" content=\"Instruktor Strzelectwa PZSS - Zbrojownia Modlin\" \/>\n<meta property=\"og:description\" content=\"Zapraszamy na Kurs Instruktor Strzelectwa Sportowego realizowany we wsp\u00f3\u0142pracy z Polskim Zwi\u0105zkiem Strzelectwa Sportowego.\" \/>\n<meta property=\"og:url\" content=\"https:\/\/zbrojowniamodlin.pl\/en\/szkolenia\/pzss-shooting-instructor\/instruktor-strzelectwa-pzss\/\" \/>\n<meta property=\"og:site_name\" content=\"Zbrojownia Modlin\" \/>\n<meta property=\"article:modified_time\" content=\"2025-11-30T09:46:40+00:00\" \/>\n<meta property=\"og:image\" content=\"https:\/\/zbrojowniamodlin.pl\/wp-content\/uploads\/2025\/09\/542132835_1265382608935485_5987352888018331400_n.jpg\" \/>\n\t<meta property=\"og:image:width\" content=\"2048\" \/>\n\t<meta property=\"og:image:height\" content=\"1365\" \/>\n\t<meta property=\"og:image:type\" content=\"image\/jpeg\" \/>\n<meta name=\"twitter:card\" content=\"summary_large_image\" \/>\n<meta name=\"twitter:label1\" content=\"Est. reading time\" \/>\n\t<meta name=\"twitter:data1\" content=\"4 minutes\" \/>\n<script type=\"application\/ld+json\" class=\"yoast-schema-graph\">{\"@context\":\"https:\\\/\\\/schema.org\",\"@graph\":[{\"@type\":\"WebPage\",\"@id\":\"https:\\\/\\\/zbrojowniamodlin.pl\\\/en\\\/szkolenia\\\/pzss-shooting-instructor\\\/instruktor-strzelectwa-pzss\\\/\",\"url\":\"https:\\\/\\\/zbrojowniamodlin.pl\\\/en\\\/szkolenia\\\/pzss-shooting-instructor\\\/instruktor-strzelectwa-pzss\\\/\",\"name\":\"Instruktor Strzelectwa PZSS - Zbrojownia Modlin\",\"isPartOf\":{\"@id\":\"https:\\\/\\\/zbrojowniamodlin.pl\\\/en\\\/#website\"},\"primaryImageOfPage\":{\"@id\":\"https:\\\/\\\/zbrojowniamodlin.pl\\\/en\\\/szkolenia\\\/pzss-shooting-instructor\\\/instruktor-strzelectwa-pzss\\\/#primaryimage\"},\"image\":{\"@id\":\"https:\\\/\\\/zbrojowniamodlin.pl\\\/en\\\/szkolenia\\\/pzss-shooting-instructor\\\/instruktor-strzelectwa-pzss\\\/#primaryimage\"},\"thumbnailUrl\":\"https:\\\/\\\/zbrojowniamodlin.pl\\\/wp-content\\\/uploads\\\/2025\\\/09\\\/542132835_1265382608935485_5987352888018331400_n.jpg\",\"datePublished\":\"2025-09-13T13:34:00+00:00\",\"dateModified\":\"2025-11-30T09:46:40+00:00\",\"description\":\"Zapraszamy na Kurs Instruktor Strzelectwa Sportowego realizowany we wsp\u00f3\u0142pracy z Polskim Zwi\u0105zkiem Strzelectwa Sportowego.\",\"breadcrumb\":{\"@id\":\"https:\\\/\\\/zbrojowniamodlin.pl\\\/en\\\/szkolenia\\\/pzss-shooting-instructor\\\/instruktor-strzelectwa-pzss\\\/#breadcrumb\"},\"inLanguage\":\"en-US\",\"potentialAction\":[{\"@type\":\"ReadAction\",\"target\":[\"https:\\\/\\\/zbrojowniamodlin.pl\\\/en\\\/szkolenia\\\/pzss-shooting-instructor\\\/instruktor-strzelectwa-pzss\\\/\"]}]},{\"@type\":\"ImageObject\",\"inLanguage\":\"en-US\",\"@id\":\"https:\\\/\\\/zbrojowniamodlin.pl\\\/en\\\/szkolenia\\\/pzss-shooting-instructor\\\/instruktor-strzelectwa-pzss\\\/#primaryimage\",\"url\":\"https:\\\/\\\/zbrojowniamodlin.pl\\\/wp-content\\\/uploads\\\/2025\\\/09\\\/542132835_1265382608935485_5987352888018331400_n.jpg\",\"contentUrl\":\"https:\\\/\\\/zbrojowniamodlin.pl\\\/wp-content\\\/uploads\\\/2025\\\/09\\\/542132835_1265382608935485_5987352888018331400_n.jpg\",\"width\":2048,\"height\":1365},{\"@type\":\"BreadcrumbList\",\"@id\":\"https:\\\/\\\/zbrojowniamodlin.pl\\\/en\\\/szkolenia\\\/pzss-shooting-instructor\\\/instruktor-strzelectwa-pzss\\\/#breadcrumb\",\"itemListElement\":[{\"@type\":\"ListItem\",\"position\":1,\"name\":\"Strona g\u0142\u00f3wna\",\"item\":\"https:\\\/\\\/zbrojowniamodlin.pl\\\/en\\\/\"},{\"@type\":\"ListItem\",\"position\":2,\"name\":\"Store\",\"item\":\"https:\\\/\\\/zbrojowniamodlin.pl\\\/en\\\/shop\\\/\"},{\"@type\":\"ListItem\",\"position\":3,\"name\":\"Instruktor Strzelectwa PZSS\"}]},{\"@type\":\"WebSite\",\"@id\":\"https:\\\/\\\/zbrojowniamodlin.pl\\\/en\\\/#website\",\"url\":\"https:\\\/\\\/zbrojowniamodlin.pl\\\/en\\\/\",\"name\":\"Zbrojownia Modlin\",\"description\":\"Zbrojownia Modlin\",\"inLanguage\":\"en-US\"}]}<\/script>\n<!-- \/ Yoast SEO plugin. -->","yoast_head_json":{"title":"Instruktor Strzelectwa PZSS - Zbrojownia Modlin","description":"Zapraszamy na Kurs Instruktor Strzelectwa Sportowego realizowany we wsp\u00f3\u0142pracy z Polskim Zwi\u0105zkiem Strzelectwa Sportowego.","robots":{"index":"index","follow":"follow","max-snippet":"max-snippet:-1","max-image-preview":"max-image-preview:large","max-video-preview":"max-video-preview:-1"},"canonical":"https:\/\/zbrojowniamodlin.pl\/en\/szkolenia\/pzss-shooting-instructor\/instruktor-strzelectwa-pzss\/","og_locale":"en_US","og_type":"article","og_title":"Instruktor Strzelectwa PZSS - Zbrojownia Modlin","og_description":"Zapraszamy na Kurs Instruktor Strzelectwa Sportowego realizowany we wsp\u00f3\u0142pracy z Polskim Zwi\u0105zkiem Strzelectwa Sportowego.","og_url":"https:\/\/zbrojowniamodlin.pl\/en\/szkolenia\/pzss-shooting-instructor\/instruktor-strzelectwa-pzss\/","og_site_name":"Zbrojownia Modlin","article_modified_time":"2025-11-30T09:46:40+00:00","og_image":[{"width":2048,"height":1365,"url":"https:\/\/zbrojowniamodlin.pl\/wp-content\/uploads\/2025\/09\/542132835_1265382608935485_5987352888018331400_n.jpg","type":"image\/jpeg"}],"twitter_card":"summary_large_image","twitter_misc":{"Est. reading time":"4 minutes"},"schema":{"@context":"https:\/\/schema.org","@graph":[{"@type":"WebPage","@id":"https:\/\/zbrojowniamodlin.pl\/en\/szkolenia\/pzss-shooting-instructor\/instruktor-strzelectwa-pzss\/","url":"https:\/\/zbrojowniamodlin.pl\/en\/szkolenia\/pzss-shooting-instructor\/instruktor-strzelectwa-pzss\/","name":"Instruktor Strzelectwa PZSS - Zbrojownia Modlin","isPartOf":{"@id":"https:\/\/zbrojowniamodlin.pl\/en\/#website"},"primaryImageOfPage":{"@id":"https:\/\/zbrojowniamodlin.pl\/en\/szkolenia\/pzss-shooting-instructor\/instruktor-strzelectwa-pzss\/#primaryimage"},"image":{"@id":"https:\/\/zbrojowniamodlin.pl\/en\/szkolenia\/pzss-shooting-instructor\/instruktor-strzelectwa-pzss\/#primaryimage"},"thumbnailUrl":"https:\/\/zbrojowniamodlin.pl\/wp-content\/uploads\/2025\/09\/542132835_1265382608935485_5987352888018331400_n.jpg","datePublished":"2025-09-13T13:34:00+00:00","dateModified":"2025-11-30T09:46:40+00:00","description":"Zapraszamy na Kurs Instruktor Strzelectwa Sportowego realizowany we wsp\u00f3\u0142pracy z Polskim Zwi\u0105zkiem Strzelectwa Sportowego.","breadcrumb":{"@id":"https:\/\/zbrojowniamodlin.pl\/en\/szkolenia\/pzss-shooting-instructor\/instruktor-strzelectwa-pzss\/#breadcrumb"},"inLanguage":"en-US","potentialAction":[{"@type":"ReadAction","target":["https:\/\/zbrojowniamodlin.pl\/en\/szkolenia\/pzss-shooting-instructor\/instruktor-strzelectwa-pzss\/"]}]},{"@type":"ImageObject","inLanguage":"en-US","@id":"https:\/\/zbrojowniamodlin.pl\/en\/szkolenia\/pzss-shooting-instructor\/instruktor-strzelectwa-pzss\/#primaryimage","url":"https:\/\/zbrojowniamodlin.pl\/wp-content\/uploads\/2025\/09\/542132835_1265382608935485_5987352888018331400_n.jpg","contentUrl":"https:\/\/zbrojowniamodlin.pl\/wp-content\/uploads\/2025\/09\/542132835_1265382608935485_5987352888018331400_n.jpg","width":2048,"height":1365},{"@type":"BreadcrumbList","@id":"https:\/\/zbrojowniamodlin.pl\/en\/szkolenia\/pzss-shooting-instructor\/instruktor-strzelectwa-pzss\/#breadcrumb","itemListElement":[{"@type":"ListItem","position":1,"name":"Strona g\u0142\u00f3wna","item":"https:\/\/zbrojowniamodlin.pl\/en\/"},{"@type":"ListItem","position":2,"name":"Store","item":"https:\/\/zbrojowniamodlin.pl\/en\/shop\/"},{"@type":"ListItem","position":3,"name":"Instruktor Strzelectwa PZSS"}]},{"@type":"WebSite","@id":"https:\/\/zbrojowniamodlin.pl\/en\/#website","url":"https:\/\/zbrojowniamodlin.pl\/en\/","name":"Zbrojownia Modlin","description":"Zbrojownia Modlin","inLanguage":"en-US"}]}},"_links":{"self":[{"href":"https:\/\/zbrojowniamodlin.pl\/en\/wp-json\/wp\/v2\/product\/136520","targetHints":{"allow":["GET"]}}],"collection":[{"href":"https:\/\/zbrojowniamodlin.pl\/en\/wp-json\/wp\/v2\/product"}],"about":[{"href":"https:\/\/zbrojowniamodlin.pl\/en\/wp-json\/wp\/v2\/types\/product"}],"wp:featuredmedia":[{"embeddable":true,"href":"https:\/\/zbrojowniamodlin.pl\/en\/wp-json\/wp\/v2\/media\/136521"}],"wp:attachment":[{"href":"https:\/\/zbrojowniamodlin.pl\/en\/wp-json\/wp\/v2\/media?parent=136520"}],"wp:term":[{"taxonomy":"product_brand","embeddable":true,"href":"https:\/\/zbrojowniamodlin.pl\/en\/wp-json\/wp\/v2\/product_brand?post=136520"},{"taxonomy":"product_cat","embeddable":true,"href":"https:\/\/zbrojowniamodlin.pl\/en\/wp-json\/wp\/v2\/product_cat?post=136520"},{"taxonomy":"product_tag","embeddable":true,"href":"https:\/\/zbrojowniamodlin.pl\/en\/wp-json\/wp\/v2\/product_tag?post=136520"}],"curies":[{"name":"wp","href":"https:\/\/api.w.org\/{rel}","templated":true}]}}