{"id":133310,"date":"2025-04-27T10:54:30","date_gmt":"2025-04-27T08:54:30","guid":{"rendered":"https:\/\/zbrojowniamodlin.pl\/?post_type=product&#038;p=133310"},"modified":"2025-09-19T18:55:35","modified_gmt":"2025-09-19T16:55:35","slug":"kurs-sedziowski-dynamika-statyka","status":"publish","type":"product","link":"https:\/\/zbrojowniamodlin.pl\/en\/szkolenia\/training\/kurs-sedziowski-dynamika-statyka\/","title":{"rendered":"Kurs s\u0119dziowski &#8211; dynamika + statyka"},"content":{"rendered":"<p>? Zapraszamy na kurs s\u0119dziowski, na kt\u00f3rym uzyskasz uprawnienia s\u0119dziowskie lub przed\u0142u\u017cysz licencj\u0119 na kolejny cykl olimpijski.<\/p>\n<p>Zaj\u0119cia poprowadz\u0105 do\u015bwiadczeni wyk\u0142adowcy, trenerzy i praktycy sportu strzeleckiego: Piotr Bojanowski oraz Rafa\u0142 Krauz.<\/p>\n<p><strong>Strzelectwo statyczne<\/strong><strong>\u2935\ufe0f<\/strong><br \/>\nKlasy: Klasa Trzecia, Klasa Druga, Klasa Pierwsza, Klasa Pa\u0144stwowa<br \/>\nDyscypliny: Pistolet, Karabin, Strzelba<\/p>\n<p><strong>Strzelectwo dynamiczne<\/strong><strong>\u2935\ufe0f<\/strong><br \/>\nKlasy: Asystent Range Officer, Range Officer, Chief Range Officer, Range Master<br \/>\nDyscypliny: Pistolet, Karabin, Strzelba<\/p>\n<p>Organizator: ZBROJOWNIA Modlin<br \/>\nMiejscowo\u015b\u0107: Nowy Dw\u00f3r Mazowiecki<br \/>\nUlica: Genera\u0142a Wiktora Thomm\u00e9e 1A<br \/>\nOrganizator &#8211; email: <a href=\"mailto:biuro@zbrojowniamodlin.pl\">biuro@zbrojowniamodlin.pl<\/a><br \/>\nOrganizator &#8211; telefon: 788999303<\/p>\n<p>&nbsp;<\/p>\n<table>\n<tbody>\n<tr>\n<td width=\"28\"><strong>X<\/strong><\/td>\n<td width=\"161\"><strong>strzelectwo sportowe<\/strong><\/td>\n<td width=\"38\"><\/td>\n<td width=\"28\"><strong>X<\/strong><\/td>\n<td width=\"180\"><strong>strzelectwo dynamiczne<\/strong><\/td>\n<td width=\"60\"><\/td>\n<\/tr>\n<\/tbody>\n<\/table>\n<p>&nbsp;<\/p>\n<table>\n<tbody>\n<tr>\n<td width=\"28\">X<\/td>\n<td width=\"75\">pistolet<\/td>\n<td width=\"101\"><\/td>\n<td width=\"28\">X<\/td>\n<td width=\"131\">klasa trzecia<\/td>\n<td width=\"65\"><\/td>\n<td width=\"28\">X<\/td>\n<td width=\"183\">Asystent Range Officer<\/td>\n<\/tr>\n<tr>\n<td width=\"28\">X<\/td>\n<td width=\"75\">karabin<\/td>\n<td width=\"101\"><\/td>\n<td width=\"28\">X<\/td>\n<td width=\"131\">klasa druga<\/td>\n<td width=\"65\"><\/td>\n<td width=\"28\">X<\/td>\n<td width=\"183\">Range Officer<\/td>\n<\/tr>\n<tr>\n<td width=\"28\">X<\/td>\n<td width=\"75\">strzelba<\/td>\n<td width=\"101\"><\/td>\n<td width=\"28\">X<\/td>\n<td width=\"131\">klasa pierwsza<\/td>\n<td width=\"65\"><\/td>\n<td width=\"28\">X<\/td>\n<td width=\"183\">Chief Range Officer<\/td>\n<\/tr>\n<tr>\n<td width=\"28\"><\/td>\n<td width=\"75\"><\/td>\n<td width=\"101\"><\/td>\n<td width=\"28\">X<\/td>\n<td width=\"131\">klasa pa\u0144stwowa<\/td>\n<td width=\"65\"><\/td>\n<td width=\"28\">X<\/td>\n<td width=\"183\">Range Master<\/td>\n<\/tr>\n<\/tbody>\n<\/table>\n<p>&nbsp;<\/p>\n<p><strong>Program kursu cz\u0119\u015bci statycznej<\/strong><\/p>\n<table>\n<tbody>\n<tr>\n<td><strong>Temat:<\/strong><\/td>\n<td><strong>Prowadz\u0105cy szkolenie:<\/strong><\/td>\n<\/tr>\n<tr>\n<td>Przepisy bezpiecze\u0144stwa.<\/td>\n<td>Rafa\u0142 Krauz<\/td>\n<\/tr>\n<tr>\n<td>Regulamin Kolegium S\u0119dzi\u00f3w PZSS.<\/td>\n<td>Rafa\u0142 Krauz<\/td>\n<\/tr>\n<tr>\n<td>Przepisy strzeleckie i regulaminy zawod\u00f3w.<\/td>\n<td>Rafa\u0142 Krauz<\/td>\n<\/tr>\n<tr>\n<td>Przyrz\u0105dy do oceny warto\u015bci przestrzelin w tarczach.<\/td>\n<td>Rafa\u0142 Krauz<\/td>\n<\/tr>\n<tr>\n<td>Urz\u0105dzenia do kontroli ubioru broni i sprz\u0119tu strzeleckiego.<\/td>\n<td>Rafa\u0142 Krauz<\/td>\n<\/tr>\n<tr>\n<td>Tarcze elektroniczne.<\/td>\n<td>Rafa\u0142 Krauz<\/td>\n<\/tr>\n<tr>\n<td>Budowa i dzia\u0142anie broni sportowej.<\/td>\n<td>Rafa\u0142 Krauz<\/td>\n<\/tr>\n<tr>\n<td>Wykonywanie funkcji s\u0119dziowskich na zawodach strzeleckich.<\/td>\n<td>Rafa\u0142 Krauz<\/td>\n<\/tr>\n<tr>\n<td>Kary, protesty, odwo\u0142ania, cz\u0119ste sytuacje sporne.<\/td>\n<td>Rafa\u0142 Krauz<\/td>\n<\/tr>\n<tr>\n<td>Metryczki, komunikaty, skr\u00f3ty klub\u00f3w Praca RTS<\/td>\n<td>Rafa\u0142 Krauz<\/td>\n<\/tr>\n<\/tbody>\n<\/table>\n<p><strong>\u00a0<\/strong><\/p>\n<p><strong>Program kursu cz\u0119\u015bci dynamicznej<\/strong><\/p>\n<table>\n<tbody>\n<tr>\n<td><strong>Temat:<\/strong><\/td>\n<td><strong>Prowadz\u0105cy szkolenie:<\/strong><\/td>\n<\/tr>\n<tr>\n<td>Wprowadzenie do strzelectwa dynamicznego, konkurencje.<\/td>\n<td>Piotr Bojanowski<\/td>\n<\/tr>\n<tr>\n<td>Bezpiecze\u0144stwo w strzelectwie dynamicznym.<\/td>\n<td>Piotr Bojanowski<\/td>\n<\/tr>\n<tr>\n<td>Strzelnica do zawod\u00f3w dynamicznych.<\/td>\n<td>Piotr Bojanowski<\/td>\n<\/tr>\n<tr>\n<td>Wyposa\u017cenie s\u0119dziego.<\/td>\n<td>Piotr Bojanowski<\/td>\n<\/tr>\n<tr>\n<td>Kontrola zawodnika.<\/td>\n<td>Piotr Bojanowski<\/td>\n<\/tr>\n<tr>\n<td>Przebieg na torze.<\/td>\n<td>Piotr Bojanowski<\/td>\n<\/tr>\n<tr>\n<td>Ocena zawodnika.<\/td>\n<td>Piotr Bojanowski<\/td>\n<\/tr>\n<tr>\n<td>Dokumenty i ich obieg podczas zawod\u00f3w.<\/td>\n<td>Piotr Bojanowski<\/td>\n<\/tr>\n<\/tbody>\n<\/table>\n<p>* Warunkiem przyznania licencji s\u0119dziego strzelectwa dynamicznego jest posiadanie licencji s\u0119dziego strzelectwa sportowego (statycznej) co najmniej III klasy.<\/p>\n<p><strong>ZALICZENIE KURSU<\/strong><\/p>\n<p><strong>Cz\u0119\u015b\u0107 statyczna<\/strong>: kurs zostanie zako\u0144czony egzaminem.<\/p>\n<p><strong>Cz\u0119\u015b\u0107 dynamiczna<\/strong>: kurs zostanie zako\u0144czony egzaminem.<\/p>\n<p><strong>CENA KURSU<\/strong><\/p>\n<p>Kurs s\u0119dziego dynamicznego: 350 z\u0142<br \/>\nKurs s\u0119dziego statycznego: 350 z\u0142<br \/>\nKurs s\u0119dziego dynamicznego + statycznego: 600 z\u0142<\/p>\n<p>Rabat dla cz\u0142onk\u00f3w KSK Zbrojownia Modlin: 20%<\/p>\n","protected":false},"excerpt":{"rendered":"<p>? Zapraszamy na kurs s\u0119dziowski, na kt\u00f3rym uzyskasz uprawnienia s\u0119dziowskie lub przed\u0142u\u017cysz licencj\u0119 na kolejny cykl olimpijski. Zaj\u0119cia poprowadz\u0105 do\u015bwiadczeni wyk\u0142adowcy, trenerzy i praktycy sportu strzeleckiego: Piotr Bojanowski oraz Rafa\u0142 Krauz. Strzelectwo statyczne\u2935\ufe0f Klasy: Klasa Trzecia, Klasa Druga, Klasa Pierwsza, Klasa Pa\u0144stwowa Dyscypliny: Pistolet, Karabin, Strzelba Strzelectwo dynamiczne\u2935\ufe0f Klasy: Asystent Range Officer, Range Officer, Chief [&hellip;]<\/p>\n","protected":false},"featured_media":115993,"template":"","meta":[],"product_brand":[],"product_cat":[25],"product_tag":[],"class_list":{"0":"post-133310","1":"product","2":"type-product","3":"status-publish","4":"has-post-thumbnail","6":"product_cat-szkolenia-sedziowskie","8":"first","9":"instock","10":"shipping-taxable","11":"purchasable","12":"product-type-simple"},"yoast_head":"<!-- This site is optimized with the Yoast SEO plugin v27.4 - https:\/\/yoast.com\/product\/yoast-seo-wordpress\/ -->\n<title>Kurs s\u0119dziowski - dynamika + statyka - Zbrojownia Modlin<\/title>\n<meta name=\"robots\" content=\"index, follow, max-snippet:-1, max-image-preview:large, max-video-preview:-1\" \/>\n<link rel=\"canonical\" href=\"https:\/\/zbrojowniamodlin.pl\/en\/szkolenia\/training\/kurs-sedziowski-dynamika-statyka\/\" \/>\n<meta property=\"og:locale\" content=\"en_US\" \/>\n<meta property=\"og:type\" content=\"article\" \/>\n<meta property=\"og:title\" content=\"Kurs s\u0119dziowski - dynamika + statyka - Zbrojownia Modlin\" \/>\n<meta property=\"og:description\" content=\"? Zapraszamy na kurs s\u0119dziowski, na kt\u00f3rym uzyskasz uprawnienia s\u0119dziowskie lub przed\u0142u\u017cysz licencj\u0119 na kolejny cykl olimpijski. Zaj\u0119cia poprowadz\u0105 do\u015bwiadczeni wyk\u0142adowcy, trenerzy i praktycy sportu strzeleckiego: Piotr Bojanowski oraz Rafa\u0142 Krauz. Strzelectwo statyczne\u2935\ufe0f Klasy: Klasa Trzecia, Klasa Druga, Klasa Pierwsza, Klasa Pa\u0144stwowa Dyscypliny: Pistolet, Karabin, Strzelba Strzelectwo dynamiczne\u2935\ufe0f Klasy: Asystent Range Officer, Range Officer, Chief [&hellip;]\" \/>\n<meta property=\"og:url\" content=\"https:\/\/zbrojowniamodlin.pl\/en\/szkolenia\/training\/kurs-sedziowski-dynamika-statyka\/\" \/>\n<meta property=\"og:site_name\" content=\"Zbrojownia Modlin\" \/>\n<meta property=\"article:modified_time\" content=\"2025-09-19T16:55:35+00:00\" \/>\n<meta property=\"og:image\" content=\"https:\/\/zbrojowniamodlin.pl\/wp-content\/uploads\/2024\/08\/wwwzm-4960.jpg\" \/>\n\t<meta property=\"og:image:width\" content=\"1024\" \/>\n\t<meta property=\"og:image:height\" content=\"683\" \/>\n\t<meta property=\"og:image:type\" content=\"image\/jpeg\" \/>\n<meta name=\"twitter:card\" content=\"summary_large_image\" \/>\n<meta name=\"twitter:label1\" content=\"Est. reading time\" \/>\n\t<meta name=\"twitter:data1\" content=\"3 minutes\" \/>\n<script type=\"application\/ld+json\" class=\"yoast-schema-graph\">{\"@context\":\"https:\\\/\\\/schema.org\",\"@graph\":[{\"@type\":\"WebPage\",\"@id\":\"https:\\\/\\\/zbrojowniamodlin.pl\\\/en\\\/szkolenia\\\/training\\\/kurs-sedziowski-dynamika-statyka\\\/\",\"url\":\"https:\\\/\\\/zbrojowniamodlin.pl\\\/en\\\/szkolenia\\\/training\\\/kurs-sedziowski-dynamika-statyka\\\/\",\"name\":\"Kurs s\u0119dziowski - dynamika + statyka - Zbrojownia Modlin\",\"isPartOf\":{\"@id\":\"https:\\\/\\\/zbrojowniamodlin.pl\\\/en\\\/#website\"},\"primaryImageOfPage\":{\"@id\":\"https:\\\/\\\/zbrojowniamodlin.pl\\\/en\\\/szkolenia\\\/training\\\/kurs-sedziowski-dynamika-statyka\\\/#primaryimage\"},\"image\":{\"@id\":\"https:\\\/\\\/zbrojowniamodlin.pl\\\/en\\\/szkolenia\\\/training\\\/kurs-sedziowski-dynamika-statyka\\\/#primaryimage\"},\"thumbnailUrl\":\"https:\\\/\\\/zbrojowniamodlin.pl\\\/wp-content\\\/uploads\\\/2024\\\/08\\\/wwwzm-4960.jpg\",\"datePublished\":\"2025-04-27T08:54:30+00:00\",\"dateModified\":\"2025-09-19T16:55:35+00:00\",\"breadcrumb\":{\"@id\":\"https:\\\/\\\/zbrojowniamodlin.pl\\\/en\\\/szkolenia\\\/training\\\/kurs-sedziowski-dynamika-statyka\\\/#breadcrumb\"},\"inLanguage\":\"en-US\",\"potentialAction\":[{\"@type\":\"ReadAction\",\"target\":[\"https:\\\/\\\/zbrojowniamodlin.pl\\\/en\\\/szkolenia\\\/training\\\/kurs-sedziowski-dynamika-statyka\\\/\"]}]},{\"@type\":\"ImageObject\",\"inLanguage\":\"en-US\",\"@id\":\"https:\\\/\\\/zbrojowniamodlin.pl\\\/en\\\/szkolenia\\\/training\\\/kurs-sedziowski-dynamika-statyka\\\/#primaryimage\",\"url\":\"https:\\\/\\\/zbrojowniamodlin.pl\\\/wp-content\\\/uploads\\\/2024\\\/08\\\/wwwzm-4960.jpg\",\"contentUrl\":\"https:\\\/\\\/zbrojowniamodlin.pl\\\/wp-content\\\/uploads\\\/2024\\\/08\\\/wwwzm-4960.jpg\",\"width\":1024,\"height\":683},{\"@type\":\"BreadcrumbList\",\"@id\":\"https:\\\/\\\/zbrojowniamodlin.pl\\\/en\\\/szkolenia\\\/training\\\/kurs-sedziowski-dynamika-statyka\\\/#breadcrumb\",\"itemListElement\":[{\"@type\":\"ListItem\",\"position\":1,\"name\":\"Strona g\u0142\u00f3wna\",\"item\":\"https:\\\/\\\/zbrojowniamodlin.pl\\\/en\\\/\"},{\"@type\":\"ListItem\",\"position\":2,\"name\":\"Store\",\"item\":\"https:\\\/\\\/zbrojowniamodlin.pl\\\/en\\\/shop\\\/\"},{\"@type\":\"ListItem\",\"position\":3,\"name\":\"Kurs s\u0119dziowski &#8211; dynamika + statyka\"}]},{\"@type\":\"WebSite\",\"@id\":\"https:\\\/\\\/zbrojowniamodlin.pl\\\/en\\\/#website\",\"url\":\"https:\\\/\\\/zbrojowniamodlin.pl\\\/en\\\/\",\"name\":\"Zbrojownia Modlin\",\"description\":\"Zbrojownia Modlin\",\"inLanguage\":\"en-US\"}]}<\/script>\n<!-- \/ Yoast SEO plugin. -->","yoast_head_json":{"title":"Kurs s\u0119dziowski - dynamika + statyka - Zbrojownia Modlin","robots":{"index":"index","follow":"follow","max-snippet":"max-snippet:-1","max-image-preview":"max-image-preview:large","max-video-preview":"max-video-preview:-1"},"canonical":"https:\/\/zbrojowniamodlin.pl\/en\/szkolenia\/training\/kurs-sedziowski-dynamika-statyka\/","og_locale":"en_US","og_type":"article","og_title":"Kurs s\u0119dziowski - dynamika + statyka - Zbrojownia Modlin","og_description":"? Zapraszamy na kurs s\u0119dziowski, na kt\u00f3rym uzyskasz uprawnienia s\u0119dziowskie lub przed\u0142u\u017cysz licencj\u0119 na kolejny cykl olimpijski. Zaj\u0119cia poprowadz\u0105 do\u015bwiadczeni wyk\u0142adowcy, trenerzy i praktycy sportu strzeleckiego: Piotr Bojanowski oraz Rafa\u0142 Krauz. Strzelectwo statyczne\u2935\ufe0f Klasy: Klasa Trzecia, Klasa Druga, Klasa Pierwsza, Klasa Pa\u0144stwowa Dyscypliny: Pistolet, Karabin, Strzelba Strzelectwo dynamiczne\u2935\ufe0f Klasy: Asystent Range Officer, Range Officer, Chief [&hellip;]","og_url":"https:\/\/zbrojowniamodlin.pl\/en\/szkolenia\/training\/kurs-sedziowski-dynamika-statyka\/","og_site_name":"Zbrojownia Modlin","article_modified_time":"2025-09-19T16:55:35+00:00","og_image":[{"width":1024,"height":683,"url":"https:\/\/zbrojowniamodlin.pl\/wp-content\/uploads\/2024\/08\/wwwzm-4960.jpg","type":"image\/jpeg"}],"twitter_card":"summary_large_image","twitter_misc":{"Est. reading time":"3 minutes"},"schema":{"@context":"https:\/\/schema.org","@graph":[{"@type":"WebPage","@id":"https:\/\/zbrojowniamodlin.pl\/en\/szkolenia\/training\/kurs-sedziowski-dynamika-statyka\/","url":"https:\/\/zbrojowniamodlin.pl\/en\/szkolenia\/training\/kurs-sedziowski-dynamika-statyka\/","name":"Kurs s\u0119dziowski - dynamika + statyka - Zbrojownia Modlin","isPartOf":{"@id":"https:\/\/zbrojowniamodlin.pl\/en\/#website"},"primaryImageOfPage":{"@id":"https:\/\/zbrojowniamodlin.pl\/en\/szkolenia\/training\/kurs-sedziowski-dynamika-statyka\/#primaryimage"},"image":{"@id":"https:\/\/zbrojowniamodlin.pl\/en\/szkolenia\/training\/kurs-sedziowski-dynamika-statyka\/#primaryimage"},"thumbnailUrl":"https:\/\/zbrojowniamodlin.pl\/wp-content\/uploads\/2024\/08\/wwwzm-4960.jpg","datePublished":"2025-04-27T08:54:30+00:00","dateModified":"2025-09-19T16:55:35+00:00","breadcrumb":{"@id":"https:\/\/zbrojowniamodlin.pl\/en\/szkolenia\/training\/kurs-sedziowski-dynamika-statyka\/#breadcrumb"},"inLanguage":"en-US","potentialAction":[{"@type":"ReadAction","target":["https:\/\/zbrojowniamodlin.pl\/en\/szkolenia\/training\/kurs-sedziowski-dynamika-statyka\/"]}]},{"@type":"ImageObject","inLanguage":"en-US","@id":"https:\/\/zbrojowniamodlin.pl\/en\/szkolenia\/training\/kurs-sedziowski-dynamika-statyka\/#primaryimage","url":"https:\/\/zbrojowniamodlin.pl\/wp-content\/uploads\/2024\/08\/wwwzm-4960.jpg","contentUrl":"https:\/\/zbrojowniamodlin.pl\/wp-content\/uploads\/2024\/08\/wwwzm-4960.jpg","width":1024,"height":683},{"@type":"BreadcrumbList","@id":"https:\/\/zbrojowniamodlin.pl\/en\/szkolenia\/training\/kurs-sedziowski-dynamika-statyka\/#breadcrumb","itemListElement":[{"@type":"ListItem","position":1,"name":"Strona g\u0142\u00f3wna","item":"https:\/\/zbrojowniamodlin.pl\/en\/"},{"@type":"ListItem","position":2,"name":"Store","item":"https:\/\/zbrojowniamodlin.pl\/en\/shop\/"},{"@type":"ListItem","position":3,"name":"Kurs s\u0119dziowski &#8211; dynamika + statyka"}]},{"@type":"WebSite","@id":"https:\/\/zbrojowniamodlin.pl\/en\/#website","url":"https:\/\/zbrojowniamodlin.pl\/en\/","name":"Zbrojownia Modlin","description":"Zbrojownia Modlin","inLanguage":"en-US"}]}},"_links":{"self":[{"href":"https:\/\/zbrojowniamodlin.pl\/en\/wp-json\/wp\/v2\/product\/133310","targetHints":{"allow":["GET"]}}],"collection":[{"href":"https:\/\/zbrojowniamodlin.pl\/en\/wp-json\/wp\/v2\/product"}],"about":[{"href":"https:\/\/zbrojowniamodlin.pl\/en\/wp-json\/wp\/v2\/types\/product"}],"wp:featuredmedia":[{"embeddable":true,"href":"https:\/\/zbrojowniamodlin.pl\/en\/wp-json\/wp\/v2\/media\/115993"}],"wp:attachment":[{"href":"https:\/\/zbrojowniamodlin.pl\/en\/wp-json\/wp\/v2\/media?parent=133310"}],"wp:term":[{"taxonomy":"product_brand","embeddable":true,"href":"https:\/\/zbrojowniamodlin.pl\/en\/wp-json\/wp\/v2\/product_brand?post=133310"},{"taxonomy":"product_cat","embeddable":true,"href":"https:\/\/zbrojowniamodlin.pl\/en\/wp-json\/wp\/v2\/product_cat?post=133310"},{"taxonomy":"product_tag","embeddable":true,"href":"https:\/\/zbrojowniamodlin.pl\/en\/wp-json\/wp\/v2\/product_tag?post=133310"}],"curies":[{"name":"wp","href":"https:\/\/api.w.org\/{rel}","templated":true}]}}