{"id":130822,"date":"2025-01-20T15:25:39","date_gmt":"2025-01-20T14:25:39","guid":{"rendered":"https:\/\/zbrojowniamodlin.pl\/?post_type=product&#038;p=130822"},"modified":"2025-02-19T13:04:15","modified_gmt":"2025-02-19T12:04:15","slug":"bron-w-filmach","status":"publish","type":"product","link":"https:\/\/zbrojowniamodlin.pl\/en\/szkolenia\/thematic-training\/bron-w-filmach\/","title":{"rendered":"Bro\u0144 w filmach"},"content":{"rendered":"<p><b>Je\u015bli jeste\u015b fanem kina akcji\u2026 to nie mo\u017cesz lepiej trafi\u0107! Poczuj si\u0119 jak gwiazda kina akcji. Sprawd\u017a, jak strzela si\u0119\u00a0ze strzelby, pistolet\u00f3w i karabin\u00f3w. Przywo\u0142ujemy kultowe filmowe sceny, kt\u00f3re wyry\u0142y si\u0119 w pami\u0119ci widz\u00f3w, a nast\u0119pnie ustawiamy ostro\u015b\u0107 naszej uwagi na bro\u0144 wykorzystywan\u0105 w tych scenach!<\/b><\/p>\n<p><span style=\"font-weight: 400;\">Dlaczego w filmach wykorzystywana jest taka, a nie inna bro\u0144? Jak dok\u0142adnie pasuje ona do reali\u00f3w historycznych? Co si\u0119 zgadza, a co si\u0119 nie zgadza w sposobie u\u017cycia broni w danej scenie? Jak skuteczny jest dany typ broni? Po zako\u0144czonych zaj\u0119ciach Tw\u00f3j pogl\u0105d na u\u017cycie broni w filmach ulegnie istotnej transformacji<\/span><\/p>\n<h4><b>Kiedy i gdzie?<\/b><\/h4>\n<ul>\n<li><span style=\"font-weight: 400;\">15 lutego, godzina 10.00<\/span><\/li>\n<li><span style=\"font-weight: 400;\">Strzelnica Zbrojownia Modlin<\/span><span style=\"font-weight: 400;\"><br \/>\n<\/span><\/li>\n<\/ul>\n<h4><b>Czas trwania:<\/b><\/h4>\n<ul>\n<li><span style=\"font-weight: 400;\">6 &#8211; 8 godzin<\/span><\/li>\n<\/ul>\n<h2><span style=\"font-weight: 400;\">Plan spotkania<\/span><\/h2>\n<ul>\n<li style=\"font-weight: 400;\" aria-level=\"1\"><b>Blok 1:<\/b><span style=\"font-weight: 400;\"> Bro\u0144 kr\u00f3tka \u2013 3-4 godziny, zale\u017cnie od liczby pyta\u0144.<\/span><\/li>\n<li style=\"font-weight: 400;\" aria-level=\"1\"><b>Blok 2:<\/b><span style=\"font-weight: 400;\"> Bro\u0144 d\u0142uga \u2013 3-4 godziny.<\/span><\/li>\n<\/ul>\n<p><span style=\"font-weight: 400;\">W obu blokach uczestnicy mog\u0105 wypr\u00f3bowa\u0107 dost\u0119pne egzemplarze broni.<\/span><\/p>\n<h2><span style=\"font-weight: 400;\">Tego si\u0119\u00a0dowiesz<\/span><\/h2>\n<ul>\n<li style=\"font-weight: 400;\" aria-level=\"1\"><span style=\"font-weight: 400;\">Poznasz wi\u0119kszo\u015b\u0107 znanych typ\u00f3w broni palnej uwiecznionych w filmach.<\/span><\/li>\n<li style=\"font-weight: 400;\" aria-level=\"1\"><span style=\"font-weight: 400;\">Nauczysz si\u0119 podstaw obs\u0142ugi broni, w tym:<\/span>\n<ul>\n<li style=\"font-weight: 400;\" aria-level=\"2\"><span style=\"font-weight: 400;\">Rozk\u0142adania i sk\u0142adania broni.\u00a0\u00a0<\/span><\/li>\n<li style=\"font-weight: 400;\" aria-level=\"2\"><span style=\"font-weight: 400;\">Czyszczenia i konserwacji.<\/span><\/li>\n<li style=\"font-weight: 400;\" aria-level=\"2\"><span style=\"font-weight: 400;\">Prawid\u0142owego przenoszenia.<\/span><\/li>\n<\/ul>\n<\/li>\n<li style=\"font-weight: 400;\" aria-level=\"1\"><span style=\"font-weight: 400;\">Zrozumiesz zasad\u0119 dzia\u0142ania broni, w tym procesy fizyczne i chemiczne zachodz\u0105ce wewn\u0105trz.<\/span><\/li>\n<\/ul>\n<h2><span style=\"font-weight: 400;\">W praktyce<\/span><\/h2>\n<ul>\n<li style=\"font-weight: 400;\" aria-level=\"1\"><span style=\"font-weight: 400;\">Dotkniesz, przymierzysz si\u0119, roz\u0142o\u017cysz i z\u0142o\u017cysz ka\u017cdy typ broni dost\u0119pny na zaj\u0119ciach.<\/span><\/li>\n<li style=\"font-weight: 400;\" aria-level=\"1\"><span style=\"font-weight: 400;\">Zrozumiesz dzia\u0142anie r\u00f3\u017cnych rodzaj\u00f3w broni.<\/span><\/li>\n<li style=\"font-weight: 400;\" aria-level=\"1\"><span style=\"font-weight: 400;\">Samodzielnie ocenisz, jaki typ broni mo\u017ce by\u0107 dla Ciebie odpowiedni.<\/span><\/li>\n<li style=\"font-weight: 400;\" aria-level=\"1\"><span style=\"font-weight: 400;\">Pobrudzisz r\u0119ce smarem, je\u015bli masz na to ochot\u0119.<\/span><\/li>\n<li style=\"font-weight: 400;\" aria-level=\"1\"><span style=\"font-weight: 400;\">Postrzelasz!*<\/span><\/li>\n<\/ul>\n<h2><span style=\"font-weight: 400;\">Jak si\u0119 zapisa\u0107?<\/span><\/h2>\n<p><span style=\"font-weight: 400;\">Wybierz jedn\u0105\u00a0z dost\u0119pnych opcji w prawym g\u00f3rnym roku, pod zak\u0142adk\u0105\u00a0MIESI\u0104C. Po wybraniu daty i op\u0142aceniu kursu otrzymasz informacje szczeg\u00f3\u0142owe informacje na maila.<\/span><\/p>\n<h2><span style=\"font-weight: 400;\">Dodatkowe pytania<\/span><\/h2>\n<h3><span style=\"font-weight: 400;\">Czy musz\u0119 umie\u0107 strzela\u0107?\u00a0<\/span><\/h3>\n<p><span style=\"font-weight: 400;\">Nie musisz. Strzelanie to opcja. Na tych zaj\u0119ciach skupimy si\u0119 na wykorzystaniu broni w filmach. Nie potrzebujesz ani pozwolenia na bro\u0144, ani nawet patentu strzeleckiego.\u00a0<\/span><\/p>\n<h3><span style=\"font-weight: 400;\">Czy b\u0119dziemy strzela\u0107?<\/span><\/h3>\n<p><span style=\"font-weight: 400;\">Strzelanie to opcja dla ch\u0119tnych. Po cz\u0119\u015bci teoretycznej \u2013<\/span><b> b\u0119dzie mo\u017cna strzeli\u0107 z ka\u017cdej sztuki broni, kt\u00f3r\u0105 om\u00f3wimy w trakcie zaj\u0119\u0107. To opcja dodatkowo p\u0142atna, przy czym uczestnicy ponios\u0105 jedynie koszt wystrzelonej amunicji<\/b><span style=\"font-weight: 400;\">. Obs\u0142uga instruktora jest w cenie zaj\u0119\u0107.\u00a0<\/span><\/p>\n<h3><span style=\"font-weight: 400;\">Czy to bezpieczne?\u00a0<\/span><\/h3>\n<p><span style=\"font-weight: 400;\">Oczywi\u015bcie! Niezale\u017cnie od tego na szkoleniu zaczniemy od om\u00f3wienia zasad bezpiecze\u0144stwa w pos\u0142ugiwaniu si\u0119 broni\u0105 paln\u0105 i dopilnujemy, aby zaj\u0119cia by\u0142y absolutnie bezpieczne.\u00a0<\/span><\/p>\n<h3><span style=\"font-weight: 400;\">Czy mog\u0119 zabra\u0107 ze sob\u0105 osob\u0119 niepe\u0142noletni\u0105?\u00a0<\/span><\/h3>\n<p><span style=\"font-weight: 400;\">Oczywi\u015bcie. W Polsce nie ma dolnego limitu wieku dla os\u00f3b niepe\u0142noletnich, zatem zapraszamy na strzelnic\u0119 w ka\u017cdym wieku. Z uwagi na materia\u0142, kt\u00f3remu po\u015bwi\u0119cimy uwag\u0119 woleliby\u015bmy ma zaj\u0119ciach przynajmniej nastolatk\u00f3w!<\/span><\/p>\n<p><i><span style=\"font-weight: 400;\">*Dla ochotnik\u00f3w! Opcja dodatkowo p\u0142atna, tylko za zu\u017cyt\u0105 amunicj\u0119.<\/span><\/i><\/p>\n","protected":false},"excerpt":{"rendered":"<p>Je\u015bli jeste\u015b fanem kina akcji\u2026 to nie mo\u017cesz lepiej trafi\u0107! Poczuj si\u0119 jak gwiazda kina akcji. Sprawd\u017a, jak strzela si\u0119\u00a0ze strzelby, pistolet\u00f3w i karabin\u00f3w. Przywo\u0142ujemy kultowe filmowe sceny, kt\u00f3re wyry\u0142y si\u0119 w pami\u0119ci widz\u00f3w, a nast\u0119pnie ustawiamy ostro\u015b\u0107 naszej uwagi na bro\u0144 wykorzystywan\u0105 w tych scenach! Dlaczego w filmach wykorzystywana jest taka, a nie inna [&hellip;]<\/p>\n","protected":false},"featured_media":130712,"template":"","meta":[],"product_brand":[],"product_cat":[324],"product_tag":[],"class_list":{"0":"post-130822","1":"product","2":"type-product","3":"status-publish","4":"has-post-thumbnail","6":"product_cat-szkolenia-tematyczne","8":"first","9":"outofstock","10":"shipping-taxable","11":"product-type-variable"},"yoast_head":"<!-- This site is optimized with the Yoast SEO plugin v27.5 - https:\/\/yoast.com\/product\/yoast-seo-wordpress\/ -->\n<title>Bro\u0144 filmowa \u2013 wyj\u015bcie na strzelnice<\/title>\n<meta name=\"description\" content=\"Bro\u0144 w Filmach to tematyczne szkolenie strzeleckie podczas kt\u00f3rego poczujesz si\u0119, jak gwiazda kina akcji. Sprawd\u017a!\" \/>\n<meta name=\"robots\" content=\"index, follow, max-snippet:-1, max-image-preview:large, max-video-preview:-1\" \/>\n<link rel=\"canonical\" href=\"https:\/\/zbrojowniamodlin.pl\/en\/szkolenia\/thematic-training\/bron-w-filmach\/\" \/>\n<meta property=\"og:locale\" content=\"en_US\" \/>\n<meta property=\"og:type\" content=\"article\" \/>\n<meta property=\"og:title\" content=\"Bro\u0144 filmowa \u2013 wyj\u015bcie na strzelnice\" \/>\n<meta property=\"og:description\" content=\"Bro\u0144 w Filmach to tematyczne szkolenie strzeleckie podczas kt\u00f3rego poczujesz si\u0119, jak gwiazda kina akcji. Sprawd\u017a!\" \/>\n<meta property=\"og:url\" content=\"https:\/\/zbrojowniamodlin.pl\/en\/szkolenia\/thematic-training\/bron-w-filmach\/\" \/>\n<meta property=\"og:site_name\" content=\"Zbrojownia Modlin\" \/>\n<meta property=\"article:modified_time\" content=\"2025-02-19T12:04:15+00:00\" \/>\n<meta property=\"og:image\" content=\"https:\/\/zbrojowniamodlin.pl\/wp-content\/uploads\/2025\/01\/zabojcza-bron-5.jpg\" \/>\n\t<meta property=\"og:image:width\" content=\"1200\" \/>\n\t<meta property=\"og:image:height\" content=\"643\" \/>\n\t<meta property=\"og:image:type\" content=\"image\/jpeg\" \/>\n<meta name=\"twitter:card\" content=\"summary_large_image\" \/>\n<meta name=\"twitter:label1\" content=\"Est. reading time\" \/>\n\t<meta name=\"twitter:data1\" content=\"3 minutes\" \/>\n<script type=\"application\/ld+json\" class=\"yoast-schema-graph\">{\"@context\":\"https:\\\/\\\/schema.org\",\"@graph\":[{\"@type\":\"WebPage\",\"@id\":\"https:\\\/\\\/zbrojowniamodlin.pl\\\/en\\\/szkolenia\\\/thematic-training\\\/bron-w-filmach\\\/\",\"url\":\"https:\\\/\\\/zbrojowniamodlin.pl\\\/en\\\/szkolenia\\\/thematic-training\\\/bron-w-filmach\\\/\",\"name\":\"Bro\u0144 filmowa \u2013 wyj\u015bcie na strzelnice\",\"isPartOf\":{\"@id\":\"https:\\\/\\\/zbrojowniamodlin.pl\\\/en\\\/#website\"},\"primaryImageOfPage\":{\"@id\":\"https:\\\/\\\/zbrojowniamodlin.pl\\\/en\\\/szkolenia\\\/thematic-training\\\/bron-w-filmach\\\/#primaryimage\"},\"image\":{\"@id\":\"https:\\\/\\\/zbrojowniamodlin.pl\\\/en\\\/szkolenia\\\/thematic-training\\\/bron-w-filmach\\\/#primaryimage\"},\"thumbnailUrl\":\"https:\\\/\\\/zbrojowniamodlin.pl\\\/wp-content\\\/uploads\\\/2025\\\/01\\\/zabojcza-bron-5.jpg\",\"datePublished\":\"2025-01-20T14:25:39+00:00\",\"dateModified\":\"2025-02-19T12:04:15+00:00\",\"description\":\"Bro\u0144 w Filmach to tematyczne szkolenie strzeleckie podczas kt\u00f3rego poczujesz si\u0119, jak gwiazda kina akcji. Sprawd\u017a!\",\"breadcrumb\":{\"@id\":\"https:\\\/\\\/zbrojowniamodlin.pl\\\/en\\\/szkolenia\\\/thematic-training\\\/bron-w-filmach\\\/#breadcrumb\"},\"inLanguage\":\"en-US\",\"potentialAction\":[{\"@type\":\"ReadAction\",\"target\":[\"https:\\\/\\\/zbrojowniamodlin.pl\\\/en\\\/szkolenia\\\/thematic-training\\\/bron-w-filmach\\\/\"]}]},{\"@type\":\"ImageObject\",\"inLanguage\":\"en-US\",\"@id\":\"https:\\\/\\\/zbrojowniamodlin.pl\\\/en\\\/szkolenia\\\/thematic-training\\\/bron-w-filmach\\\/#primaryimage\",\"url\":\"https:\\\/\\\/zbrojowniamodlin.pl\\\/wp-content\\\/uploads\\\/2025\\\/01\\\/zabojcza-bron-5.jpg\",\"contentUrl\":\"https:\\\/\\\/zbrojowniamodlin.pl\\\/wp-content\\\/uploads\\\/2025\\\/01\\\/zabojcza-bron-5.jpg\",\"width\":1200,\"height\":643},{\"@type\":\"BreadcrumbList\",\"@id\":\"https:\\\/\\\/zbrojowniamodlin.pl\\\/en\\\/szkolenia\\\/thematic-training\\\/bron-w-filmach\\\/#breadcrumb\",\"itemListElement\":[{\"@type\":\"ListItem\",\"position\":1,\"name\":\"Strona g\u0142\u00f3wna\",\"item\":\"https:\\\/\\\/zbrojowniamodlin.pl\\\/en\\\/\"},{\"@type\":\"ListItem\",\"position\":2,\"name\":\"Store\",\"item\":\"https:\\\/\\\/zbrojowniamodlin.pl\\\/en\\\/shop\\\/\"},{\"@type\":\"ListItem\",\"position\":3,\"name\":\"Bro\u0144 w filmach\"}]},{\"@type\":\"WebSite\",\"@id\":\"https:\\\/\\\/zbrojowniamodlin.pl\\\/en\\\/#website\",\"url\":\"https:\\\/\\\/zbrojowniamodlin.pl\\\/en\\\/\",\"name\":\"Zbrojownia Modlin\",\"description\":\"Zbrojownia Modlin\",\"inLanguage\":\"en-US\"}]}<\/script>\n<!-- \/ Yoast SEO plugin. -->","yoast_head_json":{"title":"Bro\u0144 filmowa \u2013 wyj\u015bcie na strzelnice","description":"Bro\u0144 w Filmach to tematyczne szkolenie strzeleckie podczas kt\u00f3rego poczujesz si\u0119, jak gwiazda kina akcji. Sprawd\u017a!","robots":{"index":"index","follow":"follow","max-snippet":"max-snippet:-1","max-image-preview":"max-image-preview:large","max-video-preview":"max-video-preview:-1"},"canonical":"https:\/\/zbrojowniamodlin.pl\/en\/szkolenia\/thematic-training\/bron-w-filmach\/","og_locale":"en_US","og_type":"article","og_title":"Bro\u0144 filmowa \u2013 wyj\u015bcie na strzelnice","og_description":"Bro\u0144 w Filmach to tematyczne szkolenie strzeleckie podczas kt\u00f3rego poczujesz si\u0119, jak gwiazda kina akcji. Sprawd\u017a!","og_url":"https:\/\/zbrojowniamodlin.pl\/en\/szkolenia\/thematic-training\/bron-w-filmach\/","og_site_name":"Zbrojownia Modlin","article_modified_time":"2025-02-19T12:04:15+00:00","og_image":[{"width":1200,"height":643,"url":"https:\/\/zbrojowniamodlin.pl\/wp-content\/uploads\/2025\/01\/zabojcza-bron-5.jpg","type":"image\/jpeg"}],"twitter_card":"summary_large_image","twitter_misc":{"Est. reading time":"3 minutes"},"schema":{"@context":"https:\/\/schema.org","@graph":[{"@type":"WebPage","@id":"https:\/\/zbrojowniamodlin.pl\/en\/szkolenia\/thematic-training\/bron-w-filmach\/","url":"https:\/\/zbrojowniamodlin.pl\/en\/szkolenia\/thematic-training\/bron-w-filmach\/","name":"Bro\u0144 filmowa \u2013 wyj\u015bcie na strzelnice","isPartOf":{"@id":"https:\/\/zbrojowniamodlin.pl\/en\/#website"},"primaryImageOfPage":{"@id":"https:\/\/zbrojowniamodlin.pl\/en\/szkolenia\/thematic-training\/bron-w-filmach\/#primaryimage"},"image":{"@id":"https:\/\/zbrojowniamodlin.pl\/en\/szkolenia\/thematic-training\/bron-w-filmach\/#primaryimage"},"thumbnailUrl":"https:\/\/zbrojowniamodlin.pl\/wp-content\/uploads\/2025\/01\/zabojcza-bron-5.jpg","datePublished":"2025-01-20T14:25:39+00:00","dateModified":"2025-02-19T12:04:15+00:00","description":"Bro\u0144 w Filmach to tematyczne szkolenie strzeleckie podczas kt\u00f3rego poczujesz si\u0119, jak gwiazda kina akcji. Sprawd\u017a!","breadcrumb":{"@id":"https:\/\/zbrojowniamodlin.pl\/en\/szkolenia\/thematic-training\/bron-w-filmach\/#breadcrumb"},"inLanguage":"en-US","potentialAction":[{"@type":"ReadAction","target":["https:\/\/zbrojowniamodlin.pl\/en\/szkolenia\/thematic-training\/bron-w-filmach\/"]}]},{"@type":"ImageObject","inLanguage":"en-US","@id":"https:\/\/zbrojowniamodlin.pl\/en\/szkolenia\/thematic-training\/bron-w-filmach\/#primaryimage","url":"https:\/\/zbrojowniamodlin.pl\/wp-content\/uploads\/2025\/01\/zabojcza-bron-5.jpg","contentUrl":"https:\/\/zbrojowniamodlin.pl\/wp-content\/uploads\/2025\/01\/zabojcza-bron-5.jpg","width":1200,"height":643},{"@type":"BreadcrumbList","@id":"https:\/\/zbrojowniamodlin.pl\/en\/szkolenia\/thematic-training\/bron-w-filmach\/#breadcrumb","itemListElement":[{"@type":"ListItem","position":1,"name":"Strona g\u0142\u00f3wna","item":"https:\/\/zbrojowniamodlin.pl\/en\/"},{"@type":"ListItem","position":2,"name":"Store","item":"https:\/\/zbrojowniamodlin.pl\/en\/shop\/"},{"@type":"ListItem","position":3,"name":"Bro\u0144 w filmach"}]},{"@type":"WebSite","@id":"https:\/\/zbrojowniamodlin.pl\/en\/#website","url":"https:\/\/zbrojowniamodlin.pl\/en\/","name":"Zbrojownia Modlin","description":"Zbrojownia Modlin","inLanguage":"en-US"}]}},"_links":{"self":[{"href":"https:\/\/zbrojowniamodlin.pl\/en\/wp-json\/wp\/v2\/product\/130822","targetHints":{"allow":["GET"]}}],"collection":[{"href":"https:\/\/zbrojowniamodlin.pl\/en\/wp-json\/wp\/v2\/product"}],"about":[{"href":"https:\/\/zbrojowniamodlin.pl\/en\/wp-json\/wp\/v2\/types\/product"}],"wp:featuredmedia":[{"embeddable":true,"href":"https:\/\/zbrojowniamodlin.pl\/en\/wp-json\/wp\/v2\/media\/130712"}],"wp:attachment":[{"href":"https:\/\/zbrojowniamodlin.pl\/en\/wp-json\/wp\/v2\/media?parent=130822"}],"wp:term":[{"taxonomy":"product_brand","embeddable":true,"href":"https:\/\/zbrojowniamodlin.pl\/en\/wp-json\/wp\/v2\/product_brand?post=130822"},{"taxonomy":"product_cat","embeddable":true,"href":"https:\/\/zbrojowniamodlin.pl\/en\/wp-json\/wp\/v2\/product_cat?post=130822"},{"taxonomy":"product_tag","embeddable":true,"href":"https:\/\/zbrojowniamodlin.pl\/en\/wp-json\/wp\/v2\/product_tag?post=130822"}],"curies":[{"name":"wp","href":"https:\/\/api.w.org\/{rel}","templated":true}]}}