{"id":130785,"date":"2025-01-20T15:25:09","date_gmt":"2025-01-20T14:25:09","guid":{"rendered":"https:\/\/zbrojowniamodlin.pl\/?post_type=product&#038;p=130785"},"modified":"2025-07-14T17:40:22","modified_gmt":"2025-07-14T15:40:22","slug":"bron-w-grach-gaming-vs-rzeczywistosc","status":"publish","type":"product","link":"https:\/\/zbrojowniamodlin.pl\/en\/szkolenia\/thematic-training\/bron-w-grach-gaming-vs-rzeczywistosc\/","title":{"rendered":"Bro\u0144 w grach \u2013 Gaming vs rzeczywisto\u015b\u0107"},"content":{"rendered":"<p><b>Kiedy i gdzie?<\/b><\/p>\n<ul>\n<li><em><span style=\"font-weight: 400;\">obecnie nie ma wyznaczonego terminu tego szkolenia &#8211; zapytaj o najbli\u017cszy termin w biurze<\/span><\/em><\/li>\n<li><span style=\"font-weight: 400;\">Strzelnica Zbrojownia Modlin<\/span><span style=\"font-weight: 400;\"><br \/>\n<\/span><\/li>\n<\/ul>\n<p><b>Czas trwania:<\/b><\/p>\n<ul>\n<li><span style=\"font-weight: 400;\">6 &#8211; 8 godzin<\/span><\/li>\n<\/ul>\n<h2>Plan spotkania<\/h2>\n<ul>\n<li aria-level=\"1\"><strong>Blok 1:<\/strong> Bro\u0144 kr\u00f3tka \u2013 3-4 godziny, zale\u017cnie od liczby pyta\u0144.<\/li>\n<li aria-level=\"1\"><strong>Blok 2:<\/strong> Bro\u0144 d\u0142uga \u2013 3-4 godziny.<\/li>\n<\/ul>\n<p>W obu blokach uczestnicy mog\u0105 wypr\u00f3bowa\u0107 dost\u0119pne egzemplarze broni.<\/p>\n<h2>Tego si\u0119\u00a0dowiesz<\/h2>\n<ul>\n<li aria-level=\"1\">Poznasz wybrane typy broni cz\u0119sto pojawiaj\u0105ce si\u0119 w grach wideo.<\/li>\n<li aria-level=\"1\">Nauczysz si\u0119 podstaw obs\u0142ugi broni, w tym:\n<ul>\n<li aria-level=\"2\">Rozk\u0142adania i sk\u0142adania broni.<\/li>\n<li aria-level=\"2\">Czyszczenia i konserwacji.<\/li>\n<li aria-level=\"2\">Prawid\u0142owego przenoszenia.<\/li>\n<\/ul>\n<\/li>\n<li aria-level=\"1\">Zrozumiesz zasad\u0119 dzia\u0142ania broni, w tym procesy fizyczne i chemiczne zachodz\u0105ce wewn\u0105trz.<\/li>\n<\/ul>\n<h2>W praktyce<\/h2>\n<ul>\n<li aria-level=\"1\">Dotkniesz, przymierzysz si\u0119, roz\u0142o\u017cysz i z\u0142o\u017cysz ka\u017cdy typ broni dost\u0119pny na zaj\u0119ciach.<\/li>\n<li aria-level=\"1\">Zrozumiesz dzia\u0142anie r\u00f3\u017cnych rodzaj\u00f3w broni.<\/li>\n<li aria-level=\"1\">Samodzielnie ocenisz, jaki typ broni mo\u017ce by\u0107 dla Ciebie odpowiedni.<\/li>\n<li aria-level=\"1\">Pobrudzisz r\u0119ce smarem, je\u015bli masz na to ochot\u0119.<\/li>\n<li aria-level=\"1\">Postrzelasz!*<\/li>\n<\/ul>\n<h2>Jak si\u0119 zapisa\u0107?<\/h2>\n<p>Wybierz jedn\u0105\u00a0z dost\u0119pnych opcji w prawym g\u00f3rnym roku, pod zak\u0142adk\u0105\u00a0MIESI\u0104C. Po wybraniu daty i op\u0142aceniu kursu otrzymasz informacje szczeg\u00f3\u0142owe informacje na maila.<\/p>\n<h2>Dodatkowe pytania<\/h2>\n<h3>Czy musz\u0119 umie\u0107 strzela\u0107?<\/h3>\n<p>Nie musisz. Strzelanie to opcja. Na tych zaj\u0119ciach skupimy si\u0119 na wykorzystaniu broni w filmach. Nie potrzebujesz ani pozwolenia na bro\u0144, ani nawet patentu strzeleckiego.<\/p>\n<h3>Czy b\u0119dziemy strzela\u0107?<\/h3>\n<p>Strzelanie to opcja dla ch\u0119tnych. Po cz\u0119\u015bci teoretycznej \u2013<strong> b\u0119dzie mo\u017cna strzeli\u0107 z ka\u017cdej sztuki broni, kt\u00f3r\u0105 om\u00f3wimy w trakcie zaj\u0119\u0107. To opcja dodatkowo p\u0142atna, przy czym uczestnicy ponios\u0105 jedynie koszt wystrzelonej amunicji<\/strong>. Obs\u0142uga instruktora jest w cenie zaj\u0119\u0107.<\/p>\n<h3>Czy to bezpieczne?<\/h3>\n<p>Oczywi\u015bcie! Niezale\u017cnie od tego na szkoleniu zaczniemy od om\u00f3wienia zasad bezpiecze\u0144stwa w pos\u0142ugiwaniu si\u0119 broni\u0105 paln\u0105 i dopilnujemy, aby zaj\u0119cia by\u0142y absolutnie bezpieczne.<\/p>\n<h3>Czy mog\u0119 zabra\u0107 ze sob\u0105 osob\u0119 niepe\u0142noletni\u0105?<\/h3>\n<p>Oczywi\u015bcie. W Polsce nie ma dolnego limitu wieku dla os\u00f3b niepe\u0142noletnich, zatem zapraszamy na strzelnic\u0119 w ka\u017cdym wieku. Z uwagi na materia\u0142, kt\u00f3remu po\u015bwi\u0119cimy uwag\u0119 woleliby\u015bmy ma zaj\u0119ciach przynajmniej nastolatk\u00f3w!<\/p>\n<p><em>*Dla ochotnik\u00f3w! Opcja dodatkowo p\u0142atna, tylko za zu\u017cyt\u0105 amunicj\u0119.<\/em><\/p>\n","protected":false},"excerpt":{"rendered":"<p><b>Na szkoleniu Bro\u0144 w Grach dowiesz si\u0119, jak dzia\u0142a prawdziwa bro\u0144 i systemy celowania. Jak j\u0105 prze\u0142adowa\u0107 i czy jeste\u015b w stanie zrobi\u0107 to r\u00f3wnie szybko, co w wirtualnej rzeczywisto\u015bci. Poznasz i sprawdzisz najpopularniejsze typy broni, a przy okazji sprawdzimy fakty i obalimy mity z prezentowaniem broni w grach wideo.<\/b><\/p>\n","protected":false},"featured_media":130814,"template":"","meta":[],"product_brand":[],"product_cat":[324],"product_tag":[],"class_list":{"0":"post-130785","1":"product","2":"type-product","3":"status-publish","4":"has-post-thumbnail","6":"product_cat-szkolenia-tematyczne","8":"first","9":"instock","10":"shipping-taxable","11":"purchasable","12":"product-type-variable"},"yoast_head":"<!-- This site is optimized with the Yoast SEO plugin v27.5 - https:\/\/yoast.com\/product\/yoast-seo-wordpress\/ -->\n<title>Bro\u0144 w grach \u2013 wyj\u015bcie na strzelnice<\/title>\n<meta name=\"description\" content=\"Chcesz sprawdzi\u0107, czy w Call of Duty strzela si\u0119 tak samo, jak w realu? Przyjd\u017a na szkolenie Bro\u0144 w Grach do Zbrojowni Modlin!\" \/>\n<meta name=\"robots\" content=\"index, follow, max-snippet:-1, max-image-preview:large, max-video-preview:-1\" \/>\n<link rel=\"canonical\" href=\"https:\/\/zbrojowniamodlin.pl\/en\/szkolenia\/thematic-training\/bron-w-grach-gaming-vs-rzeczywistosc\/\" \/>\n<meta property=\"og:locale\" content=\"en_US\" \/>\n<meta property=\"og:type\" content=\"article\" \/>\n<meta property=\"og:title\" content=\"Bro\u0144 w grach \u2013 wyj\u015bcie na strzelnice\" \/>\n<meta property=\"og:description\" content=\"Chcesz sprawdzi\u0107, czy w Call of Duty strzela si\u0119 tak samo, jak w realu? Przyjd\u017a na szkolenie Bro\u0144 w Grach do Zbrojowni Modlin!\" \/>\n<meta property=\"og:url\" content=\"https:\/\/zbrojowniamodlin.pl\/en\/szkolenia\/thematic-training\/bron-w-grach-gaming-vs-rzeczywistosc\/\" \/>\n<meta property=\"og:site_name\" content=\"Zbrojownia Modlin\" \/>\n<meta property=\"article:modified_time\" content=\"2025-07-14T15:40:22+00:00\" \/>\n<meta property=\"og:image\" content=\"https:\/\/zbrojowniamodlin.pl\/wp-content\/uploads\/2025\/01\/action-shooter-aaa-videogame-first-person-view-photo-shooter-battlefield-war-game-with-soldiers_1025467-3126-1.png\" \/>\n\t<meta property=\"og:image:width\" content=\"626\" \/>\n\t<meta property=\"og:image:height\" content=\"351\" \/>\n\t<meta property=\"og:image:type\" content=\"image\/png\" \/>\n<meta name=\"twitter:card\" content=\"summary_large_image\" \/>\n<meta name=\"twitter:label1\" content=\"Est. reading time\" \/>\n\t<meta name=\"twitter:data1\" content=\"3 minutes\" \/>\n<script type=\"application\/ld+json\" class=\"yoast-schema-graph\">{\"@context\":\"https:\\\/\\\/schema.org\",\"@graph\":[{\"@type\":\"WebPage\",\"@id\":\"https:\\\/\\\/zbrojowniamodlin.pl\\\/en\\\/szkolenia\\\/thematic-training\\\/bron-w-grach-gaming-vs-rzeczywistosc\\\/\",\"url\":\"https:\\\/\\\/zbrojowniamodlin.pl\\\/en\\\/szkolenia\\\/thematic-training\\\/bron-w-grach-gaming-vs-rzeczywistosc\\\/\",\"name\":\"Bro\u0144 w grach \u2013 wyj\u015bcie na strzelnice\",\"isPartOf\":{\"@id\":\"https:\\\/\\\/zbrojowniamodlin.pl\\\/en\\\/#website\"},\"primaryImageOfPage\":{\"@id\":\"https:\\\/\\\/zbrojowniamodlin.pl\\\/en\\\/szkolenia\\\/thematic-training\\\/bron-w-grach-gaming-vs-rzeczywistosc\\\/#primaryimage\"},\"image\":{\"@id\":\"https:\\\/\\\/zbrojowniamodlin.pl\\\/en\\\/szkolenia\\\/thematic-training\\\/bron-w-grach-gaming-vs-rzeczywistosc\\\/#primaryimage\"},\"thumbnailUrl\":\"https:\\\/\\\/zbrojowniamodlin.pl\\\/wp-content\\\/uploads\\\/2025\\\/01\\\/action-shooter-aaa-videogame-first-person-view-photo-shooter-battlefield-war-game-with-soldiers_1025467-3126-1.png\",\"datePublished\":\"2025-01-20T14:25:09+00:00\",\"dateModified\":\"2025-07-14T15:40:22+00:00\",\"description\":\"Chcesz sprawdzi\u0107, czy w Call of Duty strzela si\u0119 tak samo, jak w realu? Przyjd\u017a na szkolenie Bro\u0144 w Grach do Zbrojowni Modlin!\",\"breadcrumb\":{\"@id\":\"https:\\\/\\\/zbrojowniamodlin.pl\\\/en\\\/szkolenia\\\/thematic-training\\\/bron-w-grach-gaming-vs-rzeczywistosc\\\/#breadcrumb\"},\"inLanguage\":\"en-US\",\"potentialAction\":[{\"@type\":\"ReadAction\",\"target\":[\"https:\\\/\\\/zbrojowniamodlin.pl\\\/en\\\/szkolenia\\\/thematic-training\\\/bron-w-grach-gaming-vs-rzeczywistosc\\\/\"]}]},{\"@type\":\"ImageObject\",\"inLanguage\":\"en-US\",\"@id\":\"https:\\\/\\\/zbrojowniamodlin.pl\\\/en\\\/szkolenia\\\/thematic-training\\\/bron-w-grach-gaming-vs-rzeczywistosc\\\/#primaryimage\",\"url\":\"https:\\\/\\\/zbrojowniamodlin.pl\\\/wp-content\\\/uploads\\\/2025\\\/01\\\/action-shooter-aaa-videogame-first-person-view-photo-shooter-battlefield-war-game-with-soldiers_1025467-3126-1.png\",\"contentUrl\":\"https:\\\/\\\/zbrojowniamodlin.pl\\\/wp-content\\\/uploads\\\/2025\\\/01\\\/action-shooter-aaa-videogame-first-person-view-photo-shooter-battlefield-war-game-with-soldiers_1025467-3126-1.png\",\"width\":626,\"height\":351},{\"@type\":\"BreadcrumbList\",\"@id\":\"https:\\\/\\\/zbrojowniamodlin.pl\\\/en\\\/szkolenia\\\/thematic-training\\\/bron-w-grach-gaming-vs-rzeczywistosc\\\/#breadcrumb\",\"itemListElement\":[{\"@type\":\"ListItem\",\"position\":1,\"name\":\"Strona g\u0142\u00f3wna\",\"item\":\"https:\\\/\\\/zbrojowniamodlin.pl\\\/en\\\/\"},{\"@type\":\"ListItem\",\"position\":2,\"name\":\"Store\",\"item\":\"https:\\\/\\\/zbrojowniamodlin.pl\\\/en\\\/shop\\\/\"},{\"@type\":\"ListItem\",\"position\":3,\"name\":\"Bro\u0144 w grach \u2013 Gaming vs rzeczywisto\u015b\u0107\"}]},{\"@type\":\"WebSite\",\"@id\":\"https:\\\/\\\/zbrojowniamodlin.pl\\\/en\\\/#website\",\"url\":\"https:\\\/\\\/zbrojowniamodlin.pl\\\/en\\\/\",\"name\":\"Zbrojownia Modlin\",\"description\":\"Zbrojownia Modlin\",\"inLanguage\":\"en-US\"}]}<\/script>\n<!-- \/ Yoast SEO plugin. -->","yoast_head_json":{"title":"Bro\u0144 w grach \u2013 wyj\u015bcie na strzelnice","description":"Chcesz sprawdzi\u0107, czy w Call of Duty strzela si\u0119 tak samo, jak w realu? Przyjd\u017a na szkolenie Bro\u0144 w Grach do Zbrojowni Modlin!","robots":{"index":"index","follow":"follow","max-snippet":"max-snippet:-1","max-image-preview":"max-image-preview:large","max-video-preview":"max-video-preview:-1"},"canonical":"https:\/\/zbrojowniamodlin.pl\/en\/szkolenia\/thematic-training\/bron-w-grach-gaming-vs-rzeczywistosc\/","og_locale":"en_US","og_type":"article","og_title":"Bro\u0144 w grach \u2013 wyj\u015bcie na strzelnice","og_description":"Chcesz sprawdzi\u0107, czy w Call of Duty strzela si\u0119 tak samo, jak w realu? Przyjd\u017a na szkolenie Bro\u0144 w Grach do Zbrojowni Modlin!","og_url":"https:\/\/zbrojowniamodlin.pl\/en\/szkolenia\/thematic-training\/bron-w-grach-gaming-vs-rzeczywistosc\/","og_site_name":"Zbrojownia Modlin","article_modified_time":"2025-07-14T15:40:22+00:00","og_image":[{"width":626,"height":351,"url":"https:\/\/zbrojowniamodlin.pl\/wp-content\/uploads\/2025\/01\/action-shooter-aaa-videogame-first-person-view-photo-shooter-battlefield-war-game-with-soldiers_1025467-3126-1.png","type":"image\/png"}],"twitter_card":"summary_large_image","twitter_misc":{"Est. reading time":"3 minutes"},"schema":{"@context":"https:\/\/schema.org","@graph":[{"@type":"WebPage","@id":"https:\/\/zbrojowniamodlin.pl\/en\/szkolenia\/thematic-training\/bron-w-grach-gaming-vs-rzeczywistosc\/","url":"https:\/\/zbrojowniamodlin.pl\/en\/szkolenia\/thematic-training\/bron-w-grach-gaming-vs-rzeczywistosc\/","name":"Bro\u0144 w grach \u2013 wyj\u015bcie na strzelnice","isPartOf":{"@id":"https:\/\/zbrojowniamodlin.pl\/en\/#website"},"primaryImageOfPage":{"@id":"https:\/\/zbrojowniamodlin.pl\/en\/szkolenia\/thematic-training\/bron-w-grach-gaming-vs-rzeczywistosc\/#primaryimage"},"image":{"@id":"https:\/\/zbrojowniamodlin.pl\/en\/szkolenia\/thematic-training\/bron-w-grach-gaming-vs-rzeczywistosc\/#primaryimage"},"thumbnailUrl":"https:\/\/zbrojowniamodlin.pl\/wp-content\/uploads\/2025\/01\/action-shooter-aaa-videogame-first-person-view-photo-shooter-battlefield-war-game-with-soldiers_1025467-3126-1.png","datePublished":"2025-01-20T14:25:09+00:00","dateModified":"2025-07-14T15:40:22+00:00","description":"Chcesz sprawdzi\u0107, czy w Call of Duty strzela si\u0119 tak samo, jak w realu? Przyjd\u017a na szkolenie Bro\u0144 w Grach do Zbrojowni Modlin!","breadcrumb":{"@id":"https:\/\/zbrojowniamodlin.pl\/en\/szkolenia\/thematic-training\/bron-w-grach-gaming-vs-rzeczywistosc\/#breadcrumb"},"inLanguage":"en-US","potentialAction":[{"@type":"ReadAction","target":["https:\/\/zbrojowniamodlin.pl\/en\/szkolenia\/thematic-training\/bron-w-grach-gaming-vs-rzeczywistosc\/"]}]},{"@type":"ImageObject","inLanguage":"en-US","@id":"https:\/\/zbrojowniamodlin.pl\/en\/szkolenia\/thematic-training\/bron-w-grach-gaming-vs-rzeczywistosc\/#primaryimage","url":"https:\/\/zbrojowniamodlin.pl\/wp-content\/uploads\/2025\/01\/action-shooter-aaa-videogame-first-person-view-photo-shooter-battlefield-war-game-with-soldiers_1025467-3126-1.png","contentUrl":"https:\/\/zbrojowniamodlin.pl\/wp-content\/uploads\/2025\/01\/action-shooter-aaa-videogame-first-person-view-photo-shooter-battlefield-war-game-with-soldiers_1025467-3126-1.png","width":626,"height":351},{"@type":"BreadcrumbList","@id":"https:\/\/zbrojowniamodlin.pl\/en\/szkolenia\/thematic-training\/bron-w-grach-gaming-vs-rzeczywistosc\/#breadcrumb","itemListElement":[{"@type":"ListItem","position":1,"name":"Strona g\u0142\u00f3wna","item":"https:\/\/zbrojowniamodlin.pl\/en\/"},{"@type":"ListItem","position":2,"name":"Store","item":"https:\/\/zbrojowniamodlin.pl\/en\/shop\/"},{"@type":"ListItem","position":3,"name":"Bro\u0144 w grach \u2013 Gaming vs rzeczywisto\u015b\u0107"}]},{"@type":"WebSite","@id":"https:\/\/zbrojowniamodlin.pl\/en\/#website","url":"https:\/\/zbrojowniamodlin.pl\/en\/","name":"Zbrojownia Modlin","description":"Zbrojownia Modlin","inLanguage":"en-US"}]}},"_links":{"self":[{"href":"https:\/\/zbrojowniamodlin.pl\/en\/wp-json\/wp\/v2\/product\/130785","targetHints":{"allow":["GET"]}}],"collection":[{"href":"https:\/\/zbrojowniamodlin.pl\/en\/wp-json\/wp\/v2\/product"}],"about":[{"href":"https:\/\/zbrojowniamodlin.pl\/en\/wp-json\/wp\/v2\/types\/product"}],"wp:featuredmedia":[{"embeddable":true,"href":"https:\/\/zbrojowniamodlin.pl\/en\/wp-json\/wp\/v2\/media\/130814"}],"wp:attachment":[{"href":"https:\/\/zbrojowniamodlin.pl\/en\/wp-json\/wp\/v2\/media?parent=130785"}],"wp:term":[{"taxonomy":"product_brand","embeddable":true,"href":"https:\/\/zbrojowniamodlin.pl\/en\/wp-json\/wp\/v2\/product_brand?post=130785"},{"taxonomy":"product_cat","embeddable":true,"href":"https:\/\/zbrojowniamodlin.pl\/en\/wp-json\/wp\/v2\/product_cat?post=130785"},{"taxonomy":"product_tag","embeddable":true,"href":"https:\/\/zbrojowniamodlin.pl\/en\/wp-json\/wp\/v2\/product_tag?post=130785"}],"curies":[{"name":"wp","href":"https:\/\/api.w.org\/{rel}","templated":true}]}}