{"id":130760,"date":"2025-01-20T15:25:55","date_gmt":"2025-01-20T14:25:55","guid":{"rendered":"https:\/\/zbrojowniamodlin.pl\/?post_type=product&#038;p=130760"},"modified":"2026-03-09T19:02:24","modified_gmt":"2026-03-09T18:02:24","slug":"technikalia-jak-dziala-bron","status":"publish","type":"product","link":"https:\/\/zbrojowniamodlin.pl\/en\/szkolenia\/thematic-training\/technikalia-jak-dziala-bron\/","title":{"rendered":"Technikalia \u2013 Szkolenie jak dzia\u0142a bro\u0144"},"content":{"rendered":"<div class=\"xdj266r x14z9mp xat24cr x1lziwak x1vvkbs\"><span class=\"html-span xexx8yu xyri2b x18d9i69 x1c1uobl x1hl2dhg x16tdsg8 x1vvkbs x3nfvp2 x1j61x8r x1fcty0u xdj266r xat24cr xm2jcoa x1mpyi22 xxymvpz xlup9mm x1kky2od\"><img loading=\"lazy\" decoding=\"async\" class=\"xz74otr x15mokao x1ga7v0g x16uus16 xbiv7yw\" src=\"https:\/\/static.xx.fbcdn.net\/images\/emoji.php\/v9\/t5d\/1\/16\/26a1.png\" alt=\"\u26a1\" width=\"16\" height=\"16\" \/><\/span> Zrozumiesz jak jest zbudowany i jak dzia\u0142a praktycznie ka\u017cdy typ broni palnej<span class=\"html-span xexx8yu xyri2b x18d9i69 x1c1uobl x1hl2dhg x16tdsg8 x1vvkbs x3nfvp2 x1j61x8r x1fcty0u xdj266r xat24cr xm2jcoa x1mpyi22 xxymvpz xlup9mm x1kky2od\"><img loading=\"lazy\" decoding=\"async\" class=\"xz74otr x15mokao x1ga7v0g x16uus16 xbiv7yw\" src=\"https:\/\/static.xx.fbcdn.net\/images\/emoji.php\/v9\/t77\/1\/16\/203c.png\" alt=\"\u203c\ufe0f\" width=\"16\" height=\"16\" \/><\/span> Zapraszamy na zaj\u0119cia, jakich nie znajdziesz na innych strzelnicach<span class=\"html-span xexx8yu xyri2b x18d9i69 x1c1uobl x1hl2dhg x16tdsg8 x1vvkbs x3nfvp2 x1j61x8r x1fcty0u xdj266r xat24cr xm2jcoa x1mpyi22 xxymvpz xlup9mm x1kky2od\"><img loading=\"lazy\" decoding=\"async\" class=\"xz74otr x15mokao x1ga7v0g x16uus16 xbiv7yw\" src=\"https:\/\/static.xx.fbcdn.net\/images\/emoji.php\/v9\/t40\/1\/16\/261d.png\" alt=\"\u261d\ufe0f\" width=\"16\" height=\"16\" \/><\/span><span class=\"html-span xexx8yu xyri2b x18d9i69 x1c1uobl x1hl2dhg x16tdsg8 x1vvkbs x3nfvp2 x1j61x8r x1fcty0u xdj266r xat24cr xm2jcoa x1mpyi22 xxymvpz xlup9mm x1kky2od\"><img loading=\"lazy\" decoding=\"async\" class=\"xz74otr x15mokao x1ga7v0g x16uus16 xbiv7yw\" src=\"https:\/\/static.xx.fbcdn.net\/images\/emoji.php\/v9\/t83\/1\/16\/1f60e.png\" alt=\"?\" width=\"16\" height=\"16\" \/><\/span><\/div>\n<p><b>Kiedy i gdzie?<\/b><\/p>\n<ul>\n<li>terminy szkole\u0144 znajdziesz w rozwijanej li\u015bcie powy\u017cej<em> <span class=\"html-span xexx8yu xyri2b x18d9i69 x1c1uobl x1hl2dhg x16tdsg8 x1vvkbs x3nfvp2 x1j61x8r x1fcty0u xdj266r xat24cr xm2jcoa x1mpyi22 xxymvpz xlup9mm x1kky2od\"><img loading=\"lazy\" decoding=\"async\" class=\"xz74otr x15mokao x1ga7v0g x16uus16 xbiv7yw\" src=\"https:\/\/static.xx.fbcdn.net\/images\/emoji.php\/v9\/t40\/1\/16\/261d.png\" alt=\"\u261d\ufe0f\" width=\"16\" height=\"16\" \/><\/span><\/em><\/li>\n<li><span style=\"font-weight: 400;\">Strzelnica Zbrojownia Modlin<\/span><span style=\"font-weight: 400;\"><br \/>\n<\/span><\/li>\n<\/ul>\n<p><b>Czas trwania:<\/b><\/p>\n<ul>\n<li><span style=\"font-weight: 400;\">6 &#8211; 8 godzin<\/span><\/li>\n<\/ul>\n<h2>Plan spotkania<\/h2>\n<ul>\n<li><strong>Blok 1:<\/strong> Bro\u0144 kr\u00f3tka \u2013 3-4 godziny, zale\u017cnie od liczby pyta\u0144.<\/li>\n<li><strong>Blok 2:<\/strong> Bro\u0144 d\u0142uga \u2013 3-4 godziny.<\/li>\n<\/ul>\n<p>W obu blokach uczestnicy mog\u0105 wypr\u00f3bowa\u0107 dost\u0119pne egzemplarze broni.<\/p>\n<h2>Tego si\u0119\u00a0dowiesz<\/h2>\n<p>Podczas szkolenia przyjrzymy si\u0119 obs\u0142udze r\u00f3\u017cnych typ\u00f3w broni kr\u00f3tkiej i d\u0142ugiej. W tym dowiesz si\u0119, jak wygl\u0105da:<\/p>\n<ul>\n<li>obs\u0142uga pistolet\u00f3w bezkurkowych (typu Glock),<\/li>\n<li>obs\u0142uga pistolet\u00f3w kurkowych (typu 1911, CZ, itp.),<\/li>\n<li>obs\u0142uga pistolet\u00f3w klasycznych \/ zabytkowych (TT, P64, P83),<\/li>\n<li>obs\u0142uga rewolwer\u00f3w,<\/li>\n<li>obs\u0142uga pistolet\u00f3w maszynowych (np. Glauberyt, PPSz41, PM-63 Rak, M1A1 Thomspon, itp.),<\/li>\n<li>obs\u0142uga karabink\u00f3w platformy AR,<\/li>\n<li>obs\u0142uga karabink\u00f3w systemu AK,<\/li>\n<li>obs\u0142uga karabink\u00f3w MSBS Grot,<\/li>\n<li>obs\u0142uga karabink\u00f3w AUG Steyer,<\/li>\n<li>obs\u0142uga karabin\u00f3w powtarzalnych (bolt action),<\/li>\n<li>obs\u0142uga strzelb powtarzalnych (typu pump action).<\/li>\n<\/ul>\n<h2>W praktyce<\/h2>\n<ul>\n<li>Dotkniesz, przymierzysz si\u0119, roz\u0142o\u017cysz i z\u0142o\u017cysz ka\u017cdy typ broni dost\u0119pny na zaj\u0119ciach.<\/li>\n<li>Zrozumiesz dzia\u0142anie r\u00f3\u017cnych rodzaj\u00f3w broni.<\/li>\n<li>Samodzielnie ocenisz, jaki typ broni mo\u017ce by\u0107 dla Ciebie odpowiedni.<\/li>\n<li>Pobrudzisz r\u0119ce smarem, je\u015bli masz na to ochot\u0119.<\/li>\n<li>Postrzelasz!*<\/li>\n<\/ul>\n<h2>Jak si\u0119 zapisa\u0107?<\/h2>\n<p>Wybierz jedn\u0105 z dost\u0119pnych opcji w prawym g\u00f3rnym roku, pod zak\u0142adk\u0105 MIESI\u0104C. Po wybraniu daty i op\u0142aceniu kursu otrzymasz potwierdzenie. Szczeg\u00f3\u0142owe informacje prze\u015blemy Ci na maila kilka dni przed zaj\u0119ciami.<\/p>\n<h2>Dodatkowe pytania<\/h2>\n<h3>Czy musz\u0119 umie\u0107 strzela\u0107?<\/h3>\n<p>Nie musisz. Strzelanie to opcja. Na tych zaj\u0119ciach skupimy si\u0119 na wykorzystaniu broni w filmach. Nie potrzebujesz ani pozwolenia na bro\u0144, ani nawet patentu strzeleckiego.<\/p>\n<h3>Czy b\u0119dziemy strzela\u0107?<\/h3>\n<p>Strzelanie to opcja dla ch\u0119tnych. Po cz\u0119\u015bci teoretycznej \u2013<strong> b\u0119dzie mo\u017cna strzeli\u0107 z ka\u017cdej sztuki broni, kt\u00f3r\u0105 om\u00f3wimy w trakcie zaj\u0119\u0107. To opcja dodatkowo p\u0142atna, przy czym uczestnicy ponios\u0105 jedynie koszt wystrzelonej amunicji<\/strong>. Obs\u0142uga instruktora jest w cenie zaj\u0119\u0107.<\/p>\n<h3>Czy to bezpieczne?<\/h3>\n<p>Oczywi\u015bcie! Niezale\u017cnie od tego na szkoleniu zaczniemy od om\u00f3wienia zasad bezpiecze\u0144stwa w pos\u0142ugiwaniu si\u0119 broni\u0105 paln\u0105 i dopilnujemy, aby zaj\u0119cia by\u0142y absolutnie bezpieczne.<\/p>\n<h3>Czy mog\u0119 zabra\u0107 ze sob\u0105 osob\u0119 niepe\u0142noletni\u0105?<\/h3>\n<p>Oczywi\u015bcie. W Polsce nie ma dolnego limitu wieku dla os\u00f3b niepe\u0142noletnich, zatem zapraszamy na strzelnic\u0119 w ka\u017cdym wieku. Z uwagi na materia\u0142, kt\u00f3remu po\u015bwi\u0119cimy uwag\u0119 woleliby\u015bmy ma zaj\u0119ciach przynajmniej nastolatk\u00f3w!<\/p>\n<p><em>*Dla ochotnik\u00f3w! Opcja dodatkowo p\u0142atna, tylko za zu\u017cyt\u0105 amunicj\u0119.<\/em><\/p>\n","protected":false},"excerpt":{"rendered":"<p><b>Jak dzia\u0142a bro\u0144? Jak jest zbudowana? Dlaczego tak, a nie inaczej? Jak si\u0119 j\u0105 rozk\u0142ada, czy\u015bci, naprawia, konserwuje i na koniec \u2013 sk\u0142ada? Po czym pozna\u0107, \u017ce dany egzemplarz broni jest nowy, a po czym \u017ce jest zu\u017cyty? Jaki pistolet lub karabin wybra\u0107 dla siebie?<\/b><\/p>\n","protected":false},"featured_media":135213,"template":"","meta":[],"product_brand":[],"product_cat":[324],"product_tag":[],"class_list":{"0":"post-130760","1":"product","2":"type-product","3":"status-publish","4":"has-post-thumbnail","6":"product_cat-szkolenia-tematyczne","8":"first","9":"onbackorder","10":"shipping-taxable","11":"purchasable","12":"product-type-variable"},"yoast_head":"<!-- This site is optimized with the Yoast SEO plugin v27.4 - https:\/\/yoast.com\/product\/yoast-seo-wordpress\/ -->\n<title>Jak dzia\u0142a bro\u0144? \u2013 szkolenie<\/title>\n<meta name=\"description\" content=\"Jak dzia\u0142a bro\u0144 i jak jest zbudowana? Technikalia - szkolenie dla wszystkich fan\u00f3w broni palnej organizowane przez Zbrojowni\u0119 Modlin!\" \/>\n<meta name=\"robots\" content=\"index, follow, max-snippet:-1, max-image-preview:large, max-video-preview:-1\" \/>\n<link rel=\"canonical\" href=\"https:\/\/zbrojowniamodlin.pl\/en\/szkolenia\/thematic-training\/technikalia-jak-dziala-bron\/\" \/>\n<meta property=\"og:locale\" content=\"en_US\" \/>\n<meta property=\"og:type\" content=\"article\" \/>\n<meta property=\"og:title\" content=\"Jak dzia\u0142a bro\u0144? \u2013 szkolenie\" \/>\n<meta property=\"og:description\" content=\"Jak dzia\u0142a bro\u0144 i jak jest zbudowana? Technikalia - szkolenie dla wszystkich fan\u00f3w broni palnej organizowane przez Zbrojowni\u0119 Modlin!\" \/>\n<meta property=\"og:url\" content=\"https:\/\/zbrojowniamodlin.pl\/en\/szkolenia\/thematic-training\/technikalia-jak-dziala-bron\/\" \/>\n<meta property=\"og:site_name\" content=\"Zbrojownia Modlin\" \/>\n<meta property=\"article:modified_time\" content=\"2026-03-09T18:02:24+00:00\" \/>\n<meta property=\"og:image\" content=\"https:\/\/zbrojowniamodlin.pl\/wp-content\/uploads\/2025\/01\/matt-rittman-maxresdefault.jpg\" \/>\n\t<meta property=\"og:image:width\" content=\"400\" \/>\n\t<meta property=\"og:image:height\" content=\"400\" \/>\n\t<meta property=\"og:image:type\" content=\"image\/jpeg\" \/>\n<meta name=\"twitter:card\" content=\"summary_large_image\" \/>\n<meta name=\"twitter:label1\" content=\"Est. reading time\" \/>\n\t<meta name=\"twitter:data1\" content=\"4 minutes\" \/>\n<script type=\"application\/ld+json\" class=\"yoast-schema-graph\">{\"@context\":\"https:\\\/\\\/schema.org\",\"@graph\":[{\"@type\":\"WebPage\",\"@id\":\"https:\\\/\\\/zbrojowniamodlin.pl\\\/en\\\/szkolenia\\\/thematic-training\\\/technikalia-jak-dziala-bron\\\/\",\"url\":\"https:\\\/\\\/zbrojowniamodlin.pl\\\/en\\\/szkolenia\\\/thematic-training\\\/technikalia-jak-dziala-bron\\\/\",\"name\":\"Jak dzia\u0142a bro\u0144? \u2013 szkolenie\",\"isPartOf\":{\"@id\":\"https:\\\/\\\/zbrojowniamodlin.pl\\\/en\\\/#website\"},\"primaryImageOfPage\":{\"@id\":\"https:\\\/\\\/zbrojowniamodlin.pl\\\/en\\\/szkolenia\\\/thematic-training\\\/technikalia-jak-dziala-bron\\\/#primaryimage\"},\"image\":{\"@id\":\"https:\\\/\\\/zbrojowniamodlin.pl\\\/en\\\/szkolenia\\\/thematic-training\\\/technikalia-jak-dziala-bron\\\/#primaryimage\"},\"thumbnailUrl\":\"https:\\\/\\\/zbrojowniamodlin.pl\\\/wp-content\\\/uploads\\\/2025\\\/01\\\/matt-rittman-maxresdefault.jpg\",\"datePublished\":\"2025-01-20T14:25:55+00:00\",\"dateModified\":\"2026-03-09T18:02:24+00:00\",\"description\":\"Jak dzia\u0142a bro\u0144 i jak jest zbudowana? Technikalia - szkolenie dla wszystkich fan\u00f3w broni palnej organizowane przez Zbrojowni\u0119 Modlin!\",\"breadcrumb\":{\"@id\":\"https:\\\/\\\/zbrojowniamodlin.pl\\\/en\\\/szkolenia\\\/thematic-training\\\/technikalia-jak-dziala-bron\\\/#breadcrumb\"},\"inLanguage\":\"en-US\",\"potentialAction\":[{\"@type\":\"ReadAction\",\"target\":[\"https:\\\/\\\/zbrojowniamodlin.pl\\\/en\\\/szkolenia\\\/thematic-training\\\/technikalia-jak-dziala-bron\\\/\"]}]},{\"@type\":\"ImageObject\",\"inLanguage\":\"en-US\",\"@id\":\"https:\\\/\\\/zbrojowniamodlin.pl\\\/en\\\/szkolenia\\\/thematic-training\\\/technikalia-jak-dziala-bron\\\/#primaryimage\",\"url\":\"https:\\\/\\\/zbrojowniamodlin.pl\\\/wp-content\\\/uploads\\\/2025\\\/01\\\/matt-rittman-maxresdefault.jpg\",\"contentUrl\":\"https:\\\/\\\/zbrojowniamodlin.pl\\\/wp-content\\\/uploads\\\/2025\\\/01\\\/matt-rittman-maxresdefault.jpg\",\"width\":400,\"height\":400},{\"@type\":\"BreadcrumbList\",\"@id\":\"https:\\\/\\\/zbrojowniamodlin.pl\\\/en\\\/szkolenia\\\/thematic-training\\\/technikalia-jak-dziala-bron\\\/#breadcrumb\",\"itemListElement\":[{\"@type\":\"ListItem\",\"position\":1,\"name\":\"Strona g\u0142\u00f3wna\",\"item\":\"https:\\\/\\\/zbrojowniamodlin.pl\\\/en\\\/\"},{\"@type\":\"ListItem\",\"position\":2,\"name\":\"Store\",\"item\":\"https:\\\/\\\/zbrojowniamodlin.pl\\\/en\\\/shop\\\/\"},{\"@type\":\"ListItem\",\"position\":3,\"name\":\"Technikalia \u2013 Szkolenie jak dzia\u0142a bro\u0144\"}]},{\"@type\":\"WebSite\",\"@id\":\"https:\\\/\\\/zbrojowniamodlin.pl\\\/en\\\/#website\",\"url\":\"https:\\\/\\\/zbrojowniamodlin.pl\\\/en\\\/\",\"name\":\"Zbrojownia Modlin\",\"description\":\"Zbrojownia Modlin\",\"inLanguage\":\"en-US\"}]}<\/script>\n<!-- \/ Yoast SEO plugin. -->","yoast_head_json":{"title":"Jak dzia\u0142a bro\u0144? \u2013 szkolenie","description":"Jak dzia\u0142a bro\u0144 i jak jest zbudowana? Technikalia - szkolenie dla wszystkich fan\u00f3w broni palnej organizowane przez Zbrojowni\u0119 Modlin!","robots":{"index":"index","follow":"follow","max-snippet":"max-snippet:-1","max-image-preview":"max-image-preview:large","max-video-preview":"max-video-preview:-1"},"canonical":"https:\/\/zbrojowniamodlin.pl\/en\/szkolenia\/thematic-training\/technikalia-jak-dziala-bron\/","og_locale":"en_US","og_type":"article","og_title":"Jak dzia\u0142a bro\u0144? \u2013 szkolenie","og_description":"Jak dzia\u0142a bro\u0144 i jak jest zbudowana? Technikalia - szkolenie dla wszystkich fan\u00f3w broni palnej organizowane przez Zbrojowni\u0119 Modlin!","og_url":"https:\/\/zbrojowniamodlin.pl\/en\/szkolenia\/thematic-training\/technikalia-jak-dziala-bron\/","og_site_name":"Zbrojownia Modlin","article_modified_time":"2026-03-09T18:02:24+00:00","og_image":[{"width":400,"height":400,"url":"https:\/\/zbrojowniamodlin.pl\/wp-content\/uploads\/2025\/01\/matt-rittman-maxresdefault.jpg","type":"image\/jpeg"}],"twitter_card":"summary_large_image","twitter_misc":{"Est. reading time":"4 minutes"},"schema":{"@context":"https:\/\/schema.org","@graph":[{"@type":"WebPage","@id":"https:\/\/zbrojowniamodlin.pl\/en\/szkolenia\/thematic-training\/technikalia-jak-dziala-bron\/","url":"https:\/\/zbrojowniamodlin.pl\/en\/szkolenia\/thematic-training\/technikalia-jak-dziala-bron\/","name":"Jak dzia\u0142a bro\u0144? \u2013 szkolenie","isPartOf":{"@id":"https:\/\/zbrojowniamodlin.pl\/en\/#website"},"primaryImageOfPage":{"@id":"https:\/\/zbrojowniamodlin.pl\/en\/szkolenia\/thematic-training\/technikalia-jak-dziala-bron\/#primaryimage"},"image":{"@id":"https:\/\/zbrojowniamodlin.pl\/en\/szkolenia\/thematic-training\/technikalia-jak-dziala-bron\/#primaryimage"},"thumbnailUrl":"https:\/\/zbrojowniamodlin.pl\/wp-content\/uploads\/2025\/01\/matt-rittman-maxresdefault.jpg","datePublished":"2025-01-20T14:25:55+00:00","dateModified":"2026-03-09T18:02:24+00:00","description":"Jak dzia\u0142a bro\u0144 i jak jest zbudowana? Technikalia - szkolenie dla wszystkich fan\u00f3w broni palnej organizowane przez Zbrojowni\u0119 Modlin!","breadcrumb":{"@id":"https:\/\/zbrojowniamodlin.pl\/en\/szkolenia\/thematic-training\/technikalia-jak-dziala-bron\/#breadcrumb"},"inLanguage":"en-US","potentialAction":[{"@type":"ReadAction","target":["https:\/\/zbrojowniamodlin.pl\/en\/szkolenia\/thematic-training\/technikalia-jak-dziala-bron\/"]}]},{"@type":"ImageObject","inLanguage":"en-US","@id":"https:\/\/zbrojowniamodlin.pl\/en\/szkolenia\/thematic-training\/technikalia-jak-dziala-bron\/#primaryimage","url":"https:\/\/zbrojowniamodlin.pl\/wp-content\/uploads\/2025\/01\/matt-rittman-maxresdefault.jpg","contentUrl":"https:\/\/zbrojowniamodlin.pl\/wp-content\/uploads\/2025\/01\/matt-rittman-maxresdefault.jpg","width":400,"height":400},{"@type":"BreadcrumbList","@id":"https:\/\/zbrojowniamodlin.pl\/en\/szkolenia\/thematic-training\/technikalia-jak-dziala-bron\/#breadcrumb","itemListElement":[{"@type":"ListItem","position":1,"name":"Strona g\u0142\u00f3wna","item":"https:\/\/zbrojowniamodlin.pl\/en\/"},{"@type":"ListItem","position":2,"name":"Store","item":"https:\/\/zbrojowniamodlin.pl\/en\/shop\/"},{"@type":"ListItem","position":3,"name":"Technikalia \u2013 Szkolenie jak dzia\u0142a bro\u0144"}]},{"@type":"WebSite","@id":"https:\/\/zbrojowniamodlin.pl\/en\/#website","url":"https:\/\/zbrojowniamodlin.pl\/en\/","name":"Zbrojownia Modlin","description":"Zbrojownia Modlin","inLanguage":"en-US"}]}},"_links":{"self":[{"href":"https:\/\/zbrojowniamodlin.pl\/en\/wp-json\/wp\/v2\/product\/130760","targetHints":{"allow":["GET"]}}],"collection":[{"href":"https:\/\/zbrojowniamodlin.pl\/en\/wp-json\/wp\/v2\/product"}],"about":[{"href":"https:\/\/zbrojowniamodlin.pl\/en\/wp-json\/wp\/v2\/types\/product"}],"wp:featuredmedia":[{"embeddable":true,"href":"https:\/\/zbrojowniamodlin.pl\/en\/wp-json\/wp\/v2\/media\/135213"}],"wp:attachment":[{"href":"https:\/\/zbrojowniamodlin.pl\/en\/wp-json\/wp\/v2\/media?parent=130760"}],"wp:term":[{"taxonomy":"product_brand","embeddable":true,"href":"https:\/\/zbrojowniamodlin.pl\/en\/wp-json\/wp\/v2\/product_brand?post=130760"},{"taxonomy":"product_cat","embeddable":true,"href":"https:\/\/zbrojowniamodlin.pl\/en\/wp-json\/wp\/v2\/product_cat?post=130760"},{"taxonomy":"product_tag","embeddable":true,"href":"https:\/\/zbrojowniamodlin.pl\/en\/wp-json\/wp\/v2\/product_tag?post=130760"}],"curies":[{"name":"wp","href":"https:\/\/api.w.org\/{rel}","templated":true}]}}