{"id":130748,"date":"2025-01-20T15:25:44","date_gmt":"2025-01-20T14:25:44","guid":{"rendered":"https:\/\/zbrojowniamodlin.pl\/?post_type=product&#038;p=130748"},"modified":"2025-02-19T13:38:59","modified_gmt":"2025-02-19T12:38:59","slug":"voucher-silver","status":"publish","type":"product","link":"https:\/\/zbrojowniamodlin.pl\/en\/szkolenia\/vouchers\/voucher-silver\/","title":{"rendered":"Voucher &#8211; Silver"},"content":{"rendered":"<div class=\"entry-content\">\n<p>Jak dzia\u0142a voucher? Osoba obdarowana stawia si\u0119 z nim na strzelnicy i mo\u017ce skorzysta\u0107 z dowolnego typu \/ typ\u00f3w broni w ramach bud\u017cetu danego vouchera. Voucher obejmuje oczywi\u015bcie opiek\u0119 instruktora, miejsce na osi i szkolenie.<\/p>\n<p>W przypadku vouchera w pakiecie Silver:<br \/>\n&#8211; godzina opieki instruktora + miejsce na osi (120 z\u0142)<br \/>\n&#8211; pakiet amunicji dowolnego kalibru do kwoty (180 z\u0142)<\/p>\n<\/div>\n<div class=\"entry-content\">\n<p>Jak pozyska\u0107 voucher? Wystarczy wybra\u0107 w naszym sklepie voucher oraz przekaza\u0107 nam podstawowe dane na temat obdarowanej osoby, kt\u00f3ra wykorzysta sw\u00f3j voucher na naszym obiekcie. Zwrotnie otrzymacie Pa\u0144stwo dane do op\u0142acenia zam\u00f3wionego produktu. Voucher mo\u017cna odebra\u0107 na strzelnicy osobi\u015bcie. Istnieje r\u00f3wnie\u017c mo\u017cliwo\u015b\u0107 wys\u0142ania vouchera firm\u0105 kuriersk\u0105 na wskazany adres.<\/p>\n<p>Przy przekazywaniu kuponu poinformujemy Was o wszystkich wymogach formalnych zwi\u0105zanych z wizyt\u0105 u nas oraz odpowiemy na wszystkie pytania. Zakupu mo\u017cecie dokona\u0107 r\u00f3wnie\u017c mailowo lub telefonicznie.<\/p>\n<\/div>\n","protected":false},"excerpt":{"rendered":"<p>Jak dzia\u0142a voucher? Osoba obdarowana stawia si\u0119 z nim na strzelnicy i mo\u017ce skorzysta\u0107 z dowolnego typu \/ typ\u00f3w broni w ramach bud\u017cetu danego vouchera. Voucher obejmuje oczywi\u015bcie opiek\u0119 instruktora, miejsce na osi i szkolenie. W przypadku vouchera w pakiecie Silver: &#8211; godzina opieki instruktora + miejsce na osi (120 z\u0142) &#8211; pakiet amunicji dowolnego [&hellip;]<\/p>\n","protected":false},"featured_media":130749,"template":"","meta":[],"product_brand":[],"product_cat":[326],"product_tag":[],"class_list":{"0":"post-130748","1":"product","2":"type-product","3":"status-publish","4":"has-post-thumbnail","6":"product_cat-vouchery","8":"first","9":"instock","10":"shipping-taxable","11":"purchasable","12":"product-type-simple"},"yoast_head":"<!-- This site is optimized with the Yoast SEO plugin v27.3 - https:\/\/yoast.com\/product\/yoast-seo-wordpress\/ -->\n<title>Voucher - Silver - Zbrojownia Modlin<\/title>\n<meta name=\"robots\" content=\"index, follow, max-snippet:-1, max-image-preview:large, max-video-preview:-1\" \/>\n<link rel=\"canonical\" href=\"https:\/\/zbrojowniamodlin.pl\/en\/szkolenia\/vouchers\/voucher-silver\/\" \/>\n<meta property=\"og:locale\" content=\"en_US\" \/>\n<meta property=\"og:type\" content=\"article\" \/>\n<meta property=\"og:title\" content=\"Voucher - Silver - Zbrojownia Modlin\" \/>\n<meta property=\"og:description\" content=\"Jak dzia\u0142a voucher? Osoba obdarowana stawia si\u0119 z nim na strzelnicy i mo\u017ce skorzysta\u0107 z dowolnego typu \/ typ\u00f3w broni w ramach bud\u017cetu danego vouchera. Voucher obejmuje oczywi\u015bcie opiek\u0119 instruktora, miejsce na osi i szkolenie. W przypadku vouchera w pakiecie Silver: &#8211; godzina opieki instruktora + miejsce na osi (120 z\u0142) &#8211; pakiet amunicji dowolnego [&hellip;]\" \/>\n<meta property=\"og:url\" content=\"https:\/\/zbrojowniamodlin.pl\/en\/szkolenia\/vouchers\/voucher-silver\/\" \/>\n<meta property=\"og:site_name\" content=\"Zbrojownia Modlin\" \/>\n<meta property=\"article:modified_time\" content=\"2025-02-19T12:38:59+00:00\" \/>\n<meta property=\"og:image\" content=\"https:\/\/zbrojowniamodlin.pl\/wp-content\/uploads\/2025\/01\/signal-2021-08-14-134912_002.jpeg\" \/>\n\t<meta property=\"og:image:width\" content=\"1536\" \/>\n\t<meta property=\"og:image:height\" content=\"1152\" \/>\n\t<meta property=\"og:image:type\" content=\"image\/jpeg\" \/>\n<meta name=\"twitter:card\" content=\"summary_large_image\" \/>\n<meta name=\"twitter:label1\" content=\"Est. reading time\" \/>\n\t<meta name=\"twitter:data1\" content=\"1 minute\" \/>\n<script type=\"application\/ld+json\" class=\"yoast-schema-graph\">{\"@context\":\"https:\\\/\\\/schema.org\",\"@graph\":[{\"@type\":\"WebPage\",\"@id\":\"https:\\\/\\\/zbrojowniamodlin.pl\\\/en\\\/szkolenia\\\/vouchers\\\/voucher-silver\\\/\",\"url\":\"https:\\\/\\\/zbrojowniamodlin.pl\\\/en\\\/szkolenia\\\/vouchers\\\/voucher-silver\\\/\",\"name\":\"Voucher - Silver - Zbrojownia Modlin\",\"isPartOf\":{\"@id\":\"https:\\\/\\\/zbrojowniamodlin.pl\\\/en\\\/#website\"},\"primaryImageOfPage\":{\"@id\":\"https:\\\/\\\/zbrojowniamodlin.pl\\\/en\\\/szkolenia\\\/vouchers\\\/voucher-silver\\\/#primaryimage\"},\"image\":{\"@id\":\"https:\\\/\\\/zbrojowniamodlin.pl\\\/en\\\/szkolenia\\\/vouchers\\\/voucher-silver\\\/#primaryimage\"},\"thumbnailUrl\":\"https:\\\/\\\/zbrojowniamodlin.pl\\\/wp-content\\\/uploads\\\/2025\\\/01\\\/signal-2021-08-14-134912_002.jpeg\",\"datePublished\":\"2025-01-20T14:25:44+00:00\",\"dateModified\":\"2025-02-19T12:38:59+00:00\",\"breadcrumb\":{\"@id\":\"https:\\\/\\\/zbrojowniamodlin.pl\\\/en\\\/szkolenia\\\/vouchers\\\/voucher-silver\\\/#breadcrumb\"},\"inLanguage\":\"en-US\",\"potentialAction\":[{\"@type\":\"ReadAction\",\"target\":[\"https:\\\/\\\/zbrojowniamodlin.pl\\\/en\\\/szkolenia\\\/vouchers\\\/voucher-silver\\\/\"]}]},{\"@type\":\"ImageObject\",\"inLanguage\":\"en-US\",\"@id\":\"https:\\\/\\\/zbrojowniamodlin.pl\\\/en\\\/szkolenia\\\/vouchers\\\/voucher-silver\\\/#primaryimage\",\"url\":\"https:\\\/\\\/zbrojowniamodlin.pl\\\/wp-content\\\/uploads\\\/2025\\\/01\\\/signal-2021-08-14-134912_002.jpeg\",\"contentUrl\":\"https:\\\/\\\/zbrojowniamodlin.pl\\\/wp-content\\\/uploads\\\/2025\\\/01\\\/signal-2021-08-14-134912_002.jpeg\",\"width\":1536,\"height\":1152},{\"@type\":\"BreadcrumbList\",\"@id\":\"https:\\\/\\\/zbrojowniamodlin.pl\\\/en\\\/szkolenia\\\/vouchers\\\/voucher-silver\\\/#breadcrumb\",\"itemListElement\":[{\"@type\":\"ListItem\",\"position\":1,\"name\":\"Strona g\u0142\u00f3wna\",\"item\":\"https:\\\/\\\/zbrojowniamodlin.pl\\\/en\\\/\"},{\"@type\":\"ListItem\",\"position\":2,\"name\":\"Store\",\"item\":\"https:\\\/\\\/zbrojowniamodlin.pl\\\/en\\\/shop\\\/\"},{\"@type\":\"ListItem\",\"position\":3,\"name\":\"Voucher &#8211; Silver\"}]},{\"@type\":\"WebSite\",\"@id\":\"https:\\\/\\\/zbrojowniamodlin.pl\\\/en\\\/#website\",\"url\":\"https:\\\/\\\/zbrojowniamodlin.pl\\\/en\\\/\",\"name\":\"Zbrojownia Modlin\",\"description\":\"Zbrojownia Modlin\",\"inLanguage\":\"en-US\"}]}<\/script>\n<!-- \/ Yoast SEO plugin. -->","yoast_head_json":{"title":"Voucher - Silver - Zbrojownia Modlin","robots":{"index":"index","follow":"follow","max-snippet":"max-snippet:-1","max-image-preview":"max-image-preview:large","max-video-preview":"max-video-preview:-1"},"canonical":"https:\/\/zbrojowniamodlin.pl\/en\/szkolenia\/vouchers\/voucher-silver\/","og_locale":"en_US","og_type":"article","og_title":"Voucher - Silver - Zbrojownia Modlin","og_description":"Jak dzia\u0142a voucher? Osoba obdarowana stawia si\u0119 z nim na strzelnicy i mo\u017ce skorzysta\u0107 z dowolnego typu \/ typ\u00f3w broni w ramach bud\u017cetu danego vouchera. Voucher obejmuje oczywi\u015bcie opiek\u0119 instruktora, miejsce na osi i szkolenie. W przypadku vouchera w pakiecie Silver: &#8211; godzina opieki instruktora + miejsce na osi (120 z\u0142) &#8211; pakiet amunicji dowolnego [&hellip;]","og_url":"https:\/\/zbrojowniamodlin.pl\/en\/szkolenia\/vouchers\/voucher-silver\/","og_site_name":"Zbrojownia Modlin","article_modified_time":"2025-02-19T12:38:59+00:00","og_image":[{"width":1536,"height":1152,"url":"https:\/\/zbrojowniamodlin.pl\/wp-content\/uploads\/2025\/01\/signal-2021-08-14-134912_002.jpeg","type":"image\/jpeg"}],"twitter_card":"summary_large_image","twitter_misc":{"Est. reading time":"1 minute"},"schema":{"@context":"https:\/\/schema.org","@graph":[{"@type":"WebPage","@id":"https:\/\/zbrojowniamodlin.pl\/en\/szkolenia\/vouchers\/voucher-silver\/","url":"https:\/\/zbrojowniamodlin.pl\/en\/szkolenia\/vouchers\/voucher-silver\/","name":"Voucher - Silver - Zbrojownia Modlin","isPartOf":{"@id":"https:\/\/zbrojowniamodlin.pl\/en\/#website"},"primaryImageOfPage":{"@id":"https:\/\/zbrojowniamodlin.pl\/en\/szkolenia\/vouchers\/voucher-silver\/#primaryimage"},"image":{"@id":"https:\/\/zbrojowniamodlin.pl\/en\/szkolenia\/vouchers\/voucher-silver\/#primaryimage"},"thumbnailUrl":"https:\/\/zbrojowniamodlin.pl\/wp-content\/uploads\/2025\/01\/signal-2021-08-14-134912_002.jpeg","datePublished":"2025-01-20T14:25:44+00:00","dateModified":"2025-02-19T12:38:59+00:00","breadcrumb":{"@id":"https:\/\/zbrojowniamodlin.pl\/en\/szkolenia\/vouchers\/voucher-silver\/#breadcrumb"},"inLanguage":"en-US","potentialAction":[{"@type":"ReadAction","target":["https:\/\/zbrojowniamodlin.pl\/en\/szkolenia\/vouchers\/voucher-silver\/"]}]},{"@type":"ImageObject","inLanguage":"en-US","@id":"https:\/\/zbrojowniamodlin.pl\/en\/szkolenia\/vouchers\/voucher-silver\/#primaryimage","url":"https:\/\/zbrojowniamodlin.pl\/wp-content\/uploads\/2025\/01\/signal-2021-08-14-134912_002.jpeg","contentUrl":"https:\/\/zbrojowniamodlin.pl\/wp-content\/uploads\/2025\/01\/signal-2021-08-14-134912_002.jpeg","width":1536,"height":1152},{"@type":"BreadcrumbList","@id":"https:\/\/zbrojowniamodlin.pl\/en\/szkolenia\/vouchers\/voucher-silver\/#breadcrumb","itemListElement":[{"@type":"ListItem","position":1,"name":"Strona g\u0142\u00f3wna","item":"https:\/\/zbrojowniamodlin.pl\/en\/"},{"@type":"ListItem","position":2,"name":"Store","item":"https:\/\/zbrojowniamodlin.pl\/en\/shop\/"},{"@type":"ListItem","position":3,"name":"Voucher &#8211; Silver"}]},{"@type":"WebSite","@id":"https:\/\/zbrojowniamodlin.pl\/en\/#website","url":"https:\/\/zbrojowniamodlin.pl\/en\/","name":"Zbrojownia Modlin","description":"Zbrojownia Modlin","inLanguage":"en-US"}]}},"_links":{"self":[{"href":"https:\/\/zbrojowniamodlin.pl\/en\/wp-json\/wp\/v2\/product\/130748","targetHints":{"allow":["GET"]}}],"collection":[{"href":"https:\/\/zbrojowniamodlin.pl\/en\/wp-json\/wp\/v2\/product"}],"about":[{"href":"https:\/\/zbrojowniamodlin.pl\/en\/wp-json\/wp\/v2\/types\/product"}],"wp:featuredmedia":[{"embeddable":true,"href":"https:\/\/zbrojowniamodlin.pl\/en\/wp-json\/wp\/v2\/media\/130749"}],"wp:attachment":[{"href":"https:\/\/zbrojowniamodlin.pl\/en\/wp-json\/wp\/v2\/media?parent=130748"}],"wp:term":[{"taxonomy":"product_brand","embeddable":true,"href":"https:\/\/zbrojowniamodlin.pl\/en\/wp-json\/wp\/v2\/product_brand?post=130748"},{"taxonomy":"product_cat","embeddable":true,"href":"https:\/\/zbrojowniamodlin.pl\/en\/wp-json\/wp\/v2\/product_cat?post=130748"},{"taxonomy":"product_tag","embeddable":true,"href":"https:\/\/zbrojowniamodlin.pl\/en\/wp-json\/wp\/v2\/product_tag?post=130748"}],"curies":[{"name":"wp","href":"https:\/\/api.w.org\/{rel}","templated":true}]}}