{"id":130745,"date":"2025-01-20T15:25:01","date_gmt":"2025-01-20T14:25:01","guid":{"rendered":"https:\/\/zbrojowniamodlin.pl\/?post_type=product&#038;p=130745"},"modified":"2025-07-21T13:10:51","modified_gmt":"2025-07-21T11:10:51","slug":"voucher-patent-strzelecki","status":"publish","type":"product","link":"https:\/\/zbrojowniamodlin.pl\/en\/szkolenia\/vouchers\/voucher-patent-strzelecki\/","title":{"rendered":"Voucher &#8211; Patent strzelecki"},"content":{"rendered":"<p>Szukasz pomys\u0142u na niebanalny prezent? Podaruj zatem wiedz\u0119, emocje i znakomicie sp\u0119dzony czas w Centrum Szkoleniowym Zbrojownia Modlin\u203c\ufe0f<\/p>\n<p><strong>Voucher &#8211; Patent strzelecki<\/strong><\/p>\n<p>Kurs przygotowuj\u0105cy do egzaminu na patent strzelecki. To opcja kierowana do os\u00f3b, kt\u00f3re nie s\u0105 ju\u017c zrzeszone w strzeleckim klubie sportowym zrzeszonym z PZSS i kt\u00f3re docelowo chc\u0105 uzyska\u0107 swoje pozwolenie na bro\u0144.<\/p>\n<div class=\"x11i5rnm xat24cr x1mh8g0r x1vvkbs xtlvy1s\"><span style=\"text-decoration: underline;\">Kurs obejmuje teoretyczne i praktyczne aspekty wymagane na egzaminie na patent strzelecki<\/span>. Tematy, kt\u00f3rymi si\u0119 zajmiemy to:<\/div>\n<div class=\"x11i5rnm xat24cr x1mh8g0r x1vvkbs xtlvy1s\">\u2013 przepisy zwi\u0105zane ze strzelectwem oraz sportem strzeleckim (Ustawa o broni i amunicji)<br \/>\n\u2013 przepisy techniczne ISSF oraz PZSS<br \/>\n\u2013 zasady bezpiecze\u0144stwa na strzelnicy<br \/>\n\u2013 budowa i zasada dzia\u0142ania r\u00f3\u017cnych typ\u00f3w broni palnej<br \/>\n\u2013 techniki strzelania w r\u00f3\u017cnych postawach<br \/>\n\u2013 przyczyny i usuwanie zaci\u0119\u0107<\/div>\n<div><\/div>\n<div class=\"x11i5rnm xat24cr x1mh8g0r x1vvkbs xtlvy1s\">W trakcie szkolenia praktycznego uczestnicy odb\u0119d\u0105 r\u00f3wnie\u017c strzelanie z broni klubowej (pistolet 22LR, karabin 22LR, strzelba). Szkolenie odb\u0119dzie si\u0119 na broni na kt\u00f3rej prowadzony b\u0119dzie egzamin.W trakcie szkolenia uczestnicy b\u0119d\u0105 mieli do dyspozycji bro\u0144 klubow\u0105 oraz:<br \/>\n\u2013 250 szt. amunicji 22LR<br \/>\n\u2013 25 szt. amunicji 12\/70<\/div>\n<div><\/div>\n<div>Pakiet obejmuje wpisanie uczestnika do Klubu Strzelecko Kolekcjonerskiego Zbrojownia Modlin wraz z op\u0142aceniem sk\u0142adki cz\u0142onkowskiej na rok 2024.<\/div>\n<div class=\"x11i5rnm xat24cr x1mh8g0r x1vvkbs xtlvy1s\"><\/div>\n<div class=\"x11i5rnm xat24cr x1mh8g0r x1vvkbs xtlvy1s\">Plan szkolenia:<\/div>\n<div class=\"x11i5rnm xat24cr x1mh8g0r x1vvkbs xtlvy1s\">Szkolenie prowadzone b\u0119dzie w formule serii spotka\u0144. W trakcie tych spotka\u0144 om\u00f3wimy teori\u0119 i prze\u0107wiczymy praktyk\u0119 w formule:<br \/>\n\u2013 dzie\u0144 #1: spotkanie organizacyjne, cz\u0119\u015b\u0107 teoretyczna,<\/div>\n<div>&#8211; kolejne spotkania &#8211; strzelania z instruktorem w ustalone dni<\/div>\n<div><\/div>\n<div class=\"x11i5rnm xat24cr x1mh8g0r x1vvkbs xtlvy1s\"><span class=\"html-span xexx8yu x4uap5 x18d9i69 xkhd6sd x1hl2dhg x16tdsg8 x1vvkbs x3nfvp2 x1j61x8r x1fcty0u xdj266r xat24cr xgzva0m xhhsvwb xxymvpz xlup9mm x1kky2od\"><img loading=\"lazy\" decoding=\"async\" class=\"xz74otr\" src=\"https:\/\/static.xx.fbcdn.net\/images\/emoji.php\/v9\/tb0\/1\/16\/1f3af.png\" alt=\"?\" width=\"16\" height=\"16\" \/><\/span>Kiedy i gdzie mo\u017cna zrealizowa\u0107 voucher? <strong>W dowolnie wybranym terminie do 12 miesi\u0119cy od zakupu vouchera<\/strong>, Strzelnica Zbrojownia Modlin<\/div>\n","protected":false},"excerpt":{"rendered":"<p>Szukasz pomys\u0142u na niebanalny prezent? Podaruj zatem wiedz\u0119, emocje i znakomicie sp\u0119dzony czas w Centrum Szkoleniowym Zbrojownia Modlin\u203c\ufe0f Voucher &#8211; Patent strzelecki Kurs przygotowuj\u0105cy do egzaminu na patent strzelecki. To opcja kierowana do os\u00f3b, kt\u00f3re nie s\u0105 ju\u017c zrzeszone w strzeleckim klubie sportowym zrzeszonym z PZSS i kt\u00f3re docelowo chc\u0105 uzyska\u0107 swoje pozwolenie na bro\u0144. [&hellip;]<\/p>\n","protected":false},"featured_media":130746,"template":"","meta":[],"product_brand":[],"product_cat":[326],"product_tag":[],"class_list":{"0":"post-130745","1":"product","2":"type-product","3":"status-publish","4":"has-post-thumbnail","6":"product_cat-vouchery","8":"first","9":"instock","10":"shipping-taxable","11":"purchasable","12":"product-type-simple"},"yoast_head":"<!-- This site is optimized with the Yoast SEO plugin v27.3 - https:\/\/yoast.com\/product\/yoast-seo-wordpress\/ -->\n<title>Voucher - Patent strzelecki - Zbrojownia Modlin<\/title>\n<meta name=\"robots\" content=\"index, follow, max-snippet:-1, max-image-preview:large, max-video-preview:-1\" \/>\n<link rel=\"canonical\" href=\"https:\/\/zbrojowniamodlin.pl\/en\/szkolenia\/vouchers\/voucher-patent-strzelecki\/\" \/>\n<meta property=\"og:locale\" content=\"en_US\" \/>\n<meta property=\"og:type\" content=\"article\" \/>\n<meta property=\"og:title\" content=\"Voucher - Patent strzelecki - Zbrojownia Modlin\" \/>\n<meta property=\"og:description\" content=\"Szukasz pomys\u0142u na niebanalny prezent? Podaruj zatem wiedz\u0119, emocje i znakomicie sp\u0119dzony czas w Centrum Szkoleniowym Zbrojownia Modlin\u203c\ufe0f Voucher &#8211; Patent strzelecki Kurs przygotowuj\u0105cy do egzaminu na patent strzelecki. To opcja kierowana do os\u00f3b, kt\u00f3re nie s\u0105 ju\u017c zrzeszone w strzeleckim klubie sportowym zrzeszonym z PZSS i kt\u00f3re docelowo chc\u0105 uzyska\u0107 swoje pozwolenie na bro\u0144. [&hellip;]\" \/>\n<meta property=\"og:url\" content=\"https:\/\/zbrojowniamodlin.pl\/en\/szkolenia\/vouchers\/voucher-patent-strzelecki\/\" \/>\n<meta property=\"og:site_name\" content=\"Zbrojownia Modlin\" \/>\n<meta property=\"article:modified_time\" content=\"2025-07-21T11:10:51+00:00\" \/>\n<meta property=\"og:image\" content=\"https:\/\/zbrojowniamodlin.pl\/wp-content\/uploads\/2025\/01\/patent.jpg\" \/>\n\t<meta property=\"og:image:width\" content=\"1080\" \/>\n\t<meta property=\"og:image:height\" content=\"1080\" \/>\n\t<meta property=\"og:image:type\" content=\"image\/jpeg\" \/>\n<meta name=\"twitter:card\" content=\"summary_large_image\" \/>\n<meta name=\"twitter:label1\" content=\"Est. reading time\" \/>\n\t<meta name=\"twitter:data1\" content=\"2 minutes\" \/>\n<script type=\"application\/ld+json\" class=\"yoast-schema-graph\">{\"@context\":\"https:\\\/\\\/schema.org\",\"@graph\":[{\"@type\":\"WebPage\",\"@id\":\"https:\\\/\\\/zbrojowniamodlin.pl\\\/en\\\/szkolenia\\\/vouchers\\\/voucher-patent-strzelecki\\\/\",\"url\":\"https:\\\/\\\/zbrojowniamodlin.pl\\\/en\\\/szkolenia\\\/vouchers\\\/voucher-patent-strzelecki\\\/\",\"name\":\"Voucher - Patent strzelecki - Zbrojownia Modlin\",\"isPartOf\":{\"@id\":\"https:\\\/\\\/zbrojowniamodlin.pl\\\/en\\\/#website\"},\"primaryImageOfPage\":{\"@id\":\"https:\\\/\\\/zbrojowniamodlin.pl\\\/en\\\/szkolenia\\\/vouchers\\\/voucher-patent-strzelecki\\\/#primaryimage\"},\"image\":{\"@id\":\"https:\\\/\\\/zbrojowniamodlin.pl\\\/en\\\/szkolenia\\\/vouchers\\\/voucher-patent-strzelecki\\\/#primaryimage\"},\"thumbnailUrl\":\"https:\\\/\\\/zbrojowniamodlin.pl\\\/wp-content\\\/uploads\\\/2025\\\/01\\\/patent.jpg\",\"datePublished\":\"2025-01-20T14:25:01+00:00\",\"dateModified\":\"2025-07-21T11:10:51+00:00\",\"breadcrumb\":{\"@id\":\"https:\\\/\\\/zbrojowniamodlin.pl\\\/en\\\/szkolenia\\\/vouchers\\\/voucher-patent-strzelecki\\\/#breadcrumb\"},\"inLanguage\":\"en-US\",\"potentialAction\":[{\"@type\":\"ReadAction\",\"target\":[\"https:\\\/\\\/zbrojowniamodlin.pl\\\/en\\\/szkolenia\\\/vouchers\\\/voucher-patent-strzelecki\\\/\"]}]},{\"@type\":\"ImageObject\",\"inLanguage\":\"en-US\",\"@id\":\"https:\\\/\\\/zbrojowniamodlin.pl\\\/en\\\/szkolenia\\\/vouchers\\\/voucher-patent-strzelecki\\\/#primaryimage\",\"url\":\"https:\\\/\\\/zbrojowniamodlin.pl\\\/wp-content\\\/uploads\\\/2025\\\/01\\\/patent.jpg\",\"contentUrl\":\"https:\\\/\\\/zbrojowniamodlin.pl\\\/wp-content\\\/uploads\\\/2025\\\/01\\\/patent.jpg\",\"width\":1080,\"height\":1080},{\"@type\":\"BreadcrumbList\",\"@id\":\"https:\\\/\\\/zbrojowniamodlin.pl\\\/en\\\/szkolenia\\\/vouchers\\\/voucher-patent-strzelecki\\\/#breadcrumb\",\"itemListElement\":[{\"@type\":\"ListItem\",\"position\":1,\"name\":\"Strona g\u0142\u00f3wna\",\"item\":\"https:\\\/\\\/zbrojowniamodlin.pl\\\/en\\\/\"},{\"@type\":\"ListItem\",\"position\":2,\"name\":\"Store\",\"item\":\"https:\\\/\\\/zbrojowniamodlin.pl\\\/en\\\/shop\\\/\"},{\"@type\":\"ListItem\",\"position\":3,\"name\":\"Voucher &#8211; Patent strzelecki\"}]},{\"@type\":\"WebSite\",\"@id\":\"https:\\\/\\\/zbrojowniamodlin.pl\\\/en\\\/#website\",\"url\":\"https:\\\/\\\/zbrojowniamodlin.pl\\\/en\\\/\",\"name\":\"Zbrojownia Modlin\",\"description\":\"Zbrojownia Modlin\",\"inLanguage\":\"en-US\"}]}<\/script>\n<!-- \/ Yoast SEO plugin. -->","yoast_head_json":{"title":"Voucher - Patent strzelecki - Zbrojownia Modlin","robots":{"index":"index","follow":"follow","max-snippet":"max-snippet:-1","max-image-preview":"max-image-preview:large","max-video-preview":"max-video-preview:-1"},"canonical":"https:\/\/zbrojowniamodlin.pl\/en\/szkolenia\/vouchers\/voucher-patent-strzelecki\/","og_locale":"en_US","og_type":"article","og_title":"Voucher - Patent strzelecki - Zbrojownia Modlin","og_description":"Szukasz pomys\u0142u na niebanalny prezent? Podaruj zatem wiedz\u0119, emocje i znakomicie sp\u0119dzony czas w Centrum Szkoleniowym Zbrojownia Modlin\u203c\ufe0f Voucher &#8211; Patent strzelecki Kurs przygotowuj\u0105cy do egzaminu na patent strzelecki. To opcja kierowana do os\u00f3b, kt\u00f3re nie s\u0105 ju\u017c zrzeszone w strzeleckim klubie sportowym zrzeszonym z PZSS i kt\u00f3re docelowo chc\u0105 uzyska\u0107 swoje pozwolenie na bro\u0144. [&hellip;]","og_url":"https:\/\/zbrojowniamodlin.pl\/en\/szkolenia\/vouchers\/voucher-patent-strzelecki\/","og_site_name":"Zbrojownia Modlin","article_modified_time":"2025-07-21T11:10:51+00:00","og_image":[{"width":1080,"height":1080,"url":"https:\/\/zbrojowniamodlin.pl\/wp-content\/uploads\/2025\/01\/patent.jpg","type":"image\/jpeg"}],"twitter_card":"summary_large_image","twitter_misc":{"Est. reading time":"2 minutes"},"schema":{"@context":"https:\/\/schema.org","@graph":[{"@type":"WebPage","@id":"https:\/\/zbrojowniamodlin.pl\/en\/szkolenia\/vouchers\/voucher-patent-strzelecki\/","url":"https:\/\/zbrojowniamodlin.pl\/en\/szkolenia\/vouchers\/voucher-patent-strzelecki\/","name":"Voucher - Patent strzelecki - Zbrojownia Modlin","isPartOf":{"@id":"https:\/\/zbrojowniamodlin.pl\/en\/#website"},"primaryImageOfPage":{"@id":"https:\/\/zbrojowniamodlin.pl\/en\/szkolenia\/vouchers\/voucher-patent-strzelecki\/#primaryimage"},"image":{"@id":"https:\/\/zbrojowniamodlin.pl\/en\/szkolenia\/vouchers\/voucher-patent-strzelecki\/#primaryimage"},"thumbnailUrl":"https:\/\/zbrojowniamodlin.pl\/wp-content\/uploads\/2025\/01\/patent.jpg","datePublished":"2025-01-20T14:25:01+00:00","dateModified":"2025-07-21T11:10:51+00:00","breadcrumb":{"@id":"https:\/\/zbrojowniamodlin.pl\/en\/szkolenia\/vouchers\/voucher-patent-strzelecki\/#breadcrumb"},"inLanguage":"en-US","potentialAction":[{"@type":"ReadAction","target":["https:\/\/zbrojowniamodlin.pl\/en\/szkolenia\/vouchers\/voucher-patent-strzelecki\/"]}]},{"@type":"ImageObject","inLanguage":"en-US","@id":"https:\/\/zbrojowniamodlin.pl\/en\/szkolenia\/vouchers\/voucher-patent-strzelecki\/#primaryimage","url":"https:\/\/zbrojowniamodlin.pl\/wp-content\/uploads\/2025\/01\/patent.jpg","contentUrl":"https:\/\/zbrojowniamodlin.pl\/wp-content\/uploads\/2025\/01\/patent.jpg","width":1080,"height":1080},{"@type":"BreadcrumbList","@id":"https:\/\/zbrojowniamodlin.pl\/en\/szkolenia\/vouchers\/voucher-patent-strzelecki\/#breadcrumb","itemListElement":[{"@type":"ListItem","position":1,"name":"Strona g\u0142\u00f3wna","item":"https:\/\/zbrojowniamodlin.pl\/en\/"},{"@type":"ListItem","position":2,"name":"Store","item":"https:\/\/zbrojowniamodlin.pl\/en\/shop\/"},{"@type":"ListItem","position":3,"name":"Voucher &#8211; Patent strzelecki"}]},{"@type":"WebSite","@id":"https:\/\/zbrojowniamodlin.pl\/en\/#website","url":"https:\/\/zbrojowniamodlin.pl\/en\/","name":"Zbrojownia Modlin","description":"Zbrojownia Modlin","inLanguage":"en-US"}]}},"_links":{"self":[{"href":"https:\/\/zbrojowniamodlin.pl\/en\/wp-json\/wp\/v2\/product\/130745","targetHints":{"allow":["GET"]}}],"collection":[{"href":"https:\/\/zbrojowniamodlin.pl\/en\/wp-json\/wp\/v2\/product"}],"about":[{"href":"https:\/\/zbrojowniamodlin.pl\/en\/wp-json\/wp\/v2\/types\/product"}],"wp:featuredmedia":[{"embeddable":true,"href":"https:\/\/zbrojowniamodlin.pl\/en\/wp-json\/wp\/v2\/media\/130746"}],"wp:attachment":[{"href":"https:\/\/zbrojowniamodlin.pl\/en\/wp-json\/wp\/v2\/media?parent=130745"}],"wp:term":[{"taxonomy":"product_brand","embeddable":true,"href":"https:\/\/zbrojowniamodlin.pl\/en\/wp-json\/wp\/v2\/product_brand?post=130745"},{"taxonomy":"product_cat","embeddable":true,"href":"https:\/\/zbrojowniamodlin.pl\/en\/wp-json\/wp\/v2\/product_cat?post=130745"},{"taxonomy":"product_tag","embeddable":true,"href":"https:\/\/zbrojowniamodlin.pl\/en\/wp-json\/wp\/v2\/product_tag?post=130745"}],"curies":[{"name":"wp","href":"https:\/\/api.w.org\/{rel}","templated":true}]}}