{"id":130718,"date":"2025-01-20T15:25:57","date_gmt":"2025-01-20T14:25:57","guid":{"rendered":"https:\/\/zbrojowniamodlin.pl\/?post_type=product&#038;p=130718"},"modified":"2025-12-15T21:27:59","modified_gmt":"2025-12-15T20:27:59","slug":"voucher-kurs-prowadzacy-strzelanie-lok","status":"publish","type":"product","link":"https:\/\/zbrojowniamodlin.pl\/en\/szkolenia\/vouchers\/voucher-kurs-prowadzacy-strzelanie-lok\/","title":{"rendered":"Voucher: Kurs Prowadz\u0105cy Strzelanie LOK"},"content":{"rendered":"<p>Szukasz pomys\u0142u na niebanalny prezent? Podaruj zatem wiedz\u0119, emocje i znakomicie sp\u0119dzony czas w Centrum Szkoleniowym Zbrojownia Modlin\u203c\ufe0f<\/p>\n<p><strong>Kurs Prowadz\u0105cego Strzelanie Ligi Obrony Kraju<\/strong><\/p>\n<div class=\"xdj266r x11i5rnm xat24cr x1mh8g0r x1vvkbs\">Kurs Prowadz\u0105cego Strzelanie zapewni Ci komfort, wiedz\u0119 i kompetencj\u0119 podczas Twoich wizyt na strzelnicy! Dzi\u0119ki tym uprawnieniom mo\u017cesz samodzielnie nadzorowa\u0107 strzelania realizowane wraz z Twoimi znajomymi lub rodzin\u0105.<\/div>\n<div><\/div>\n<div class=\"x11i5rnm xat24cr x1mh8g0r x1vvkbs xtlvy1s\">Aby podej\u015b\u0107 do kursu nie jest wymagane pozwolenie na bro\u0144 paln\u0105. Jednocze\u015bnie oczekujemy od Ciebie umiej\u0119tno\u015bci pos\u0142ugiwania si\u0119 broni\u0105 paln\u0105. Kurs ten jest dedykowany dla os\u00f3b kt\u00f3re naby\u0142y podstawow\u0105 wiedz\u0119 z zakresu pos\u0142ugiwania si\u0119 broni\u0105 i amunicj\u0105. Osoba uczestnicz\u0105ca w kursie nie musi by\u0107 cz\u0142onkiem stowarzyszenia strzeleckiego, klubu strzeleckiego, posiada\u0107 patentu, licencji.<\/div>\n<div><\/div>\n<div>Kiedy i gdzie? <strong>W dowolnie wybranym terminie do 12 miesi\u0119cy od daty zakupu vouchera<\/strong>, Strzelnica Zbrojownia Modlin<\/div>\n<h4 class=\"x11i5rnm xat24cr x1mh8g0r x1vvkbs xtlvy1s\">? Wymagania:<\/h4>\n<div class=\"x11i5rnm xat24cr x1mh8g0r x1vvkbs xtlvy1s\">&#8211; uko\u0144czone 21 lat,<br class=\"html-br\" \/>&#8211; umiej\u0119tno\u015b\u0107 bezpiecznego pos\u0142ugiwania si\u0119 broni\u0105 paln\u0105,<br class=\"html-br\" \/>&#8211; dobry stan zdrowia.<\/div>\n<div><\/div>\n<div><\/div>\n<div class=\"x11i5rnm xat24cr x1mh8g0r x1vvkbs xtlvy1s\">? Po uko\u0144czeniu kursu uczestnik uzyskuje uprawnienia prowadz\u0105cego strzelanie wydane przez Zarz\u0105d G\u0142\u00f3wny <a href=\"http:\/\/lok.org.pl\/\">Ligii Obrony Kraju<\/a>. Uczestnik szkolenia nabywa kwalifikacj\u0119 do prowadzenia i nadzorowania strzela\u0144 z broni:<br class=\"html-br\" \/>A &#8211; pneumatyczna<br class=\"html-br\" \/>B &#8211; palna bocznego zap\u0142onu<br class=\"html-br\" \/>C &#8211; palna centralnego zap\u0142onu<br class=\"html-br\" \/>D &#8211; maszynowa (pistolet)<br class=\"html-br\" \/>E &#8211; samoczynna<br class=\"html-br\" \/>F &#8211; g\u0142adkolufowa (powtarzalna)<br class=\"html-br\" \/>G &#8211; g\u0142adkolufowa<br class=\"html-br\" \/>H- czarnoprochowa<\/div>\n<div><\/div>\n<h4 class=\"x11i5rnm xat24cr x1mh8g0r x1vvkbs xtlvy1s\">Zadania prowadz\u0105cego strzelanie:<\/h4>\n<div class=\"x11i5rnm xat24cr x1mh8g0r x1vvkbs xtlvy1s\">1.odpowiada za bezpiecze\u0144stwo u\u017cytkownik\u00f3w strzelnicy oraz os\u00f3b im towarzysz\u0105cych, a tak\u017ce odpowiada za szkody powsta\u0142e podczas strzelania oraz spowodowanie wypadku stosownie do zasad okre\u015blonych w odr\u0119bnych przepisach.<\/div>\n<div class=\"x11i5rnm xat24cr x1mh8g0r x1vvkbs xtlvy1s\">2.wyznacza korzystaj\u0105cym ze strzelnicy stanowiska strzeleckie, a osobom towarzysz\u0105cym -miejsce bezpiecznego pobytu.<\/div>\n<div class=\"x11i5rnm xat24cr x1mh8g0r x1vvkbs xtlvy1s\">3.prowadzi ksi\u0105\u017ck\u0119 rejestru pobytu na strzelnicy.<br class=\"html-br\" \/>4.pilnuje przestrzegania przepis\u00f3w regulaminu strzelnicy przez osoby znajduj\u0105ce si\u0119 na strzelnicy (zar\u00f3wno korzystaj\u0105cych ze strzelnicy czyli strzelaj\u0105cych, jak r\u00f3wnie\u017c os\u00f3b im towarzysz\u0105cych czyli widz\u00f3w).<\/div>\n<div class=\"x11i5rnm xat24cr x1mh8g0r x1vvkbs xtlvy1s\">5.wydaje komendy dotycz\u0105ce rozpocz\u0119cia, przerwania i zako\u0144czenia strzelania oraz zezwala na wchodzenie przed stanowisko strzeleckie tj. udanie si\u0119 w kierunku tarcz.<\/div>\n<div class=\"x11i5rnm xat24cr x1mh8g0r x1vvkbs xtlvy1s\">6.po zako\u0144czeniu strzelania kontroluje na stanowisku strzeleckim roz\u0142adowanie broni przez korzystaj\u0105cych ze strzelnicy<\/div>\n<div><\/div>\n<h4 class=\"x11i5rnm xat24cr x1mh8g0r x1vvkbs xtlvy1s\">Celami szkolenia Prowadz\u0105cego Strzelanie s\u0105:<\/h4>\n<div class=\"x11i5rnm xat24cr x1mh8g0r x1vvkbs xtlvy1s\">&#8211; przeszkolenie(przygotowanie) uczestnik\u00f3w kursu w zakresie bezpiecznego prowadzenia szkole\u0144 strzeleckich z r\u00f3\u017cnych rodzaj\u00f3w broni w czasie r\u00f3\u017cnych form strzela\u0144;<br class=\"html-br\" \/>&#8211; przeszkolenie uczestnik\u00f3w kursu z zasad udzielania pomocy przedmedycznej(ukierunkowanej szczeg\u00f3lnie na sytuacje zwi\u0105zane z prowadzeniem zaj\u0119\u0107 strzeleckich);<br class=\"html-br\" \/>&#8211; zapoznanie z dokumentami dotycz\u0105cymi uprawiania sport\u00f3w strzeleckich;<br class=\"html-br\" \/>&#8211; przedstawienie wybranych problem\u00f3w prawnych zwi\u0105zanych z broni\u0105 i formami szkolenia;<br class=\"html-br\" \/>&#8211; zapoznanie z zasadami bezpiecze\u0144stwa i warunkami technicznymi jakie musz\u0105 spe\u0142nia\u0107 strzelnice a aspekcie mo\u017cliwo\u015bci prowadzeni na nich r\u00f3\u017cnych formy strzelania (w tym -przyk\u0142adowe regulaminy strzelnic);<br class=\"html-br\" \/>&#8211; zapoznanie z procedurami przygotowuj\u0105cymi do strzelania oraz strzelanie z podstawowych rodzaj\u00f3w broni w zakresie posiadanych przez podmiot prowadz\u0105cy uprawnie\u0144 potwierdzony w\u0142a\u015bciwymi dokumentami;<br class=\"html-br\" \/>&#8211; zapoznanie z budow\u0105 broni strzeleckiej, zasadami dzia\u0142ania, sposobem przystrzeliwania broni (sprawdzenia celno\u015bci broni);<br class=\"html-br\" \/>&#8211; zapoznanie z organizacj\u0105 zaj\u0119\u0107 na strzelnicy oraz wyposa\u017ceniem w pomoce niezb\u0119dne do przeprowadzenia strzela\u0144;<br class=\"html-br\" \/>&#8211; zapoznanie z warunkami strzela\u0144, wydawanymi komendami i czynno\u015bciami wykonywanymi na te komendy;<br class=\"html-br\" \/>&#8211; zapoznanie z przepisami o ewidencji broni i amunicji;<\/div>\n<div><\/div>\n<div class=\"x11i5rnm xat24cr x1mh8g0r x1vvkbs xtlvy1s\">\u26a0\ufe0f Zaj\u0119cia teoretyczne oraz praktyczne odb\u0119d\u0105 si\u0119 na Strzelnicy Zbrojownia Modlin.<\/div>\n<div class=\"x11i5rnm xat24cr x1mh8g0r x1vvkbs xtlvy1s\">?Koszt kursu : 890 z\u0142 w tym zawarte s\u0105 wszystkie op\u0142aty zwi\u0105zane z wydaniem dokumentu.<\/div>\n<div class=\"x11i5rnm xat24cr x1mh8g0r x1vvkbs xtlvy1s\">?Rejestracja: https:\/\/szkolenia.zbrojowniamodlin.pl<\/div>\n<div class=\"x11i5rnm xat24cr x1mh8g0r x1vvkbs xtlvy1s\">?Uprawnienia nadawane s\u0105 bezterminowo!<\/div>\n<div class=\"x11i5rnm xat24cr x1mh8g0r x1vvkbs xtlvy1s\">?Uwaga wa\u017cne !! Do uzyskania uprawnie\u0144 Prowadz\u0105cego strzelanie nie jest konieczne badanie lekarskie.<\/div>\n","protected":false},"excerpt":{"rendered":"<p>Szukasz pomys\u0142u na niebanalny prezent? Podaruj zatem wiedz\u0119, emocje i znakomicie sp\u0119dzony czas w Centrum Szkoleniowym Zbrojownia Modlin\u203c\ufe0f Kurs Prowadz\u0105cego Strzelanie Ligi Obrony Kraju Kurs Prowadz\u0105cego Strzelanie zapewni Ci komfort, wiedz\u0119 i kompetencj\u0119 podczas Twoich wizyt na strzelnicy! Dzi\u0119ki tym uprawnieniom mo\u017cesz samodzielnie nadzorowa\u0107 strzelania realizowane wraz z Twoimi znajomymi lub rodzin\u0105. Aby podej\u015b\u0107 do [&hellip;]<\/p>\n","protected":false},"featured_media":130719,"template":"","meta":[],"product_brand":[],"product_cat":[326],"product_tag":[],"class_list":{"0":"post-130718","1":"product","2":"type-product","3":"status-publish","4":"has-post-thumbnail","6":"product_cat-vouchery","8":"first","9":"instock","10":"shipping-taxable","11":"purchasable","12":"product-type-simple"},"yoast_head":"<!-- This site is optimized with the Yoast SEO plugin v27.3 - https:\/\/yoast.com\/product\/yoast-seo-wordpress\/ -->\n<title>Voucher: Kurs Prowadz\u0105cy Strzelanie LOK - Zbrojownia Modlin<\/title>\n<meta name=\"robots\" content=\"index, follow, max-snippet:-1, max-image-preview:large, max-video-preview:-1\" \/>\n<link rel=\"canonical\" href=\"https:\/\/zbrojowniamodlin.pl\/en\/szkolenia\/vouchers\/voucher-kurs-prowadzacy-strzelanie-lok\/\" \/>\n<meta property=\"og:locale\" content=\"en_US\" \/>\n<meta property=\"og:type\" content=\"article\" \/>\n<meta property=\"og:title\" content=\"Voucher: Kurs Prowadz\u0105cy Strzelanie LOK - Zbrojownia Modlin\" \/>\n<meta property=\"og:description\" content=\"Szukasz pomys\u0142u na niebanalny prezent? Podaruj zatem wiedz\u0119, emocje i znakomicie sp\u0119dzony czas w Centrum Szkoleniowym Zbrojownia Modlin\u203c\ufe0f Kurs Prowadz\u0105cego Strzelanie Ligi Obrony Kraju Kurs Prowadz\u0105cego Strzelanie zapewni Ci komfort, wiedz\u0119 i kompetencj\u0119 podczas Twoich wizyt na strzelnicy! Dzi\u0119ki tym uprawnieniom mo\u017cesz samodzielnie nadzorowa\u0107 strzelania realizowane wraz z Twoimi znajomymi lub rodzin\u0105. Aby podej\u015b\u0107 do [&hellip;]\" \/>\n<meta property=\"og:url\" content=\"https:\/\/zbrojowniamodlin.pl\/en\/szkolenia\/vouchers\/voucher-kurs-prowadzacy-strzelanie-lok\/\" \/>\n<meta property=\"og:site_name\" content=\"Zbrojownia Modlin\" \/>\n<meta property=\"article:modified_time\" content=\"2025-12-15T20:27:59+00:00\" \/>\n<meta property=\"og:image\" content=\"https:\/\/zbrojowniamodlin.pl\/wp-content\/uploads\/2025\/01\/prowadzacy1.jpg\" \/>\n\t<meta property=\"og:image:width\" content=\"1080\" \/>\n\t<meta property=\"og:image:height\" content=\"1080\" \/>\n\t<meta property=\"og:image:type\" content=\"image\/jpeg\" \/>\n<meta name=\"twitter:card\" content=\"summary_large_image\" \/>\n<meta name=\"twitter:label1\" content=\"Est. reading time\" \/>\n\t<meta name=\"twitter:data1\" content=\"4 minutes\" \/>\n<script type=\"application\/ld+json\" class=\"yoast-schema-graph\">{\"@context\":\"https:\\\/\\\/schema.org\",\"@graph\":[{\"@type\":\"WebPage\",\"@id\":\"https:\\\/\\\/zbrojowniamodlin.pl\\\/en\\\/szkolenia\\\/vouchers\\\/voucher-kurs-prowadzacy-strzelanie-lok\\\/\",\"url\":\"https:\\\/\\\/zbrojowniamodlin.pl\\\/en\\\/szkolenia\\\/vouchers\\\/voucher-kurs-prowadzacy-strzelanie-lok\\\/\",\"name\":\"Voucher: Kurs Prowadz\u0105cy Strzelanie LOK - Zbrojownia Modlin\",\"isPartOf\":{\"@id\":\"https:\\\/\\\/zbrojowniamodlin.pl\\\/en\\\/#website\"},\"primaryImageOfPage\":{\"@id\":\"https:\\\/\\\/zbrojowniamodlin.pl\\\/en\\\/szkolenia\\\/vouchers\\\/voucher-kurs-prowadzacy-strzelanie-lok\\\/#primaryimage\"},\"image\":{\"@id\":\"https:\\\/\\\/zbrojowniamodlin.pl\\\/en\\\/szkolenia\\\/vouchers\\\/voucher-kurs-prowadzacy-strzelanie-lok\\\/#primaryimage\"},\"thumbnailUrl\":\"https:\\\/\\\/zbrojowniamodlin.pl\\\/wp-content\\\/uploads\\\/2025\\\/01\\\/prowadzacy1.jpg\",\"datePublished\":\"2025-01-20T14:25:57+00:00\",\"dateModified\":\"2025-12-15T20:27:59+00:00\",\"breadcrumb\":{\"@id\":\"https:\\\/\\\/zbrojowniamodlin.pl\\\/en\\\/szkolenia\\\/vouchers\\\/voucher-kurs-prowadzacy-strzelanie-lok\\\/#breadcrumb\"},\"inLanguage\":\"en-US\",\"potentialAction\":[{\"@type\":\"ReadAction\",\"target\":[\"https:\\\/\\\/zbrojowniamodlin.pl\\\/en\\\/szkolenia\\\/vouchers\\\/voucher-kurs-prowadzacy-strzelanie-lok\\\/\"]}]},{\"@type\":\"ImageObject\",\"inLanguage\":\"en-US\",\"@id\":\"https:\\\/\\\/zbrojowniamodlin.pl\\\/en\\\/szkolenia\\\/vouchers\\\/voucher-kurs-prowadzacy-strzelanie-lok\\\/#primaryimage\",\"url\":\"https:\\\/\\\/zbrojowniamodlin.pl\\\/wp-content\\\/uploads\\\/2025\\\/01\\\/prowadzacy1.jpg\",\"contentUrl\":\"https:\\\/\\\/zbrojowniamodlin.pl\\\/wp-content\\\/uploads\\\/2025\\\/01\\\/prowadzacy1.jpg\",\"width\":1080,\"height\":1080},{\"@type\":\"BreadcrumbList\",\"@id\":\"https:\\\/\\\/zbrojowniamodlin.pl\\\/en\\\/szkolenia\\\/vouchers\\\/voucher-kurs-prowadzacy-strzelanie-lok\\\/#breadcrumb\",\"itemListElement\":[{\"@type\":\"ListItem\",\"position\":1,\"name\":\"Strona g\u0142\u00f3wna\",\"item\":\"https:\\\/\\\/zbrojowniamodlin.pl\\\/en\\\/\"},{\"@type\":\"ListItem\",\"position\":2,\"name\":\"Store\",\"item\":\"https:\\\/\\\/zbrojowniamodlin.pl\\\/en\\\/shop\\\/\"},{\"@type\":\"ListItem\",\"position\":3,\"name\":\"Voucher: Kurs Prowadz\u0105cy Strzelanie LOK\"}]},{\"@type\":\"WebSite\",\"@id\":\"https:\\\/\\\/zbrojowniamodlin.pl\\\/en\\\/#website\",\"url\":\"https:\\\/\\\/zbrojowniamodlin.pl\\\/en\\\/\",\"name\":\"Zbrojownia Modlin\",\"description\":\"Zbrojownia Modlin\",\"inLanguage\":\"en-US\"}]}<\/script>\n<!-- \/ Yoast SEO plugin. -->","yoast_head_json":{"title":"Voucher: Kurs Prowadz\u0105cy Strzelanie LOK - Zbrojownia Modlin","robots":{"index":"index","follow":"follow","max-snippet":"max-snippet:-1","max-image-preview":"max-image-preview:large","max-video-preview":"max-video-preview:-1"},"canonical":"https:\/\/zbrojowniamodlin.pl\/en\/szkolenia\/vouchers\/voucher-kurs-prowadzacy-strzelanie-lok\/","og_locale":"en_US","og_type":"article","og_title":"Voucher: Kurs Prowadz\u0105cy Strzelanie LOK - Zbrojownia Modlin","og_description":"Szukasz pomys\u0142u na niebanalny prezent? Podaruj zatem wiedz\u0119, emocje i znakomicie sp\u0119dzony czas w Centrum Szkoleniowym Zbrojownia Modlin\u203c\ufe0f Kurs Prowadz\u0105cego Strzelanie Ligi Obrony Kraju Kurs Prowadz\u0105cego Strzelanie zapewni Ci komfort, wiedz\u0119 i kompetencj\u0119 podczas Twoich wizyt na strzelnicy! Dzi\u0119ki tym uprawnieniom mo\u017cesz samodzielnie nadzorowa\u0107 strzelania realizowane wraz z Twoimi znajomymi lub rodzin\u0105. Aby podej\u015b\u0107 do [&hellip;]","og_url":"https:\/\/zbrojowniamodlin.pl\/en\/szkolenia\/vouchers\/voucher-kurs-prowadzacy-strzelanie-lok\/","og_site_name":"Zbrojownia Modlin","article_modified_time":"2025-12-15T20:27:59+00:00","og_image":[{"width":1080,"height":1080,"url":"https:\/\/zbrojowniamodlin.pl\/wp-content\/uploads\/2025\/01\/prowadzacy1.jpg","type":"image\/jpeg"}],"twitter_card":"summary_large_image","twitter_misc":{"Est. reading time":"4 minutes"},"schema":{"@context":"https:\/\/schema.org","@graph":[{"@type":"WebPage","@id":"https:\/\/zbrojowniamodlin.pl\/en\/szkolenia\/vouchers\/voucher-kurs-prowadzacy-strzelanie-lok\/","url":"https:\/\/zbrojowniamodlin.pl\/en\/szkolenia\/vouchers\/voucher-kurs-prowadzacy-strzelanie-lok\/","name":"Voucher: Kurs Prowadz\u0105cy Strzelanie LOK - Zbrojownia Modlin","isPartOf":{"@id":"https:\/\/zbrojowniamodlin.pl\/en\/#website"},"primaryImageOfPage":{"@id":"https:\/\/zbrojowniamodlin.pl\/en\/szkolenia\/vouchers\/voucher-kurs-prowadzacy-strzelanie-lok\/#primaryimage"},"image":{"@id":"https:\/\/zbrojowniamodlin.pl\/en\/szkolenia\/vouchers\/voucher-kurs-prowadzacy-strzelanie-lok\/#primaryimage"},"thumbnailUrl":"https:\/\/zbrojowniamodlin.pl\/wp-content\/uploads\/2025\/01\/prowadzacy1.jpg","datePublished":"2025-01-20T14:25:57+00:00","dateModified":"2025-12-15T20:27:59+00:00","breadcrumb":{"@id":"https:\/\/zbrojowniamodlin.pl\/en\/szkolenia\/vouchers\/voucher-kurs-prowadzacy-strzelanie-lok\/#breadcrumb"},"inLanguage":"en-US","potentialAction":[{"@type":"ReadAction","target":["https:\/\/zbrojowniamodlin.pl\/en\/szkolenia\/vouchers\/voucher-kurs-prowadzacy-strzelanie-lok\/"]}]},{"@type":"ImageObject","inLanguage":"en-US","@id":"https:\/\/zbrojowniamodlin.pl\/en\/szkolenia\/vouchers\/voucher-kurs-prowadzacy-strzelanie-lok\/#primaryimage","url":"https:\/\/zbrojowniamodlin.pl\/wp-content\/uploads\/2025\/01\/prowadzacy1.jpg","contentUrl":"https:\/\/zbrojowniamodlin.pl\/wp-content\/uploads\/2025\/01\/prowadzacy1.jpg","width":1080,"height":1080},{"@type":"BreadcrumbList","@id":"https:\/\/zbrojowniamodlin.pl\/en\/szkolenia\/vouchers\/voucher-kurs-prowadzacy-strzelanie-lok\/#breadcrumb","itemListElement":[{"@type":"ListItem","position":1,"name":"Strona g\u0142\u00f3wna","item":"https:\/\/zbrojowniamodlin.pl\/en\/"},{"@type":"ListItem","position":2,"name":"Store","item":"https:\/\/zbrojowniamodlin.pl\/en\/shop\/"},{"@type":"ListItem","position":3,"name":"Voucher: Kurs Prowadz\u0105cy Strzelanie LOK"}]},{"@type":"WebSite","@id":"https:\/\/zbrojowniamodlin.pl\/en\/#website","url":"https:\/\/zbrojowniamodlin.pl\/en\/","name":"Zbrojownia Modlin","description":"Zbrojownia Modlin","inLanguage":"en-US"}]}},"_links":{"self":[{"href":"https:\/\/zbrojowniamodlin.pl\/en\/wp-json\/wp\/v2\/product\/130718","targetHints":{"allow":["GET"]}}],"collection":[{"href":"https:\/\/zbrojowniamodlin.pl\/en\/wp-json\/wp\/v2\/product"}],"about":[{"href":"https:\/\/zbrojowniamodlin.pl\/en\/wp-json\/wp\/v2\/types\/product"}],"wp:featuredmedia":[{"embeddable":true,"href":"https:\/\/zbrojowniamodlin.pl\/en\/wp-json\/wp\/v2\/media\/130719"}],"wp:attachment":[{"href":"https:\/\/zbrojowniamodlin.pl\/en\/wp-json\/wp\/v2\/media?parent=130718"}],"wp:term":[{"taxonomy":"product_brand","embeddable":true,"href":"https:\/\/zbrojowniamodlin.pl\/en\/wp-json\/wp\/v2\/product_brand?post=130718"},{"taxonomy":"product_cat","embeddable":true,"href":"https:\/\/zbrojowniamodlin.pl\/en\/wp-json\/wp\/v2\/product_cat?post=130718"},{"taxonomy":"product_tag","embeddable":true,"href":"https:\/\/zbrojowniamodlin.pl\/en\/wp-json\/wp\/v2\/product_tag?post=130718"}],"curies":[{"name":"wp","href":"https:\/\/api.w.org\/{rel}","templated":true}]}}