{"id":130693,"date":"2025-01-20T15:25:39","date_gmt":"2025-01-20T14:25:39","guid":{"rendered":"https:\/\/zbrojowniamodlin.pl\/?post_type=product&#038;p=130693"},"modified":"2025-02-19T13:39:33","modified_gmt":"2025-02-19T12:39:33","slug":"voucher-bron-w-filmach","status":"publish","type":"product","link":"https:\/\/zbrojowniamodlin.pl\/en\/szkolenia\/vouchers\/voucher-bron-w-filmach\/","title":{"rendered":"Voucher &#8211; Bro\u0144 w filmach"},"content":{"rendered":"<p>Szukasz pomys\u0142u na niebanalny prezent? Podaruj zatem wiedz\u0119, emocje i znakomicie sp\u0119dzony czas w Centrum Szkoleniowym Zbrojownia Modlin\u203c\ufe0f<\/p>\n<p><strong>Voucher &#8211; Bro\u0144 w filmach<\/strong><\/p>\n<p>? Je\u015bli jeste\u015b fanem kina akcji&#8230; to nie mo\u017cesz lepiej trafi\u0107! Na tych zaj\u0119ciach pochylamy si\u0119 nad broni\u0105 u\u017cywan\u0105 w filmach. Strzelby, pistolety, karabiny. Strzelaniny i nie tylko! Przywo\u0142ujemy kultowe filmowe sceny, kt\u00f3re wyry\u0142y si\u0119 w pami\u0119ci widz\u00f3w, a nast\u0119pnie ustawiamy ostro\u015b\u0107 naszej uwagi na bro\u0144 wykorzystywan\u0105 w tych scenach! Zestawiamy realia z wizj\u0105 artyst\u00f3w.<\/p>\n<p>Dlaczego w filmach wykorzystywana jest taka, a nie inna bro\u0144? Jak dok\u0142adnie pasuje ona do reali\u00f3w historycznych? Co si\u0119 zgadza, a co si\u0119 nie zgadza w sposobie u\u017cycia broni w danej scenie? Jak skuteczny jest dany typ broni? Po zako\u0144czonych zaj\u0119ciach Tw\u00f3j pogl\u0105d na u\u017cycie broni w filmach ulegnie istotnej transformacji\u203c\ufe0f\u261d\ufe0f<\/p>\n<p>? Czego si\u0119 dowiesz i nauczysz?<br \/>\nPoznasz wi\u0119kszo\u015b\u0107 znanych i uwiecznionych w filmach typ\u00f3w broni palnej. Nauczymy Ci\u0119 r\u00f3wnie\u017c podstaw jej obs\u0142ugi. Co rozumiemy przez s\u0142owo \u201eobs\u0142ugiwa\u0107\u201d? Rozumiemy rozk\u0142adanie broni, jej sk\u0142adanie, czyszczenie, przenoszenie. Zrozumiesz zasad\u0119 dzia\u0142ania, fizyk\u0119 i chemi\u0119 stoj\u0105c\u0105 za procesami dziej\u0105cymi si\u0119 wewn\u0105trz broni.<\/p>\n<p>? Co b\u0119dziesz m\u00f3g\u0142 zrobi\u0107 samodzielnie?<br \/>\nWszystko. W\u0142a\u015bnie o to chodzi, aby\u015b mia\u0142a \/ mia\u0142 mo\u017cliwo\u015bci dotkn\u0105\u0107, przymierzy\u0107 si\u0119, rozebra\u0107, z\u0142o\u017cy\u0107 i zrozumie\u0107 ka\u017cdy typ broni jaki we\u017amiesz do r\u0119ki. B\u0119dziesz rozumie\u0107 dzia\u0142anie danego typu broni i b\u0119dziesz wiedzie\u0107 co&#8230; ewentualnie wybra\u0107 dla siebie. Pobrudzisz troch\u0119 r\u0119ce smarem je\u015bli b\u0119dziesz mie\u0107 na to ochot\u0119, ale to b\u0119dzie przyjemne do\u015bwiadczenie.<\/p>\n<p>? Czy musisz umie\u0107 strzela\u0107?<br \/>\nNie musisz. Strzelanie to opcja. Na tych zaj\u0119ciach skupimy si\u0119 na wykorzystaniu broni w filmach.<\/p>\n<p>? Czy potrzebujesz pozwolenia?<br \/>\nNie potrzebujesz ani pozwolenia na bro\u0144, ani nawet patentu strzeleckiego.<\/p>\n<p>? Czy b\u0119dziemy strzela\u0107?<br \/>\nStrzelanie to opcja dla ch\u0119tnych. Po cz\u0119\u015bci teoretycznej &#8211; b\u0119dzie mo\u017cna strzeli\u0107 z ka\u017cdej sztuki broni, kt\u00f3r\u0105 om\u00f3wimy w trakcie zaj\u0119\u0107. To opcja dodatkowo p\u0142atna, przy czym uczestnicy ponios\u0105 jedynie koszt wystrzelonej amunicji. Obs\u0142uga instruktora jest w cenie zaj\u0119\u0107.<\/p>\n<p>? Czy to bezpieczne?<br \/>\nOczywi\u015bcie! Niezale\u017cnie od tego na szkoleniu zaczniemy od om\u00f3wienia zasad bezpiecze\u0144stwa w pos\u0142ugiwaniu si\u0119 broni\u0105 paln\u0105 i dopilnujemy, aby zaj\u0119cia by\u0142y absolutnie bezpieczne.<\/p>\n<p>? Czy mog\u0119 zabra\u0107 ze sob\u0105 osob\u0119 niepe\u0142noletni\u0105?<br \/>\nOczywi\u015bcie. W Polsce nie ma dolnego limitu wieku dla os\u00f3b niepe\u0142noletnich, zatem zapraszamy na strzelnic\u0119 w ka\u017cdym wieku. Z uwagi na materia\u0142, kt\u00f3remu po\u015bwi\u0119cimy uwag\u0119 woleliby\u015bmy ma zaj\u0119ciach przynajmniej nastolatk\u00f3w!<\/p>\n<p>? Jaki jest plan zaj\u0119\u0107?<br \/>\nZaj\u0119cia podzielimy na dwa bloki tematyczne. W trakcie pierwszego skupiamy si\u0119 na broni kr\u00f3tkiej. Po\u015bwi\u0119cimy jej od 3 do 4 godzin, w zale\u017cno\u015bci od tego jak wiele b\u0119dziecie mieli pyta\u0144. Na wszystkie udzielimy wyczerpuj\u0105cych odpowiedzi.<br \/>\nW drugim bloku tak\u0105 sam\u0105 ilo\u015b\u0107 czasu po\u015bwi\u0119cimy na bro\u0144 d\u0142ug\u0105. W obu przypadkach ch\u0119tni b\u0119d\u0105 mogli wypr\u00f3bowa\u0107 wszystkie egzemplarze broni, jakie b\u0119d\u0105 do dyspozycji na zaj\u0119ciach.<\/p>\n<p>Kiedy i gdzie? <strong>W dowolnie wybranym terminie do 12 miesi\u0119cy od daty zakupu vouchera<\/strong>, Strzelnica Zbrojownia Modlin<br \/>\nKoszt: 550 z\u0142<br \/>\nZapisy: <a href=\"https:\/\/szkolenia.zbrojowniamodlin.pl\/?fbclid=IwZXh0bgNhZW0CMTAAAR2dJ2ccHmUDsqNaopAyJfLkyP7fkfQPLi1qppuHEjtolktbeI5en5DhVr0_aem_PPLzTQl8F0LWq9QMThMbTA\"><u>https:\/\/szkolenia.zbrojowniamodlin.pl\/<\/u><\/a><\/p>\n<p>&nbsp;<\/p>\n","protected":false},"excerpt":{"rendered":"<p>Szukasz pomys\u0142u na niebanalny prezent? Podaruj zatem wiedz\u0119, emocje i znakomicie sp\u0119dzony czas w Centrum Szkoleniowym Zbrojownia Modlin\u203c\ufe0f Voucher &#8211; Bro\u0144 w filmach ? Je\u015bli jeste\u015b fanem kina akcji&#8230; to nie mo\u017cesz lepiej trafi\u0107! Na tych zaj\u0119ciach pochylamy si\u0119 nad broni\u0105 u\u017cywan\u0105 w filmach. Strzelby, pistolety, karabiny. Strzelaniny i nie tylko! Przywo\u0142ujemy kultowe filmowe sceny, [&hellip;]<\/p>\n","protected":false},"featured_media":130694,"template":"","meta":[],"product_brand":[],"product_cat":[326],"product_tag":[],"class_list":{"0":"post-130693","1":"product","2":"type-product","3":"status-publish","4":"has-post-thumbnail","6":"product_cat-vouchery","8":"first","9":"instock","10":"shipping-taxable","11":"purchasable","12":"product-type-simple"},"yoast_head":"<!-- This site is optimized with the Yoast SEO plugin v27.3 - https:\/\/yoast.com\/product\/yoast-seo-wordpress\/ -->\n<title>Voucher - Bro\u0144 w filmach - Zbrojownia Modlin<\/title>\n<meta name=\"robots\" content=\"index, follow, max-snippet:-1, max-image-preview:large, max-video-preview:-1\" \/>\n<link rel=\"canonical\" href=\"https:\/\/zbrojowniamodlin.pl\/en\/szkolenia\/vouchers\/voucher-bron-w-filmach\/\" \/>\n<meta property=\"og:locale\" content=\"en_US\" \/>\n<meta property=\"og:type\" content=\"article\" \/>\n<meta property=\"og:title\" content=\"Voucher - Bro\u0144 w filmach - Zbrojownia Modlin\" \/>\n<meta property=\"og:description\" content=\"Szukasz pomys\u0142u na niebanalny prezent? Podaruj zatem wiedz\u0119, emocje i znakomicie sp\u0119dzony czas w Centrum Szkoleniowym Zbrojownia Modlin\u203c\ufe0f Voucher &#8211; Bro\u0144 w filmach ? Je\u015bli jeste\u015b fanem kina akcji&#8230; to nie mo\u017cesz lepiej trafi\u0107! Na tych zaj\u0119ciach pochylamy si\u0119 nad broni\u0105 u\u017cywan\u0105 w filmach. Strzelby, pistolety, karabiny. Strzelaniny i nie tylko! Przywo\u0142ujemy kultowe filmowe sceny, [&hellip;]\" \/>\n<meta property=\"og:url\" content=\"https:\/\/zbrojowniamodlin.pl\/en\/szkolenia\/vouchers\/voucher-bron-w-filmach\/\" \/>\n<meta property=\"og:site_name\" content=\"Zbrojownia Modlin\" \/>\n<meta property=\"article:modified_time\" content=\"2025-02-19T12:39:33+00:00\" \/>\n<meta property=\"og:image\" content=\"https:\/\/zbrojowniamodlin.pl\/wp-content\/uploads\/2025\/01\/filmy.jpg\" \/>\n\t<meta property=\"og:image:width\" content=\"1080\" \/>\n\t<meta property=\"og:image:height\" content=\"1080\" \/>\n\t<meta property=\"og:image:type\" content=\"image\/jpeg\" \/>\n<meta name=\"twitter:card\" content=\"summary_large_image\" \/>\n<meta name=\"twitter:label1\" content=\"Est. reading time\" \/>\n\t<meta name=\"twitter:data1\" content=\"3 minutes\" \/>\n<script type=\"application\/ld+json\" class=\"yoast-schema-graph\">{\"@context\":\"https:\\\/\\\/schema.org\",\"@graph\":[{\"@type\":\"WebPage\",\"@id\":\"https:\\\/\\\/zbrojowniamodlin.pl\\\/en\\\/szkolenia\\\/vouchers\\\/voucher-bron-w-filmach\\\/\",\"url\":\"https:\\\/\\\/zbrojowniamodlin.pl\\\/en\\\/szkolenia\\\/vouchers\\\/voucher-bron-w-filmach\\\/\",\"name\":\"Voucher - Bro\u0144 w filmach - Zbrojownia Modlin\",\"isPartOf\":{\"@id\":\"https:\\\/\\\/zbrojowniamodlin.pl\\\/en\\\/#website\"},\"primaryImageOfPage\":{\"@id\":\"https:\\\/\\\/zbrojowniamodlin.pl\\\/en\\\/szkolenia\\\/vouchers\\\/voucher-bron-w-filmach\\\/#primaryimage\"},\"image\":{\"@id\":\"https:\\\/\\\/zbrojowniamodlin.pl\\\/en\\\/szkolenia\\\/vouchers\\\/voucher-bron-w-filmach\\\/#primaryimage\"},\"thumbnailUrl\":\"https:\\\/\\\/zbrojowniamodlin.pl\\\/wp-content\\\/uploads\\\/2025\\\/01\\\/filmy.jpg\",\"datePublished\":\"2025-01-20T14:25:39+00:00\",\"dateModified\":\"2025-02-19T12:39:33+00:00\",\"breadcrumb\":{\"@id\":\"https:\\\/\\\/zbrojowniamodlin.pl\\\/en\\\/szkolenia\\\/vouchers\\\/voucher-bron-w-filmach\\\/#breadcrumb\"},\"inLanguage\":\"en-US\",\"potentialAction\":[{\"@type\":\"ReadAction\",\"target\":[\"https:\\\/\\\/zbrojowniamodlin.pl\\\/en\\\/szkolenia\\\/vouchers\\\/voucher-bron-w-filmach\\\/\"]}]},{\"@type\":\"ImageObject\",\"inLanguage\":\"en-US\",\"@id\":\"https:\\\/\\\/zbrojowniamodlin.pl\\\/en\\\/szkolenia\\\/vouchers\\\/voucher-bron-w-filmach\\\/#primaryimage\",\"url\":\"https:\\\/\\\/zbrojowniamodlin.pl\\\/wp-content\\\/uploads\\\/2025\\\/01\\\/filmy.jpg\",\"contentUrl\":\"https:\\\/\\\/zbrojowniamodlin.pl\\\/wp-content\\\/uploads\\\/2025\\\/01\\\/filmy.jpg\",\"width\":1080,\"height\":1080},{\"@type\":\"BreadcrumbList\",\"@id\":\"https:\\\/\\\/zbrojowniamodlin.pl\\\/en\\\/szkolenia\\\/vouchers\\\/voucher-bron-w-filmach\\\/#breadcrumb\",\"itemListElement\":[{\"@type\":\"ListItem\",\"position\":1,\"name\":\"Strona g\u0142\u00f3wna\",\"item\":\"https:\\\/\\\/zbrojowniamodlin.pl\\\/en\\\/\"},{\"@type\":\"ListItem\",\"position\":2,\"name\":\"Store\",\"item\":\"https:\\\/\\\/zbrojowniamodlin.pl\\\/en\\\/shop\\\/\"},{\"@type\":\"ListItem\",\"position\":3,\"name\":\"Voucher &#8211; Bro\u0144 w filmach\"}]},{\"@type\":\"WebSite\",\"@id\":\"https:\\\/\\\/zbrojowniamodlin.pl\\\/en\\\/#website\",\"url\":\"https:\\\/\\\/zbrojowniamodlin.pl\\\/en\\\/\",\"name\":\"Zbrojownia Modlin\",\"description\":\"Zbrojownia Modlin\",\"inLanguage\":\"en-US\"}]}<\/script>\n<!-- \/ Yoast SEO plugin. -->","yoast_head_json":{"title":"Voucher - Bro\u0144 w filmach - Zbrojownia Modlin","robots":{"index":"index","follow":"follow","max-snippet":"max-snippet:-1","max-image-preview":"max-image-preview:large","max-video-preview":"max-video-preview:-1"},"canonical":"https:\/\/zbrojowniamodlin.pl\/en\/szkolenia\/vouchers\/voucher-bron-w-filmach\/","og_locale":"en_US","og_type":"article","og_title":"Voucher - Bro\u0144 w filmach - Zbrojownia Modlin","og_description":"Szukasz pomys\u0142u na niebanalny prezent? Podaruj zatem wiedz\u0119, emocje i znakomicie sp\u0119dzony czas w Centrum Szkoleniowym Zbrojownia Modlin\u203c\ufe0f Voucher &#8211; Bro\u0144 w filmach ? Je\u015bli jeste\u015b fanem kina akcji&#8230; to nie mo\u017cesz lepiej trafi\u0107! Na tych zaj\u0119ciach pochylamy si\u0119 nad broni\u0105 u\u017cywan\u0105 w filmach. Strzelby, pistolety, karabiny. Strzelaniny i nie tylko! Przywo\u0142ujemy kultowe filmowe sceny, [&hellip;]","og_url":"https:\/\/zbrojowniamodlin.pl\/en\/szkolenia\/vouchers\/voucher-bron-w-filmach\/","og_site_name":"Zbrojownia Modlin","article_modified_time":"2025-02-19T12:39:33+00:00","og_image":[{"width":1080,"height":1080,"url":"https:\/\/zbrojowniamodlin.pl\/wp-content\/uploads\/2025\/01\/filmy.jpg","type":"image\/jpeg"}],"twitter_card":"summary_large_image","twitter_misc":{"Est. reading time":"3 minutes"},"schema":{"@context":"https:\/\/schema.org","@graph":[{"@type":"WebPage","@id":"https:\/\/zbrojowniamodlin.pl\/en\/szkolenia\/vouchers\/voucher-bron-w-filmach\/","url":"https:\/\/zbrojowniamodlin.pl\/en\/szkolenia\/vouchers\/voucher-bron-w-filmach\/","name":"Voucher - Bro\u0144 w filmach - Zbrojownia Modlin","isPartOf":{"@id":"https:\/\/zbrojowniamodlin.pl\/en\/#website"},"primaryImageOfPage":{"@id":"https:\/\/zbrojowniamodlin.pl\/en\/szkolenia\/vouchers\/voucher-bron-w-filmach\/#primaryimage"},"image":{"@id":"https:\/\/zbrojowniamodlin.pl\/en\/szkolenia\/vouchers\/voucher-bron-w-filmach\/#primaryimage"},"thumbnailUrl":"https:\/\/zbrojowniamodlin.pl\/wp-content\/uploads\/2025\/01\/filmy.jpg","datePublished":"2025-01-20T14:25:39+00:00","dateModified":"2025-02-19T12:39:33+00:00","breadcrumb":{"@id":"https:\/\/zbrojowniamodlin.pl\/en\/szkolenia\/vouchers\/voucher-bron-w-filmach\/#breadcrumb"},"inLanguage":"en-US","potentialAction":[{"@type":"ReadAction","target":["https:\/\/zbrojowniamodlin.pl\/en\/szkolenia\/vouchers\/voucher-bron-w-filmach\/"]}]},{"@type":"ImageObject","inLanguage":"en-US","@id":"https:\/\/zbrojowniamodlin.pl\/en\/szkolenia\/vouchers\/voucher-bron-w-filmach\/#primaryimage","url":"https:\/\/zbrojowniamodlin.pl\/wp-content\/uploads\/2025\/01\/filmy.jpg","contentUrl":"https:\/\/zbrojowniamodlin.pl\/wp-content\/uploads\/2025\/01\/filmy.jpg","width":1080,"height":1080},{"@type":"BreadcrumbList","@id":"https:\/\/zbrojowniamodlin.pl\/en\/szkolenia\/vouchers\/voucher-bron-w-filmach\/#breadcrumb","itemListElement":[{"@type":"ListItem","position":1,"name":"Strona g\u0142\u00f3wna","item":"https:\/\/zbrojowniamodlin.pl\/en\/"},{"@type":"ListItem","position":2,"name":"Store","item":"https:\/\/zbrojowniamodlin.pl\/en\/shop\/"},{"@type":"ListItem","position":3,"name":"Voucher &#8211; Bro\u0144 w filmach"}]},{"@type":"WebSite","@id":"https:\/\/zbrojowniamodlin.pl\/en\/#website","url":"https:\/\/zbrojowniamodlin.pl\/en\/","name":"Zbrojownia Modlin","description":"Zbrojownia Modlin","inLanguage":"en-US"}]}},"_links":{"self":[{"href":"https:\/\/zbrojowniamodlin.pl\/en\/wp-json\/wp\/v2\/product\/130693","targetHints":{"allow":["GET"]}}],"collection":[{"href":"https:\/\/zbrojowniamodlin.pl\/en\/wp-json\/wp\/v2\/product"}],"about":[{"href":"https:\/\/zbrojowniamodlin.pl\/en\/wp-json\/wp\/v2\/types\/product"}],"wp:featuredmedia":[{"embeddable":true,"href":"https:\/\/zbrojowniamodlin.pl\/en\/wp-json\/wp\/v2\/media\/130694"}],"wp:attachment":[{"href":"https:\/\/zbrojowniamodlin.pl\/en\/wp-json\/wp\/v2\/media?parent=130693"}],"wp:term":[{"taxonomy":"product_brand","embeddable":true,"href":"https:\/\/zbrojowniamodlin.pl\/en\/wp-json\/wp\/v2\/product_brand?post=130693"},{"taxonomy":"product_cat","embeddable":true,"href":"https:\/\/zbrojowniamodlin.pl\/en\/wp-json\/wp\/v2\/product_cat?post=130693"},{"taxonomy":"product_tag","embeddable":true,"href":"https:\/\/zbrojowniamodlin.pl\/en\/wp-json\/wp\/v2\/product_tag?post=130693"}],"curies":[{"name":"wp","href":"https:\/\/api.w.org\/{rel}","templated":true}]}}