{"id":130662,"date":"2025-01-20T15:25:38","date_gmt":"2025-01-20T14:25:38","guid":{"rendered":"https:\/\/zbrojowniamodlin.pl\/?post_type=product&#038;p=130662"},"modified":"2025-07-14T17:37:08","modified_gmt":"2025-07-14T15:37:08","slug":"voucher-bron-w-grach-gaming-vs-rzeczywistosc","status":"publish","type":"product","link":"https:\/\/zbrojowniamodlin.pl\/en\/szkolenia\/vouchers\/voucher-bron-w-grach-gaming-vs-rzeczywistosc\/","title":{"rendered":"Voucher: Bro\u0144 w grach &#8211; gaming vs. rzeczywisto\u015b\u0107"},"content":{"rendered":"<div class=\"xjyslct xjbqb8w x972fbf xcfux6l x1qhh985 xm0m39n x9f619 x1rg5ohu xdj266r x11i5rnm xat24cr x1mh8g0r xexx8yu x4uap5 x18d9i69 xkhd6sd x1n2onr6 x16tdsg8 xh8yej3\" role=\"listitem\">\n<div class=\"x78zum5 xdt5ytf xwib8y2 x1y1aw1k\">\n<div class=\"x9f619 x1ja2u2z x78zum5 x2lah0s x1n2onr6 x1nhvcw1 x1cy8zhl xozqiw3 x1q0g3np x1pi30zi x1swvt13 xexx8yu xykv574 xbmpl8g x4cne27 xifccgj\">\n<div class=\"x9f619 x1n2onr6 x1ja2u2z x78zum5 xdt5ytf x193iq5w xeuugli x1r8uery x1iyjqo2 xs83m0k xamitd3 xsyo7zv x16hj40l x10b6aqq x1yrsyyn\">\n<div class=\"x78zum5 xdt5ytf xz62fqu x16ldp7u\">\n<div class=\"xu06os2 x1ok221b\">\n<p>Szukasz pomys\u0142u na niebanalny prezent? Podaruj zatem wiedz\u0119, emocje i znakomicie sp\u0119dzony czas w Centrum Szkoleniowym Zbrojownia Modlin\u203c\ufe0f<\/p>\n<\/div>\n<\/div>\n<\/div>\n<div><strong>Bro\u0144 w grach &#8211; gaming vs rzeczywisto\u015b\u0107<\/strong><\/div>\n<\/div>\n<\/div>\n<\/div>\n<div class=\"x1pi30zi x1swvt13\">\n<div class=\"x1ni5s2d\">\n<div class=\"xdj266r x11i5rnm xat24cr x1mh8g0r x1vvkbs\"><\/div>\n<div class=\"xdj266r x11i5rnm xat24cr x1mh8g0r x1vvkbs\"><span class=\"html-span xexx8yu x4uap5 x18d9i69 xkhd6sd x1hl2dhg x16tdsg8 x1vvkbs x3nfvp2 x1j61x8r x1fcty0u xdj266r xat24cr xgzva0m xhhsvwb xxymvpz xlup9mm x1kky2od\"><img loading=\"lazy\" decoding=\"async\" class=\"xz74otr\" src=\"https:\/\/static.xx.fbcdn.net\/images\/emoji.php\/v9\/t40\/1\/16\/1f4a5.png\" alt=\"?\" width=\"16\" height=\"16\" \/><\/span> Jak dzia\u0142a bro\u0144 w grach, a jak dzia\u0142a w rzeczywisto\u015bci? Jak prawdziwa bro\u0144 jest zbudowana? Dlaczego tak, a nie inaczej? Jak si\u0119 j\u0105 rozk\u0142ada, czy\u015bci, naprawia, konserwuje i na koniec sk\u0142ada? Jakie jest odczucie masy, por\u0119czno\u015bci broni, gdy masz j\u0105 w r\u0119ku? Jak dzia\u0142aj\u0105 prawdziwe systemy celowania? Jak szybko jeste\u015b w stanie prze\u0142adowa\u0107 bro\u0144 w grzej, a jak w<\/div>\n<div class=\"xdj266r x11i5rnm xat24cr x1mh8g0r x1vvkbs\">rzeczywisto\u015bci?<\/div>\n<\/div>\n<\/div>\n<div><\/div>\n<div>To tylko niekt\u00f3re z pyta\u0144, na kt\u00f3rej b\u0119dziemy szukali odpowiedzi!<\/div>\n<div><\/div>\n<div class=\"x1pi30zi x1swvt13\">\n<div class=\"x1ni5s2d\">\n<div class=\"x11i5rnm xat24cr x1mh8g0r x1vvkbs xtlvy1s\"><span class=\"html-span xexx8yu x4uap5 x18d9i69 xkhd6sd x1hl2dhg x16tdsg8 x1vvkbs x3nfvp2 x1j61x8r x1fcty0u xdj266r xat24cr xgzva0m xhhsvwb xxymvpz xlup9mm x1kky2od\"><img loading=\"lazy\" decoding=\"async\" class=\"xz74otr\" src=\"https:\/\/static.xx.fbcdn.net\/images\/emoji.php\/v9\/tb0\/1\/16\/1f3af.png\" alt=\"?\" width=\"16\" height=\"16\" \/><\/span>Czego si\u0119 nauczysz?<br class=\"html-br\" \/>Nauczysz si\u0119 obs\u0142ugiwa\u0107 w realu ka\u017cdy popularny i dost\u0119pny obecnie system broni palnej z bezpo\u015brednim odniesieniem do gier wideo. Co rozumiemy przez s\u0142owo \u201eobs\u0142ugiwa\u0107\u201d? Rozumiemy rozk\u0142adanie broni, jej sk\u0142adanie, czyszczenie, smarowanie, wst\u0119pn\u0105 ocen\u0119 stanu technicznego, metody usuwania drobnych awarii, rozumienie znaczenia modyfikacji. Zrozumiesz zasad\u0119 dzia\u0142ania, fizyk\u0119 i chemi\u0119 stoj\u0105c\u0105 za procesami dziej\u0105cymi si\u0119 wewn\u0105trz broni.<\/div>\n<div class=\"x11i5rnm xat24cr x1mh8g0r x1vvkbs xtlvy1s\"><span class=\"html-span xexx8yu x4uap5 x18d9i69 xkhd6sd x1hl2dhg x16tdsg8 x1vvkbs x3nfvp2 x1j61x8r x1fcty0u xdj266r xat24cr xgzva0m xhhsvwb xxymvpz xlup9mm x1kky2od\"><img loading=\"lazy\" decoding=\"async\" class=\"xz74otr\" src=\"https:\/\/static.xx.fbcdn.net\/images\/emoji.php\/v9\/tb0\/1\/16\/1f3af.png\" alt=\"?\" width=\"16\" height=\"16\" \/><\/span>Co b\u0119dziesz m\u00f3g\u0142 zrobi\u0107 samodzielnie?<br class=\"html-br\" \/>Wszystko. W\u0142a\u015bnie o to chodzi, aby\u015b mia\u0142a \/ mia\u0142 mo\u017cliwo\u015bci rozebra\u0107, z\u0142o\u017cy\u0107 i zrozumie\u0107 ka\u017cdy typ broni jaki we\u017amiesz do r\u0119ki. B\u0119dziesz rozumie\u0107 dzia\u0142anie danego typu broni i b\u0119dziesz wiedzie\u0107 co wybra\u0107 dla siebie. Pobrudzisz troch\u0119 r\u0119ce smarem, ale to b\u0119dzie przyjemne do\u015bwiadczenie.<\/div>\n<div class=\"x11i5rnm xat24cr x1mh8g0r x1vvkbs xtlvy1s\"><span class=\"html-span xexx8yu x4uap5 x18d9i69 xkhd6sd x1hl2dhg x16tdsg8 x1vvkbs x3nfvp2 x1j61x8r x1fcty0u xdj266r xat24cr xgzva0m xhhsvwb xxymvpz xlup9mm x1kky2od\"><img loading=\"lazy\" decoding=\"async\" class=\"xz74otr\" src=\"https:\/\/static.xx.fbcdn.net\/images\/emoji.php\/v9\/tb0\/1\/16\/1f3af.png\" alt=\"?\" width=\"16\" height=\"16\" \/><\/span>Czy musisz umie\u0107 strzela\u0107?<br class=\"html-br\" \/>Nie musisz. Strzelanie to opcja*. Na tych zaj\u0119ciach skupimy si\u0119 na odwzorowaniu prawdziwej broni palnej w grach wideo.<\/div>\n<div class=\"x11i5rnm xat24cr x1mh8g0r x1vvkbs xtlvy1s\"><span class=\"html-span xexx8yu x4uap5 x18d9i69 xkhd6sd x1hl2dhg x16tdsg8 x1vvkbs x3nfvp2 x1j61x8r x1fcty0u xdj266r xat24cr xgzva0m xhhsvwb xxymvpz xlup9mm x1kky2od\"><img loading=\"lazy\" decoding=\"async\" class=\"xz74otr\" src=\"https:\/\/static.xx.fbcdn.net\/images\/emoji.php\/v9\/tb0\/1\/16\/1f3af.png\" alt=\"?\" width=\"16\" height=\"16\" \/><\/span>Czy potrzebujesz pozwolenia?<br class=\"html-br\" \/>Nie potrzebujesz ani pozwolenia na bro\u0144, ani nawet patentu strzeleckiego.<\/div>\n<div class=\"x11i5rnm xat24cr x1mh8g0r x1vvkbs xtlvy1s\"><span class=\"html-span xexx8yu x4uap5 x18d9i69 xkhd6sd x1hl2dhg x16tdsg8 x1vvkbs x3nfvp2 x1j61x8r x1fcty0u xdj266r xat24cr xgzva0m xhhsvwb xxymvpz xlup9mm x1kky2od\"><img loading=\"lazy\" decoding=\"async\" class=\"xz74otr\" src=\"https:\/\/static.xx.fbcdn.net\/images\/emoji.php\/v9\/tb0\/1\/16\/1f3af.png\" alt=\"?\" width=\"16\" height=\"16\" \/><\/span>Czy to bezpieczne?<br class=\"html-br\" \/>Oczywi\u015bcie! Niezale\u017cnie od tego na szkoleniu zaczniemy od om\u00f3wienia zasad bezpiecze\u0144stwa w pos\u0142ugiwaniu si\u0119 broni\u0105 paln\u0105 i dopilnujemy, aby zaj\u0119cia by\u0142y absolutnie bezpieczne.<\/div>\n<div class=\"x11i5rnm xat24cr x1mh8g0r x1vvkbs xtlvy1s\"><span class=\"html-span xexx8yu x4uap5 x18d9i69 xkhd6sd x1hl2dhg x16tdsg8 x1vvkbs x3nfvp2 x1j61x8r x1fcty0u xdj266r xat24cr xgzva0m xhhsvwb xxymvpz xlup9mm x1kky2od\"><img loading=\"lazy\" decoding=\"async\" class=\"xz74otr\" src=\"https:\/\/static.xx.fbcdn.net\/images\/emoji.php\/v9\/tb0\/1\/16\/1f3af.png\" alt=\"?\" width=\"16\" height=\"16\" \/><\/span>Czy mog\u0119 zabra\u0107 ze sob\u0105 osob\u0119 niepe\u0142noletni\u0105?<br class=\"html-br\" \/>Oczywi\u015bcie. W Polsce nie ma dolnego limitu wieku dla os\u00f3b niepe\u0142noletnich, zatem zapraszamy na strzelnic\u0119 w ka\u017cdym wieku. Z uwagi na materia\u0142, kt\u00f3remu po\u015bwi\u0119cimy uwag\u0119 woleliby\u015bmy ma zaj\u0119ciach przynajmniej nastolatk\u00f3w!<\/div>\n<div class=\"x11i5rnm xat24cr x1mh8g0r x1vvkbs xtlvy1s\"><span class=\"html-span xexx8yu x4uap5 x18d9i69 xkhd6sd x1hl2dhg x16tdsg8 x1vvkbs x3nfvp2 x1j61x8r x1fcty0u xdj266r xat24cr xgzva0m xhhsvwb xxymvpz xlup9mm x1kky2od\"><img loading=\"lazy\" decoding=\"async\" class=\"xz74otr\" src=\"https:\/\/static.xx.fbcdn.net\/images\/emoji.php\/v9\/tb0\/1\/16\/1f3af.png\" alt=\"?\" width=\"16\" height=\"16\" \/><\/span>Jaki jest plan zaj\u0119\u0107?<br class=\"html-br\" \/>Zaj\u0119cia podzielimy na dwa bloki tematyczne. W trakcie pierwszego skupiamy si\u0119 na broni kr\u00f3tkiej. Po\u015bwi\u0119cimy jej od 3 do 4 godzin, w zale\u017cno\u015bci od tego jak wiele b\u0119dziecie mieli pyta\u0144. Na wszystkie udzielimy wyczerpuj\u0105cych odpowiedzi. <br class=\"html-br\" \/>W drugim bloku tak\u0105 sam\u0105 ilo\u015b\u0107 czasu po\u015bwi\u0119cimy na bro\u0144 d\u0142ug\u0105. W obu przypadkach ch\u0119tni b\u0119d\u0105 mogli wypr\u00f3bowa\u0107 wszystkie egzemplarze broni, jakie b\u0119d\u0105 do dyspozycji na zaj\u0119ciach.<\/div>\n<div class=\"x11i5rnm xat24cr x1mh8g0r x1vvkbs xtlvy1s\"><span class=\"html-span xexx8yu x4uap5 x18d9i69 xkhd6sd x1hl2dhg x16tdsg8 x1vvkbs x3nfvp2 x1j61x8r x1fcty0u xdj266r xat24cr xgzva0m xhhsvwb xxymvpz xlup9mm x1kky2od\"><img loading=\"lazy\" decoding=\"async\" class=\"xz74otr\" src=\"https:\/\/static.xx.fbcdn.net\/images\/emoji.php\/v9\/tb0\/1\/16\/1f3af.png\" alt=\"?\" width=\"16\" height=\"16\" \/><\/span>Kiedy i gdzie? <strong>W dowolnie wybranym terminie do 12 miesi\u0119cy od zakupu vouchera<\/strong>, Strzelnica Zbrojownia Modlin<br class=\"html-br\" \/>Koszt: 550 z\u0142<br class=\"html-br\" \/>Zapisy: <a class=\"x1i10hfl xjbqb8w x1ejq31n xd10rxx x1sy0etr x17r0tee x972fbf xcfux6l x1qhh985 xm0m39n x9f619 x1ypdohk xt0psk2 xe8uvvx xdj266r x11i5rnm xat24cr x1mh8g0r xexx8yu x4uap5 x18d9i69 xkhd6sd x16tdsg8 x1hl2dhg xggy1nq x1a2a7pz x1sur9pj xkrqix3 x1fey0fg\" tabindex=\"0\" role=\"link\" href=\"https:\/\/szkolenia.zbrojowniamodlin.pl\/?fbclid=IwZXh0bgNhZW0CMTAAAR2dJ2ccHmUDsqNaopAyJfLkyP7fkfQPLi1qppuHEjtolktbeI5en5DhVr0_aem_PPLzTQl8F0LWq9QMThMbTA\" target=\"_blank\" rel=\"nofollow noopener noreferrer\">https:\/\/szkolenia.zbrojowniamodlin.pl\/<\/a><\/div>\n<div class=\"x11i5rnm xat24cr x1mh8g0r x1vvkbs xtlvy1s\"><\/div>\n<div class=\"x11i5rnm xat24cr x1mh8g0r x1vvkbs xtlvy1s\">*- Opcja dodatkowo p\u0142atna (do rozliczenia b\u0119dzie koszt wystrzelonej amunicji)<\/div>\n<\/div>\n<\/div>\n","protected":false},"excerpt":{"rendered":"<p>Szukasz pomys\u0142u na niebanalny prezent? Podaruj zatem wiedz\u0119, emocje i znakomicie sp\u0119dzony czas w Centrum Szkoleniowym Zbrojownia Modlin\u203c\ufe0f Bro\u0144 w grach &#8211; gaming vs rzeczywisto\u015b\u0107 Jak dzia\u0142a bro\u0144 w grach, a jak dzia\u0142a w rzeczywisto\u015bci? Jak prawdziwa bro\u0144 jest zbudowana? Dlaczego tak, a nie inaczej? Jak si\u0119 j\u0105 rozk\u0142ada, czy\u015bci, naprawia, konserwuje i na koniec [&hellip;]<\/p>\n","protected":false},"featured_media":130663,"template":"","meta":[],"product_brand":[],"product_cat":[326],"product_tag":[],"class_list":{"0":"post-130662","1":"product","2":"type-product","3":"status-publish","4":"has-post-thumbnail","6":"product_cat-vouchery","8":"first","9":"instock","10":"shipping-taxable","11":"purchasable","12":"product-type-simple"},"yoast_head":"<!-- This site is optimized with the Yoast SEO plugin v27.3 - https:\/\/yoast.com\/product\/yoast-seo-wordpress\/ -->\n<title>Voucher: Bro\u0144 w grach - gaming vs. rzeczywisto\u015b\u0107 - Zbrojownia Modlin<\/title>\n<meta name=\"robots\" content=\"index, follow, max-snippet:-1, max-image-preview:large, max-video-preview:-1\" \/>\n<link rel=\"canonical\" href=\"https:\/\/zbrojowniamodlin.pl\/en\/szkolenia\/vouchers\/voucher-bron-w-grach-gaming-vs-rzeczywistosc\/\" \/>\n<meta property=\"og:locale\" content=\"en_US\" \/>\n<meta property=\"og:type\" content=\"article\" \/>\n<meta property=\"og:title\" content=\"Voucher: Bro\u0144 w grach - gaming vs. rzeczywisto\u015b\u0107 - Zbrojownia Modlin\" \/>\n<meta property=\"og:description\" content=\"Szukasz pomys\u0142u na niebanalny prezent? Podaruj zatem wiedz\u0119, emocje i znakomicie sp\u0119dzony czas w Centrum Szkoleniowym Zbrojownia Modlin\u203c\ufe0f Bro\u0144 w grach &#8211; gaming vs rzeczywisto\u015b\u0107 Jak dzia\u0142a bro\u0144 w grach, a jak dzia\u0142a w rzeczywisto\u015bci? Jak prawdziwa bro\u0144 jest zbudowana? Dlaczego tak, a nie inaczej? Jak si\u0119 j\u0105 rozk\u0142ada, czy\u015bci, naprawia, konserwuje i na koniec [&hellip;]\" \/>\n<meta property=\"og:url\" content=\"https:\/\/zbrojowniamodlin.pl\/en\/szkolenia\/vouchers\/voucher-bron-w-grach-gaming-vs-rzeczywistosc\/\" \/>\n<meta property=\"og:site_name\" content=\"Zbrojownia Modlin\" \/>\n<meta property=\"article:modified_time\" content=\"2025-07-14T15:37:08+00:00\" \/>\n<meta property=\"og:image\" content=\"https:\/\/zbrojowniamodlin.pl\/wp-content\/uploads\/2025\/01\/gry.jpg\" \/>\n\t<meta property=\"og:image:width\" content=\"1080\" \/>\n\t<meta property=\"og:image:height\" content=\"1080\" \/>\n\t<meta property=\"og:image:type\" content=\"image\/jpeg\" \/>\n<meta name=\"twitter:card\" content=\"summary_large_image\" \/>\n<meta name=\"twitter:label1\" content=\"Est. reading time\" \/>\n\t<meta name=\"twitter:data1\" content=\"5 minutes\" \/>\n<script type=\"application\/ld+json\" class=\"yoast-schema-graph\">{\"@context\":\"https:\\\/\\\/schema.org\",\"@graph\":[{\"@type\":\"WebPage\",\"@id\":\"https:\\\/\\\/zbrojowniamodlin.pl\\\/en\\\/szkolenia\\\/vouchers\\\/voucher-bron-w-grach-gaming-vs-rzeczywistosc\\\/\",\"url\":\"https:\\\/\\\/zbrojowniamodlin.pl\\\/en\\\/szkolenia\\\/vouchers\\\/voucher-bron-w-grach-gaming-vs-rzeczywistosc\\\/\",\"name\":\"Voucher: Bro\u0144 w grach - gaming vs. rzeczywisto\u015b\u0107 - Zbrojownia Modlin\",\"isPartOf\":{\"@id\":\"https:\\\/\\\/zbrojowniamodlin.pl\\\/en\\\/#website\"},\"primaryImageOfPage\":{\"@id\":\"https:\\\/\\\/zbrojowniamodlin.pl\\\/en\\\/szkolenia\\\/vouchers\\\/voucher-bron-w-grach-gaming-vs-rzeczywistosc\\\/#primaryimage\"},\"image\":{\"@id\":\"https:\\\/\\\/zbrojowniamodlin.pl\\\/en\\\/szkolenia\\\/vouchers\\\/voucher-bron-w-grach-gaming-vs-rzeczywistosc\\\/#primaryimage\"},\"thumbnailUrl\":\"https:\\\/\\\/zbrojowniamodlin.pl\\\/wp-content\\\/uploads\\\/2025\\\/01\\\/gry.jpg\",\"datePublished\":\"2025-01-20T14:25:38+00:00\",\"dateModified\":\"2025-07-14T15:37:08+00:00\",\"breadcrumb\":{\"@id\":\"https:\\\/\\\/zbrojowniamodlin.pl\\\/en\\\/szkolenia\\\/vouchers\\\/voucher-bron-w-grach-gaming-vs-rzeczywistosc\\\/#breadcrumb\"},\"inLanguage\":\"en-US\",\"potentialAction\":[{\"@type\":\"ReadAction\",\"target\":[\"https:\\\/\\\/zbrojowniamodlin.pl\\\/en\\\/szkolenia\\\/vouchers\\\/voucher-bron-w-grach-gaming-vs-rzeczywistosc\\\/\"]}]},{\"@type\":\"ImageObject\",\"inLanguage\":\"en-US\",\"@id\":\"https:\\\/\\\/zbrojowniamodlin.pl\\\/en\\\/szkolenia\\\/vouchers\\\/voucher-bron-w-grach-gaming-vs-rzeczywistosc\\\/#primaryimage\",\"url\":\"https:\\\/\\\/zbrojowniamodlin.pl\\\/wp-content\\\/uploads\\\/2025\\\/01\\\/gry.jpg\",\"contentUrl\":\"https:\\\/\\\/zbrojowniamodlin.pl\\\/wp-content\\\/uploads\\\/2025\\\/01\\\/gry.jpg\",\"width\":1080,\"height\":1080},{\"@type\":\"BreadcrumbList\",\"@id\":\"https:\\\/\\\/zbrojowniamodlin.pl\\\/en\\\/szkolenia\\\/vouchers\\\/voucher-bron-w-grach-gaming-vs-rzeczywistosc\\\/#breadcrumb\",\"itemListElement\":[{\"@type\":\"ListItem\",\"position\":1,\"name\":\"Strona g\u0142\u00f3wna\",\"item\":\"https:\\\/\\\/zbrojowniamodlin.pl\\\/en\\\/\"},{\"@type\":\"ListItem\",\"position\":2,\"name\":\"Store\",\"item\":\"https:\\\/\\\/zbrojowniamodlin.pl\\\/en\\\/shop\\\/\"},{\"@type\":\"ListItem\",\"position\":3,\"name\":\"Voucher: Bro\u0144 w grach &#8211; gaming vs. rzeczywisto\u015b\u0107\"}]},{\"@type\":\"WebSite\",\"@id\":\"https:\\\/\\\/zbrojowniamodlin.pl\\\/en\\\/#website\",\"url\":\"https:\\\/\\\/zbrojowniamodlin.pl\\\/en\\\/\",\"name\":\"Zbrojownia Modlin\",\"description\":\"Zbrojownia Modlin\",\"inLanguage\":\"en-US\"}]}<\/script>\n<!-- \/ Yoast SEO plugin. -->","yoast_head_json":{"title":"Voucher: Bro\u0144 w grach - gaming vs. rzeczywisto\u015b\u0107 - Zbrojownia Modlin","robots":{"index":"index","follow":"follow","max-snippet":"max-snippet:-1","max-image-preview":"max-image-preview:large","max-video-preview":"max-video-preview:-1"},"canonical":"https:\/\/zbrojowniamodlin.pl\/en\/szkolenia\/vouchers\/voucher-bron-w-grach-gaming-vs-rzeczywistosc\/","og_locale":"en_US","og_type":"article","og_title":"Voucher: Bro\u0144 w grach - gaming vs. rzeczywisto\u015b\u0107 - Zbrojownia Modlin","og_description":"Szukasz pomys\u0142u na niebanalny prezent? Podaruj zatem wiedz\u0119, emocje i znakomicie sp\u0119dzony czas w Centrum Szkoleniowym Zbrojownia Modlin\u203c\ufe0f Bro\u0144 w grach &#8211; gaming vs rzeczywisto\u015b\u0107 Jak dzia\u0142a bro\u0144 w grach, a jak dzia\u0142a w rzeczywisto\u015bci? Jak prawdziwa bro\u0144 jest zbudowana? Dlaczego tak, a nie inaczej? Jak si\u0119 j\u0105 rozk\u0142ada, czy\u015bci, naprawia, konserwuje i na koniec [&hellip;]","og_url":"https:\/\/zbrojowniamodlin.pl\/en\/szkolenia\/vouchers\/voucher-bron-w-grach-gaming-vs-rzeczywistosc\/","og_site_name":"Zbrojownia Modlin","article_modified_time":"2025-07-14T15:37:08+00:00","og_image":[{"width":1080,"height":1080,"url":"https:\/\/zbrojowniamodlin.pl\/wp-content\/uploads\/2025\/01\/gry.jpg","type":"image\/jpeg"}],"twitter_card":"summary_large_image","twitter_misc":{"Est. reading time":"5 minutes"},"schema":{"@context":"https:\/\/schema.org","@graph":[{"@type":"WebPage","@id":"https:\/\/zbrojowniamodlin.pl\/en\/szkolenia\/vouchers\/voucher-bron-w-grach-gaming-vs-rzeczywistosc\/","url":"https:\/\/zbrojowniamodlin.pl\/en\/szkolenia\/vouchers\/voucher-bron-w-grach-gaming-vs-rzeczywistosc\/","name":"Voucher: Bro\u0144 w grach - gaming vs. rzeczywisto\u015b\u0107 - Zbrojownia Modlin","isPartOf":{"@id":"https:\/\/zbrojowniamodlin.pl\/en\/#website"},"primaryImageOfPage":{"@id":"https:\/\/zbrojowniamodlin.pl\/en\/szkolenia\/vouchers\/voucher-bron-w-grach-gaming-vs-rzeczywistosc\/#primaryimage"},"image":{"@id":"https:\/\/zbrojowniamodlin.pl\/en\/szkolenia\/vouchers\/voucher-bron-w-grach-gaming-vs-rzeczywistosc\/#primaryimage"},"thumbnailUrl":"https:\/\/zbrojowniamodlin.pl\/wp-content\/uploads\/2025\/01\/gry.jpg","datePublished":"2025-01-20T14:25:38+00:00","dateModified":"2025-07-14T15:37:08+00:00","breadcrumb":{"@id":"https:\/\/zbrojowniamodlin.pl\/en\/szkolenia\/vouchers\/voucher-bron-w-grach-gaming-vs-rzeczywistosc\/#breadcrumb"},"inLanguage":"en-US","potentialAction":[{"@type":"ReadAction","target":["https:\/\/zbrojowniamodlin.pl\/en\/szkolenia\/vouchers\/voucher-bron-w-grach-gaming-vs-rzeczywistosc\/"]}]},{"@type":"ImageObject","inLanguage":"en-US","@id":"https:\/\/zbrojowniamodlin.pl\/en\/szkolenia\/vouchers\/voucher-bron-w-grach-gaming-vs-rzeczywistosc\/#primaryimage","url":"https:\/\/zbrojowniamodlin.pl\/wp-content\/uploads\/2025\/01\/gry.jpg","contentUrl":"https:\/\/zbrojowniamodlin.pl\/wp-content\/uploads\/2025\/01\/gry.jpg","width":1080,"height":1080},{"@type":"BreadcrumbList","@id":"https:\/\/zbrojowniamodlin.pl\/en\/szkolenia\/vouchers\/voucher-bron-w-grach-gaming-vs-rzeczywistosc\/#breadcrumb","itemListElement":[{"@type":"ListItem","position":1,"name":"Strona g\u0142\u00f3wna","item":"https:\/\/zbrojowniamodlin.pl\/en\/"},{"@type":"ListItem","position":2,"name":"Store","item":"https:\/\/zbrojowniamodlin.pl\/en\/shop\/"},{"@type":"ListItem","position":3,"name":"Voucher: Bro\u0144 w grach &#8211; gaming vs. rzeczywisto\u015b\u0107"}]},{"@type":"WebSite","@id":"https:\/\/zbrojowniamodlin.pl\/en\/#website","url":"https:\/\/zbrojowniamodlin.pl\/en\/","name":"Zbrojownia Modlin","description":"Zbrojownia Modlin","inLanguage":"en-US"}]}},"_links":{"self":[{"href":"https:\/\/zbrojowniamodlin.pl\/en\/wp-json\/wp\/v2\/product\/130662","targetHints":{"allow":["GET"]}}],"collection":[{"href":"https:\/\/zbrojowniamodlin.pl\/en\/wp-json\/wp\/v2\/product"}],"about":[{"href":"https:\/\/zbrojowniamodlin.pl\/en\/wp-json\/wp\/v2\/types\/product"}],"wp:featuredmedia":[{"embeddable":true,"href":"https:\/\/zbrojowniamodlin.pl\/en\/wp-json\/wp\/v2\/media\/130663"}],"wp:attachment":[{"href":"https:\/\/zbrojowniamodlin.pl\/en\/wp-json\/wp\/v2\/media?parent=130662"}],"wp:term":[{"taxonomy":"product_brand","embeddable":true,"href":"https:\/\/zbrojowniamodlin.pl\/en\/wp-json\/wp\/v2\/product_brand?post=130662"},{"taxonomy":"product_cat","embeddable":true,"href":"https:\/\/zbrojowniamodlin.pl\/en\/wp-json\/wp\/v2\/product_cat?post=130662"},{"taxonomy":"product_tag","embeddable":true,"href":"https:\/\/zbrojowniamodlin.pl\/en\/wp-json\/wp\/v2\/product_tag?post=130662"}],"curies":[{"name":"wp","href":"https:\/\/api.w.org\/{rel}","templated":true}]}}