{"id":130659,"date":"2025-01-20T15:25:51","date_gmt":"2025-01-20T14:25:51","guid":{"rendered":"https:\/\/zbrojowniamodlin.pl\/?post_type=product&#038;p=130659"},"modified":"2026-04-12T14:02:26","modified_gmt":"2026-04-12T12:02:26","slug":"patent-strzelecki-pakiet","status":"publish","type":"product","link":"https:\/\/zbrojowniamodlin.pl\/en\/szkolenia\/shooting-patent\/patent-strzelecki-pakiet\/","title":{"rendered":"Patent strzelecki &#8211; PAKIET"},"content":{"rendered":"<h3>Szkolenie obejmuje<\/h3>\n<p><strong>PAKIET kursu na patent strzelecki<\/strong> w Zbrojowni Modlin obejmuje zaj\u0119cia teoretyczne i praktyczne (<em>dostosowane do nowego regulaminu PZSS<\/em>) oraz zapisanie do klubu strzeleckiego wraz z op\u0142acon\u0105 sk\u0142adk\u0105 na dany rok kalendarzowy. Kompleksowo, od A do Z pod okiem do\u015bwiadczonych instruktor\u00f3w.<\/p>\n<p><strong>Cz\u0119\u015b\u0107 teoretyczna kursu na patent strzelecki:<\/strong><\/p>\n<ul>\n<li aria-level=\"1\">przepisy zwi\u0105zane ze strzelectwem oraz sportem strzeleckim (Ustawa o broni i amunicji)<\/li>\n<li aria-level=\"1\">przepisy techniczne ISSF oraz PZSS<\/li>\n<li aria-level=\"1\">zasady bezpiecze\u0144stwa na strzelnicy<\/li>\n<li aria-level=\"1\">budowa i zasada dzia\u0142ania r\u00f3\u017cnych typ\u00f3w broni palnej<\/li>\n<li aria-level=\"1\">techniki strzelania w r\u00f3\u017cnych postawach<\/li>\n<li aria-level=\"1\">przyczyny i usuwanie zaci\u0119\u0107<\/li>\n<\/ul>\n<p><strong>Cz\u0119\u015b\u0107 praktyczna obejmuje:<\/strong><\/p>\n<ul>\n<li aria-level=\"1\">strzelanie z broni klubowej (pistolet 22LR, karabin 22LR, strzelba)<\/li>\n<li aria-level=\"1\">strzelanie odbywa si\u0119\u00a0na broni, na kt\u00f3rej prowadzony jest egzamin<\/li>\n<\/ul>\n<p>W trakcie praktycznej cz\u0119\u015bci kursu uczestnicy b\u0119d\u0105 mieli do dyspozycji bro\u0144 klubow\u0105 oraz:<\/p>\n<ul>\n<li aria-level=\"1\">250 szt. amunicji 22LR<\/li>\n<li aria-level=\"1\">25 szt. amunicji 12\/70<\/li>\n<\/ul>\n<p>Cz\u0119\u015b\u0107 praktyczna kursu obejmuje egzamin pr\u00f3bny w Klubie!<\/p>\n<p><strong><em>*Kurs na patent wa\u017cny jest 12 miesi\u0119cy od dnia zakupu. <\/em><\/strong><em>Oznacza to, \u017ce na zaliczenie zaj\u0119\u0107 teoretycznych i praktycznych oraz egzamin pr\u00f3bny w Klubie masz a\u017c rok od chwili zakupu pakietu!<\/em><\/p>\n<p><strong>Wpisanie do klubu:<\/strong><\/p>\n<ul>\n<li aria-level=\"1\">Pakiet, poza przygotowaniem do egzaminu na patent, obejmuje tak\u017ce wpisanie uczestnika do Klubu Strzelecko Kolekcjonerskiego Zbrojownia Modlin wraz z op\u0142aceniem wpisowego i sk\u0142adki cz\u0142onkowskiej na rok 2026.<\/li>\n<\/ul>\n<h3>Dla kogo?<\/h3>\n<p>PAKIET kursu na patent strzelecki skierowany jest do os\u00f3b, kt\u00f3re nie s\u0105 jeszcze zrzeszone w strzeleckim klubie sportowym b\u0119d\u0105cym cz\u0119\u015bci\u0105 PZSS i kt\u00f3re docelowo chc\u0105 uzyska\u0107 swoje pozwolenie na bro\u0144.<\/p>\n<h3>Co dostajesz?<\/h3>\n<p>Szkolenie odb\u0119dzie si\u0119 w formie cyklu spotka\u0144, podczas kt\u00f3rych po\u0142\u0105czymy teori\u0119 z praktyk\u0105 w przyst\u0119pny i przejrzysty spos\u00f3b.<\/p>\n<p><span class=\"html-span xexx8yu xyri2b x18d9i69 x1c1uobl x1hl2dhg x16tdsg8 x1vvkbs x3nfvp2 x1j61x8r x1fcty0u xdj266r xat24cr xm2jcoa x1mpyi22 xxymvpz xlup9mm x1kky2od\"><img loading=\"lazy\" decoding=\"async\" class=\"xz74otr x15mokao x1ga7v0g x16uus16 xbiv7yw\" src=\"https:\/\/static.xx.fbcdn.net\/images\/emoji.php\/v9\/t5d\/1\/16\/26a1.png\" alt=\"\u26a1\" width=\"16\" height=\"16\" \/><\/span> \u00a0Program szkolenia dostosowany jest do nowych wytycznych PZSS &#8211; &#8220;Regulamin uzyskiwania kwalifikacji niezb\u0119dnych do uprawiania sportu strzeleckiego w ramach PZSS&#8221;, obowi\u0105zuj\u0105cy od 01.07.2025 r.<\/p>\n<ul>\n<li aria-level=\"1\">dzie\u0144 #1 i #2: spotkanie organizacyjne, cz\u0119\u015b\u0107 teoretyczna<\/li>\n<li aria-level=\"1\">kolejne spotkania \u2013 cz\u0119\u015b\u0107 praktyczna z instruktorem w ustalone dni<\/li>\n<li aria-level=\"1\">w PAKIECIE jest tak\u017ce wpisanie uczestnika do Klubu Strzelecko Kolekcjonerskiego Zbrojownia Modlin wraz z op\u0142aceniem wpisowego i sk\u0142adki cz\u0142onkowskiej na rok 2026<\/li>\n<\/ul>\n<p><span class=\"html-span xexx8yu xyri2b x18d9i69 x1c1uobl x1hl2dhg x16tdsg8 x1vvkbs x3nfvp2 x1j61x8r x1fcty0u xdj266r xat24cr xm2jcoa x1mpyi22 xxymvpz xlup9mm x1kky2od\"><img loading=\"lazy\" decoding=\"async\" class=\"xz74otr x15mokao x1ga7v0g x16uus16 xbiv7yw\" src=\"https:\/\/static.xx.fbcdn.net\/images\/emoji.php\/v9\/t5d\/1\/16\/26a1.png\" alt=\"\u26a1\" width=\"16\" height=\"16\" \/><\/span>\u00a0 W ramach pakietu otrzymujesz od nas r\u00f3wnie\u017c wsparcie w przygotowaniu dokument\u00f3w do WPA, kt\u00f3rych z\u0142o\u017cenie jest wymagane do uzyskania pozwolenia na bro\u0144. Prowadzimy tutaj za r\u0119k\u0119 do szcz\u0119\u015bliwego uzyskania pozwolenia.<\/p>\n<h3>Jak si\u0119 zapisa\u0107?<\/h3>\n<p>Wybierz jedn\u0105 z dost\u0119pnych opcji w prawym g\u00f3rnym roku, pod zak\u0142adk\u0105 MIESI\u0104C. Po wybraniu daty i op\u0142aceniu kursu otrzymasz szczeg\u00f3\u0142owe informacje na maila.<\/p>\n<p>Czy te informacje by\u0142y wystarczaj\u0105ce? Je\u015bli nie &#8211; dzwo\u0144 lub pisz: +48 788 999 303 lub biuro@zbrojowniamodlin.pl<\/p>\n","protected":false},"excerpt":{"rendered":"<p><b>Zdob\u0105d\u017a patent strzelecki dzi\u0119ki kompleksowemu kursowi Zbrojowni Modlin. W pakiecie otrzymujesz szkolenie teoretyczne, praktyczne oraz cz\u0142onkostwo w klubie wraz z op\u0142acon\u0105 sk\u0142adk\u0105 na dany rok kalendarzowy. Szukasz kompleksowego rozwi\u0105zania? Dobrze trafi\u0142e\u015b\/a\u015b!<\/b><\/p>\n<p><b> <span class=\"html-span xexx8yu xyri2b x18d9i69 x1c1uobl x1hl2dhg x16tdsg8 x1vvkbs x3nfvp2 x1j61x8r x1fcty0u xdj266r xat24cr xm2jcoa x1mpyi22 xxymvpz xlup9mm x1kky2od\"><img loading=\"lazy\" decoding=\"async\" class=\"xz74otr x15mokao x1ga7v0g x16uus16 xbiv7yw\" src=\"https:\/\/static.xx.fbcdn.net\/images\/emoji.php\/v9\/t5d\/1\/16\/26a1.png\" alt=\"\u26a1\" width=\"16\" height=\"16\" \/>\u00a0<\/span><\/b><b>Program szkolenia dostosowany jest do nowych wytycznych PZSS <span class=\"html-span xexx8yu xyri2b x18d9i69 x1c1uobl x1hl2dhg x16tdsg8 x1vvkbs x3nfvp2 x1j61x8r x1fcty0u xdj266r xat24cr xm2jcoa x1mpyi22 xxymvpz xlup9mm x1kky2od\"><img loading=\"lazy\" decoding=\"async\" class=\"xz74otr x15mokao x1ga7v0g x16uus16 xbiv7yw\" src=\"https:\/\/static.xx.fbcdn.net\/images\/emoji.php\/v9\/t5d\/1\/16\/26a1.png\" alt=\"\u26a1\" width=\"16\" height=\"16\" \/> <\/span><\/b><\/p>\n<p>&nbsp;<\/p>\n","protected":false},"featured_media":130647,"template":"","meta":[],"product_brand":[],"product_cat":[323],"product_tag":[],"class_list":{"0":"post-130659","1":"product","2":"type-product","3":"status-publish","4":"has-post-thumbnail","6":"product_cat-patent-strzelecki","8":"first","9":"instock","10":"shipping-taxable","11":"purchasable","12":"product-type-variable"},"yoast_head":"<!-- This site is optimized with the Yoast SEO plugin v27.4 - https:\/\/yoast.com\/product\/yoast-seo-wordpress\/ -->\n<title>Kurs na patent strzelecki - PAKIET<\/title>\n<meta name=\"description\" content=\"W pakiecie teoria, praktyka oraz cz\u0142onkostwo w klubie. Zbrojownia Modlin oferuje kurs na patent strzelecki od A do Z, zgodny z nowym regulaminem PZSS.\" \/>\n<meta name=\"robots\" content=\"index, follow, max-snippet:-1, max-image-preview:large, max-video-preview:-1\" \/>\n<link rel=\"canonical\" href=\"https:\/\/zbrojowniamodlin.pl\/en\/szkolenia\/shooting-patent\/patent-strzelecki-pakiet\/\" \/>\n<meta property=\"og:locale\" content=\"en_US\" \/>\n<meta property=\"og:type\" content=\"article\" \/>\n<meta property=\"og:title\" content=\"Kurs na patent strzelecki - PAKIET\" \/>\n<meta property=\"og:description\" content=\"W pakiecie teoria, praktyka oraz cz\u0142onkostwo w klubie. Zbrojownia Modlin oferuje kurs na patent strzelecki od A do Z, zgodny z nowym regulaminem PZSS.\" \/>\n<meta property=\"og:url\" content=\"https:\/\/zbrojowniamodlin.pl\/en\/szkolenia\/shooting-patent\/patent-strzelecki-pakiet\/\" \/>\n<meta property=\"og:site_name\" content=\"Zbrojownia Modlin\" \/>\n<meta property=\"article:modified_time\" content=\"2026-04-12T12:02:26+00:00\" \/>\n<meta property=\"og:image\" content=\"https:\/\/zbrojowniamodlin.pl\/wp-content\/uploads\/2025\/01\/20221008_114324-scaled-1-1.jpg\" \/>\n\t<meta property=\"og:image:width\" content=\"2560\" \/>\n\t<meta property=\"og:image:height\" content=\"1920\" \/>\n\t<meta property=\"og:image:type\" content=\"image\/jpeg\" \/>\n<meta name=\"twitter:card\" content=\"summary_large_image\" \/>\n<meta name=\"twitter:label1\" content=\"Est. reading time\" \/>\n\t<meta name=\"twitter:data1\" content=\"3 minutes\" \/>\n<script type=\"application\/ld+json\" class=\"yoast-schema-graph\">{\"@context\":\"https:\\\/\\\/schema.org\",\"@graph\":[{\"@type\":\"WebPage\",\"@id\":\"https:\\\/\\\/zbrojowniamodlin.pl\\\/en\\\/szkolenia\\\/shooting-patent\\\/patent-strzelecki-pakiet\\\/\",\"url\":\"https:\\\/\\\/zbrojowniamodlin.pl\\\/en\\\/szkolenia\\\/shooting-patent\\\/patent-strzelecki-pakiet\\\/\",\"name\":\"Kurs na patent strzelecki - PAKIET\",\"isPartOf\":{\"@id\":\"https:\\\/\\\/zbrojowniamodlin.pl\\\/en\\\/#website\"},\"primaryImageOfPage\":{\"@id\":\"https:\\\/\\\/zbrojowniamodlin.pl\\\/en\\\/szkolenia\\\/shooting-patent\\\/patent-strzelecki-pakiet\\\/#primaryimage\"},\"image\":{\"@id\":\"https:\\\/\\\/zbrojowniamodlin.pl\\\/en\\\/szkolenia\\\/shooting-patent\\\/patent-strzelecki-pakiet\\\/#primaryimage\"},\"thumbnailUrl\":\"https:\\\/\\\/zbrojowniamodlin.pl\\\/wp-content\\\/uploads\\\/2025\\\/01\\\/20221008_114324-scaled-1-1.jpg\",\"datePublished\":\"2025-01-20T14:25:51+00:00\",\"dateModified\":\"2026-04-12T12:02:26+00:00\",\"description\":\"W pakiecie teoria, praktyka oraz cz\u0142onkostwo w klubie. Zbrojownia Modlin oferuje kurs na patent strzelecki od A do Z, zgodny z nowym regulaminem PZSS.\",\"breadcrumb\":{\"@id\":\"https:\\\/\\\/zbrojowniamodlin.pl\\\/en\\\/szkolenia\\\/shooting-patent\\\/patent-strzelecki-pakiet\\\/#breadcrumb\"},\"inLanguage\":\"en-US\",\"potentialAction\":[{\"@type\":\"ReadAction\",\"target\":[\"https:\\\/\\\/zbrojowniamodlin.pl\\\/en\\\/szkolenia\\\/shooting-patent\\\/patent-strzelecki-pakiet\\\/\"]}]},{\"@type\":\"ImageObject\",\"inLanguage\":\"en-US\",\"@id\":\"https:\\\/\\\/zbrojowniamodlin.pl\\\/en\\\/szkolenia\\\/shooting-patent\\\/patent-strzelecki-pakiet\\\/#primaryimage\",\"url\":\"https:\\\/\\\/zbrojowniamodlin.pl\\\/wp-content\\\/uploads\\\/2025\\\/01\\\/20221008_114324-scaled-1-1.jpg\",\"contentUrl\":\"https:\\\/\\\/zbrojowniamodlin.pl\\\/wp-content\\\/uploads\\\/2025\\\/01\\\/20221008_114324-scaled-1-1.jpg\",\"width\":2560,\"height\":1920},{\"@type\":\"BreadcrumbList\",\"@id\":\"https:\\\/\\\/zbrojowniamodlin.pl\\\/en\\\/szkolenia\\\/shooting-patent\\\/patent-strzelecki-pakiet\\\/#breadcrumb\",\"itemListElement\":[{\"@type\":\"ListItem\",\"position\":1,\"name\":\"Strona g\u0142\u00f3wna\",\"item\":\"https:\\\/\\\/zbrojowniamodlin.pl\\\/en\\\/\"},{\"@type\":\"ListItem\",\"position\":2,\"name\":\"Store\",\"item\":\"https:\\\/\\\/zbrojowniamodlin.pl\\\/en\\\/shop\\\/\"},{\"@type\":\"ListItem\",\"position\":3,\"name\":\"Patent strzelecki &#8211; PAKIET\"}]},{\"@type\":\"WebSite\",\"@id\":\"https:\\\/\\\/zbrojowniamodlin.pl\\\/en\\\/#website\",\"url\":\"https:\\\/\\\/zbrojowniamodlin.pl\\\/en\\\/\",\"name\":\"Zbrojownia Modlin\",\"description\":\"Zbrojownia Modlin\",\"inLanguage\":\"en-US\"}]}<\/script>\n<!-- \/ Yoast SEO plugin. -->","yoast_head_json":{"title":"Kurs na patent strzelecki - PAKIET","description":"W pakiecie teoria, praktyka oraz cz\u0142onkostwo w klubie. Zbrojownia Modlin oferuje kurs na patent strzelecki od A do Z, zgodny z nowym regulaminem PZSS.","robots":{"index":"index","follow":"follow","max-snippet":"max-snippet:-1","max-image-preview":"max-image-preview:large","max-video-preview":"max-video-preview:-1"},"canonical":"https:\/\/zbrojowniamodlin.pl\/en\/szkolenia\/shooting-patent\/patent-strzelecki-pakiet\/","og_locale":"en_US","og_type":"article","og_title":"Kurs na patent strzelecki - PAKIET","og_description":"W pakiecie teoria, praktyka oraz cz\u0142onkostwo w klubie. Zbrojownia Modlin oferuje kurs na patent strzelecki od A do Z, zgodny z nowym regulaminem PZSS.","og_url":"https:\/\/zbrojowniamodlin.pl\/en\/szkolenia\/shooting-patent\/patent-strzelecki-pakiet\/","og_site_name":"Zbrojownia Modlin","article_modified_time":"2026-04-12T12:02:26+00:00","og_image":[{"width":2560,"height":1920,"url":"https:\/\/zbrojowniamodlin.pl\/wp-content\/uploads\/2025\/01\/20221008_114324-scaled-1-1.jpg","type":"image\/jpeg"}],"twitter_card":"summary_large_image","twitter_misc":{"Est. reading time":"3 minutes"},"schema":{"@context":"https:\/\/schema.org","@graph":[{"@type":"WebPage","@id":"https:\/\/zbrojowniamodlin.pl\/en\/szkolenia\/shooting-patent\/patent-strzelecki-pakiet\/","url":"https:\/\/zbrojowniamodlin.pl\/en\/szkolenia\/shooting-patent\/patent-strzelecki-pakiet\/","name":"Kurs na patent strzelecki - PAKIET","isPartOf":{"@id":"https:\/\/zbrojowniamodlin.pl\/en\/#website"},"primaryImageOfPage":{"@id":"https:\/\/zbrojowniamodlin.pl\/en\/szkolenia\/shooting-patent\/patent-strzelecki-pakiet\/#primaryimage"},"image":{"@id":"https:\/\/zbrojowniamodlin.pl\/en\/szkolenia\/shooting-patent\/patent-strzelecki-pakiet\/#primaryimage"},"thumbnailUrl":"https:\/\/zbrojowniamodlin.pl\/wp-content\/uploads\/2025\/01\/20221008_114324-scaled-1-1.jpg","datePublished":"2025-01-20T14:25:51+00:00","dateModified":"2026-04-12T12:02:26+00:00","description":"W pakiecie teoria, praktyka oraz cz\u0142onkostwo w klubie. Zbrojownia Modlin oferuje kurs na patent strzelecki od A do Z, zgodny z nowym regulaminem PZSS.","breadcrumb":{"@id":"https:\/\/zbrojowniamodlin.pl\/en\/szkolenia\/shooting-patent\/patent-strzelecki-pakiet\/#breadcrumb"},"inLanguage":"en-US","potentialAction":[{"@type":"ReadAction","target":["https:\/\/zbrojowniamodlin.pl\/en\/szkolenia\/shooting-patent\/patent-strzelecki-pakiet\/"]}]},{"@type":"ImageObject","inLanguage":"en-US","@id":"https:\/\/zbrojowniamodlin.pl\/en\/szkolenia\/shooting-patent\/patent-strzelecki-pakiet\/#primaryimage","url":"https:\/\/zbrojowniamodlin.pl\/wp-content\/uploads\/2025\/01\/20221008_114324-scaled-1-1.jpg","contentUrl":"https:\/\/zbrojowniamodlin.pl\/wp-content\/uploads\/2025\/01\/20221008_114324-scaled-1-1.jpg","width":2560,"height":1920},{"@type":"BreadcrumbList","@id":"https:\/\/zbrojowniamodlin.pl\/en\/szkolenia\/shooting-patent\/patent-strzelecki-pakiet\/#breadcrumb","itemListElement":[{"@type":"ListItem","position":1,"name":"Strona g\u0142\u00f3wna","item":"https:\/\/zbrojowniamodlin.pl\/en\/"},{"@type":"ListItem","position":2,"name":"Store","item":"https:\/\/zbrojowniamodlin.pl\/en\/shop\/"},{"@type":"ListItem","position":3,"name":"Patent strzelecki &#8211; PAKIET"}]},{"@type":"WebSite","@id":"https:\/\/zbrojowniamodlin.pl\/en\/#website","url":"https:\/\/zbrojowniamodlin.pl\/en\/","name":"Zbrojownia Modlin","description":"Zbrojownia Modlin","inLanguage":"en-US"}]}},"_links":{"self":[{"href":"https:\/\/zbrojowniamodlin.pl\/en\/wp-json\/wp\/v2\/product\/130659","targetHints":{"allow":["GET"]}}],"collection":[{"href":"https:\/\/zbrojowniamodlin.pl\/en\/wp-json\/wp\/v2\/product"}],"about":[{"href":"https:\/\/zbrojowniamodlin.pl\/en\/wp-json\/wp\/v2\/types\/product"}],"wp:featuredmedia":[{"embeddable":true,"href":"https:\/\/zbrojowniamodlin.pl\/en\/wp-json\/wp\/v2\/media\/130647"}],"wp:attachment":[{"href":"https:\/\/zbrojowniamodlin.pl\/en\/wp-json\/wp\/v2\/media?parent=130659"}],"wp:term":[{"taxonomy":"product_brand","embeddable":true,"href":"https:\/\/zbrojowniamodlin.pl\/en\/wp-json\/wp\/v2\/product_brand?post=130659"},{"taxonomy":"product_cat","embeddable":true,"href":"https:\/\/zbrojowniamodlin.pl\/en\/wp-json\/wp\/v2\/product_cat?post=130659"},{"taxonomy":"product_tag","embeddable":true,"href":"https:\/\/zbrojowniamodlin.pl\/en\/wp-json\/wp\/v2\/product_tag?post=130659"}],"curies":[{"name":"wp","href":"https:\/\/api.w.org\/{rel}","templated":true}]}}