{"id":130632,"date":"2025-01-20T15:25:37","date_gmt":"2025-01-20T14:25:37","guid":{"rendered":"https:\/\/zbrojowniamodlin.pl\/?post_type=product&#038;p=130632"},"modified":"2025-07-18T11:17:33","modified_gmt":"2025-07-18T09:17:33","slug":"patent-strzelecki-teoria","status":"publish","type":"product","link":"https:\/\/zbrojowniamodlin.pl\/en\/szkolenia\/shooting-patent\/patent-strzelecki-teoria\/","title":{"rendered":"Patent strzelecki &#8211; TEORIA"},"content":{"rendered":"<div class=\"x11i5rnm xat24cr x1mh8g0r x1vvkbs xdj266r\">\n<h2><span style=\"font-weight: 400;\">Szkolenie obejmuje<\/span><\/h2>\n<p><span style=\"font-weight: 400;\">Kurs teoretyczny na patent strzelecki w Zbrojowni Modlin obejmuje zaj\u0119cia obja\u015bniaj\u0105ce:<\/span><\/p>\n<ul>\n<li><span style=\"font-weight: 400;\">przepisy zwi\u0105zane ze strzelectwem oraz sportem strzeleckim (Ustawa o broni i amunicji)<\/span><\/li>\n<li><span style=\"font-weight: 400;\">przepisy techniczne ISSF oraz PZSS<\/span><\/li>\n<li><b>zasady bezpiecze\u0144stwa na strzelnicy<\/b><\/li>\n<li><span style=\"font-weight: 400;\">budowa i zasada dzia\u0142ania r\u00f3\u017cnych typ\u00f3w broni palnej<\/span><\/li>\n<li><span style=\"font-weight: 400;\">techniki strzelania w r\u00f3\u017cnych postawach<\/span><\/li>\n<li><span style=\"font-weight: 400;\">przyczyny i usuwanie zaci\u0119\u0107<\/span><\/li>\n<\/ul>\n<h3><span style=\"font-weight: 400;\">Dla kogo?<\/span><\/h3>\n<p><span style=\"font-weight: 400;\">TEORIA dedykowana jest osobom, kt\u00f3re samodzielnie chc\u0105 realizowa\u0107 zaj\u0119cia praktyczne (np. na innym obiekcie czy w innym terminie).<\/span><\/p>\n<h3><span style=\"font-weight: 400;\">Jak si\u0119 zapisa\u0107?<\/span><\/h3>\n<p><span style=\"font-weight: 400;\">Wybierz jedn\u0105 z dost\u0119pnych opcji w prawym g\u00f3rnym roku, pod zak\u0142adk\u0105 MIESI\u0104C. Po wybraniu daty i op\u0142aceniu kursu otrzymasz szczeg\u00f3\u0142owe informacje na maila.<\/span><\/p>\n<\/div>\n","protected":false},"excerpt":{"rendered":"<p><b>Zaj\u0119cia teoretyczne przygotowuj\u0105ce do egzaminu na patent strzelecki. Klimatyzowane, wygodne sale wyk\u0142adowe oraz do\u015bwiadczony personel \u2013 to tylko wybrane atuty Zbrojowni Modlin!<\/b><\/p>\n","protected":false},"featured_media":130633,"template":"","meta":[],"product_brand":[],"product_cat":[323],"product_tag":[],"class_list":{"0":"post-130632","1":"product","2":"type-product","3":"status-publish","4":"has-post-thumbnail","6":"product_cat-patent-strzelecki","8":"first","9":"outofstock","10":"shipping-taxable","11":"purchasable","12":"product-type-variable"},"yoast_head":"<!-- This site is optimized with the Yoast SEO plugin v27.5 - https:\/\/yoast.com\/product\/yoast-seo-wordpress\/ -->\n<title>Kurs na patent strzelecki - TEORIA<\/title>\n<meta name=\"description\" content=\"Teoretyczne zaj\u0119cia kursu na patent strzelecki przygotowuj\u0105ce do egzaminu. Om\u00f3wimy niezb\u0119dne zagadnienia, przeka\u017cemy pomocne w nauce materia\u0142y.\" \/>\n<meta name=\"robots\" content=\"index, follow, max-snippet:-1, max-image-preview:large, max-video-preview:-1\" \/>\n<link rel=\"canonical\" href=\"https:\/\/zbrojowniamodlin.pl\/en\/szkolenia\/shooting-patent\/patent-strzelecki-teoria\/\" \/>\n<meta property=\"og:locale\" content=\"en_US\" \/>\n<meta property=\"og:type\" content=\"article\" \/>\n<meta property=\"og:title\" content=\"Kurs na patent strzelecki - TEORIA\" \/>\n<meta property=\"og:description\" content=\"Teoretyczne zaj\u0119cia kursu na patent strzelecki przygotowuj\u0105ce do egzaminu. Om\u00f3wimy niezb\u0119dne zagadnienia, przeka\u017cemy pomocne w nauce materia\u0142y.\" \/>\n<meta property=\"og:url\" content=\"https:\/\/zbrojowniamodlin.pl\/en\/szkolenia\/shooting-patent\/patent-strzelecki-teoria\/\" \/>\n<meta property=\"og:site_name\" content=\"Zbrojownia Modlin\" \/>\n<meta property=\"article:modified_time\" content=\"2025-07-18T09:17:33+00:00\" \/>\n<meta property=\"og:image\" content=\"https:\/\/zbrojowniamodlin.pl\/wp-content\/uploads\/2025\/01\/signal-2022-11-22-122524_003.jpeg\" \/>\n\t<meta property=\"og:image:width\" content=\"1600\" \/>\n\t<meta property=\"og:image:height\" content=\"1200\" \/>\n\t<meta property=\"og:image:type\" content=\"image\/jpeg\" \/>\n<meta name=\"twitter:card\" content=\"summary_large_image\" \/>\n<meta name=\"twitter:label1\" content=\"Est. reading time\" \/>\n\t<meta name=\"twitter:data1\" content=\"1 minute\" \/>\n<script type=\"application\/ld+json\" class=\"yoast-schema-graph\">{\"@context\":\"https:\\\/\\\/schema.org\",\"@graph\":[{\"@type\":\"WebPage\",\"@id\":\"https:\\\/\\\/zbrojowniamodlin.pl\\\/en\\\/szkolenia\\\/shooting-patent\\\/patent-strzelecki-teoria\\\/\",\"url\":\"https:\\\/\\\/zbrojowniamodlin.pl\\\/en\\\/szkolenia\\\/shooting-patent\\\/patent-strzelecki-teoria\\\/\",\"name\":\"Kurs na patent strzelecki - TEORIA\",\"isPartOf\":{\"@id\":\"https:\\\/\\\/zbrojowniamodlin.pl\\\/en\\\/#website\"},\"primaryImageOfPage\":{\"@id\":\"https:\\\/\\\/zbrojowniamodlin.pl\\\/en\\\/szkolenia\\\/shooting-patent\\\/patent-strzelecki-teoria\\\/#primaryimage\"},\"image\":{\"@id\":\"https:\\\/\\\/zbrojowniamodlin.pl\\\/en\\\/szkolenia\\\/shooting-patent\\\/patent-strzelecki-teoria\\\/#primaryimage\"},\"thumbnailUrl\":\"https:\\\/\\\/zbrojowniamodlin.pl\\\/wp-content\\\/uploads\\\/2025\\\/01\\\/signal-2022-11-22-122524_003.jpeg\",\"datePublished\":\"2025-01-20T14:25:37+00:00\",\"dateModified\":\"2025-07-18T09:17:33+00:00\",\"description\":\"Teoretyczne zaj\u0119cia kursu na patent strzelecki przygotowuj\u0105ce do egzaminu. Om\u00f3wimy niezb\u0119dne zagadnienia, przeka\u017cemy pomocne w nauce materia\u0142y.\",\"breadcrumb\":{\"@id\":\"https:\\\/\\\/zbrojowniamodlin.pl\\\/en\\\/szkolenia\\\/shooting-patent\\\/patent-strzelecki-teoria\\\/#breadcrumb\"},\"inLanguage\":\"en-US\",\"potentialAction\":[{\"@type\":\"ReadAction\",\"target\":[\"https:\\\/\\\/zbrojowniamodlin.pl\\\/en\\\/szkolenia\\\/shooting-patent\\\/patent-strzelecki-teoria\\\/\"]}]},{\"@type\":\"ImageObject\",\"inLanguage\":\"en-US\",\"@id\":\"https:\\\/\\\/zbrojowniamodlin.pl\\\/en\\\/szkolenia\\\/shooting-patent\\\/patent-strzelecki-teoria\\\/#primaryimage\",\"url\":\"https:\\\/\\\/zbrojowniamodlin.pl\\\/wp-content\\\/uploads\\\/2025\\\/01\\\/signal-2022-11-22-122524_003.jpeg\",\"contentUrl\":\"https:\\\/\\\/zbrojowniamodlin.pl\\\/wp-content\\\/uploads\\\/2025\\\/01\\\/signal-2022-11-22-122524_003.jpeg\",\"width\":1600,\"height\":1200},{\"@type\":\"BreadcrumbList\",\"@id\":\"https:\\\/\\\/zbrojowniamodlin.pl\\\/en\\\/szkolenia\\\/shooting-patent\\\/patent-strzelecki-teoria\\\/#breadcrumb\",\"itemListElement\":[{\"@type\":\"ListItem\",\"position\":1,\"name\":\"Strona g\u0142\u00f3wna\",\"item\":\"https:\\\/\\\/zbrojowniamodlin.pl\\\/en\\\/\"},{\"@type\":\"ListItem\",\"position\":2,\"name\":\"Store\",\"item\":\"https:\\\/\\\/zbrojowniamodlin.pl\\\/en\\\/shop\\\/\"},{\"@type\":\"ListItem\",\"position\":3,\"name\":\"Patent strzelecki &#8211; TEORIA\"}]},{\"@type\":\"WebSite\",\"@id\":\"https:\\\/\\\/zbrojowniamodlin.pl\\\/en\\\/#website\",\"url\":\"https:\\\/\\\/zbrojowniamodlin.pl\\\/en\\\/\",\"name\":\"Zbrojownia Modlin\",\"description\":\"Zbrojownia Modlin\",\"inLanguage\":\"en-US\"}]}<\/script>\n<!-- \/ Yoast SEO plugin. -->","yoast_head_json":{"title":"Kurs na patent strzelecki - TEORIA","description":"Teoretyczne zaj\u0119cia kursu na patent strzelecki przygotowuj\u0105ce do egzaminu. Om\u00f3wimy niezb\u0119dne zagadnienia, przeka\u017cemy pomocne w nauce materia\u0142y.","robots":{"index":"index","follow":"follow","max-snippet":"max-snippet:-1","max-image-preview":"max-image-preview:large","max-video-preview":"max-video-preview:-1"},"canonical":"https:\/\/zbrojowniamodlin.pl\/en\/szkolenia\/shooting-patent\/patent-strzelecki-teoria\/","og_locale":"en_US","og_type":"article","og_title":"Kurs na patent strzelecki - TEORIA","og_description":"Teoretyczne zaj\u0119cia kursu na patent strzelecki przygotowuj\u0105ce do egzaminu. Om\u00f3wimy niezb\u0119dne zagadnienia, przeka\u017cemy pomocne w nauce materia\u0142y.","og_url":"https:\/\/zbrojowniamodlin.pl\/en\/szkolenia\/shooting-patent\/patent-strzelecki-teoria\/","og_site_name":"Zbrojownia Modlin","article_modified_time":"2025-07-18T09:17:33+00:00","og_image":[{"width":1600,"height":1200,"url":"https:\/\/zbrojowniamodlin.pl\/wp-content\/uploads\/2025\/01\/signal-2022-11-22-122524_003.jpeg","type":"image\/jpeg"}],"twitter_card":"summary_large_image","twitter_misc":{"Est. reading time":"1 minute"},"schema":{"@context":"https:\/\/schema.org","@graph":[{"@type":"WebPage","@id":"https:\/\/zbrojowniamodlin.pl\/en\/szkolenia\/shooting-patent\/patent-strzelecki-teoria\/","url":"https:\/\/zbrojowniamodlin.pl\/en\/szkolenia\/shooting-patent\/patent-strzelecki-teoria\/","name":"Kurs na patent strzelecki - TEORIA","isPartOf":{"@id":"https:\/\/zbrojowniamodlin.pl\/en\/#website"},"primaryImageOfPage":{"@id":"https:\/\/zbrojowniamodlin.pl\/en\/szkolenia\/shooting-patent\/patent-strzelecki-teoria\/#primaryimage"},"image":{"@id":"https:\/\/zbrojowniamodlin.pl\/en\/szkolenia\/shooting-patent\/patent-strzelecki-teoria\/#primaryimage"},"thumbnailUrl":"https:\/\/zbrojowniamodlin.pl\/wp-content\/uploads\/2025\/01\/signal-2022-11-22-122524_003.jpeg","datePublished":"2025-01-20T14:25:37+00:00","dateModified":"2025-07-18T09:17:33+00:00","description":"Teoretyczne zaj\u0119cia kursu na patent strzelecki przygotowuj\u0105ce do egzaminu. Om\u00f3wimy niezb\u0119dne zagadnienia, przeka\u017cemy pomocne w nauce materia\u0142y.","breadcrumb":{"@id":"https:\/\/zbrojowniamodlin.pl\/en\/szkolenia\/shooting-patent\/patent-strzelecki-teoria\/#breadcrumb"},"inLanguage":"en-US","potentialAction":[{"@type":"ReadAction","target":["https:\/\/zbrojowniamodlin.pl\/en\/szkolenia\/shooting-patent\/patent-strzelecki-teoria\/"]}]},{"@type":"ImageObject","inLanguage":"en-US","@id":"https:\/\/zbrojowniamodlin.pl\/en\/szkolenia\/shooting-patent\/patent-strzelecki-teoria\/#primaryimage","url":"https:\/\/zbrojowniamodlin.pl\/wp-content\/uploads\/2025\/01\/signal-2022-11-22-122524_003.jpeg","contentUrl":"https:\/\/zbrojowniamodlin.pl\/wp-content\/uploads\/2025\/01\/signal-2022-11-22-122524_003.jpeg","width":1600,"height":1200},{"@type":"BreadcrumbList","@id":"https:\/\/zbrojowniamodlin.pl\/en\/szkolenia\/shooting-patent\/patent-strzelecki-teoria\/#breadcrumb","itemListElement":[{"@type":"ListItem","position":1,"name":"Strona g\u0142\u00f3wna","item":"https:\/\/zbrojowniamodlin.pl\/en\/"},{"@type":"ListItem","position":2,"name":"Store","item":"https:\/\/zbrojowniamodlin.pl\/en\/shop\/"},{"@type":"ListItem","position":3,"name":"Patent strzelecki &#8211; TEORIA"}]},{"@type":"WebSite","@id":"https:\/\/zbrojowniamodlin.pl\/en\/#website","url":"https:\/\/zbrojowniamodlin.pl\/en\/","name":"Zbrojownia Modlin","description":"Zbrojownia Modlin","inLanguage":"en-US"}]}},"_links":{"self":[{"href":"https:\/\/zbrojowniamodlin.pl\/en\/wp-json\/wp\/v2\/product\/130632","targetHints":{"allow":["GET"]}}],"collection":[{"href":"https:\/\/zbrojowniamodlin.pl\/en\/wp-json\/wp\/v2\/product"}],"about":[{"href":"https:\/\/zbrojowniamodlin.pl\/en\/wp-json\/wp\/v2\/types\/product"}],"wp:featuredmedia":[{"embeddable":true,"href":"https:\/\/zbrojowniamodlin.pl\/en\/wp-json\/wp\/v2\/media\/130633"}],"wp:attachment":[{"href":"https:\/\/zbrojowniamodlin.pl\/en\/wp-json\/wp\/v2\/media?parent=130632"}],"wp:term":[{"taxonomy":"product_brand","embeddable":true,"href":"https:\/\/zbrojowniamodlin.pl\/en\/wp-json\/wp\/v2\/product_brand?post=130632"},{"taxonomy":"product_cat","embeddable":true,"href":"https:\/\/zbrojowniamodlin.pl\/en\/wp-json\/wp\/v2\/product_cat?post=130632"},{"taxonomy":"product_tag","embeddable":true,"href":"https:\/\/zbrojowniamodlin.pl\/en\/wp-json\/wp\/v2\/product_tag?post=130632"}],"curies":[{"name":"wp","href":"https:\/\/api.w.org\/{rel}","templated":true}]}}