{"id":130574,"date":"2025-01-20T15:25:07","date_gmt":"2025-01-20T14:25:07","guid":{"rendered":"https:\/\/zbrojowniamodlin.pl\/?post_type=product&#038;p=130574"},"modified":"2026-04-17T19:13:08","modified_gmt":"2026-04-17T17:13:08","slug":"kurs-prowadzacy-strzelanie-lok","status":"publish","type":"product","link":"https:\/\/zbrojowniamodlin.pl\/en\/szkolenia\/shooting-leader\/kurs-prowadzacy-strzelanie-lok\/","title":{"rendered":"Kurs Prowadz\u0105cy Strzelanie LOK &#8211; jedna wizyta na strzelnicy!"},"content":{"rendered":"<h2>Twoje uprawnienia Prowadz\u0105cego Strzelanie po jednej wizycie na strzelnicy\u203c\ufe0f<\/h2>\n<p>Nasze zaj\u0119cia Prowadz\u0105cego Strzelanie prowadzimy <strong>od wrze\u015bnia 2025 w trybie hybrydowym<\/strong>. Co to dla Ciebie oznacza\u2049\ufe0f<\/p>\n<p>? Zaj\u0119cia teoretyczne (14 godzin lekcyjnych) prowadzimy w sobot\u0119 w formie<em><strong> on-line<\/strong><\/em> na platformie Teams. Mo\u017cesz wzi\u0105\u0107 w nich udzia\u0142 z dowolnego miejsca na \u015bwiecie, korzystaj\u0105c z \u0142\u0105cza internetowego\u261d\ufe0f<br \/>\n<strong>?<\/strong> Zaj\u0119cia praktyczne oraz egzaminy (13 godzin lekcyjnych) realizujemy na strzelnicy w niedziel\u0119.<\/p>\n<p><strong>Co dla Ciebie oznaczaj\u0105 te zmiany\u2049\ufe0f<br \/>\n<\/strong>\u27a1\ufe0f cz\u0119\u015b\u0107 teoretyczn\u0105 szkolenia sp\u0119dzasz w ulubionym fotelu, siedz\u0105c w wygodnych kapciach i popijaj\u0105c ulubion\u0105 kaw\u0119 \/ herbat\u0119<br \/>\n\u27a1\ufe0f zaj\u0119cia on-line oznaczaj\u0105 pe\u0142n\u0105 interaktywno\u015b\u0107, mo\u017cliwo\u015b\u0107 zadawania pyta\u0144, komentowania itd.<br \/>\n\u27a1\ufe0f oszcz\u0119dzasz czas i koszt dojazdu pierwszego dnia<br \/>\n\u27a1\ufe0f je\u015bli jeste\u015b z oddalonego od nas zak\u0105tka Polski &#8211; oszcz\u0119dzasz r\u00f3wnie\u017c np. koszt noclegu<\/p>\n<h2>Kto mo\u017ce zrobi\u0107 kurs prowadz\u0105cego strzelanie LOK?<\/h2>\n<p>Aby podej\u015b\u0107 do kursu nie jest wymagane pozwolenie na bro\u0144 paln\u0105. Jednocze\u015bnie oczekujemy od Ciebie umiej\u0119tno\u015bci pos\u0142ugiwania si\u0119 broni\u0105 paln\u0105. Kurs ten jest dedykowany dla os\u00f3b kt\u00f3re naby\u0142y podstawow\u0105 wiedz\u0119 z zakresu pos\u0142ugiwania si\u0119 broni\u0105 i amunicj\u0105. Osoba uczestnicz\u0105ca w kursie nie musi by\u0107 cz\u0142onkiem stowarzyszenia strzeleckiego, klubu strzeleckiego, posiada\u0107 patentu, licencji.<\/p>\n<p><strong>Wymagania:<\/strong><\/p>\n<ul>\n<li aria-level=\"1\">uko\u0144czone 21 lat,<\/li>\n<li aria-level=\"1\">umiej\u0119tno\u015b\u0107 bezpiecznego pos\u0142ugiwania si\u0119 broni\u0105 paln\u0105,<\/li>\n<li aria-level=\"1\">dobry stan zdrowia.<\/li>\n<\/ul>\n<p>Po uko\u0144czeniu kursu uczestnik uzyskuje uprawnienia prowadz\u0105cego strzelanie wydane przez Zarz\u0105d G\u0142\u00f3wny <a href=\"http:\/\/lok.org.pl\/\">Ligii Obrony Kraju<\/a>. Uczestnik szkolenia nabywa kwalifikacje do prowadzenia i nadzorowania strzela\u0144 z broni:<\/p>\n<ul>\n<li>A \u2013 pneumatyczna<\/li>\n<li>B \u2013 palna bocznego zap\u0142onu<\/li>\n<li>C \u2013 palna centralnego zap\u0142onu<\/li>\n<li>D \u2013 maszynowa (pistolet)<\/li>\n<li>E \u2013 samoczynna<\/li>\n<li>F \u2013 g\u0142adkolufowa (powtarzalna)<\/li>\n<li>G \u2013 g\u0142adkolufowa<\/li>\n<li>H \u2013 czarnoprochowa<\/li>\n<\/ul>\n<h2>Kurs Prowadz\u0105cego Strzelanie LOK. To musisz wiedzie\u0107<\/h2>\n<p>Podczas kursu Prowadz\u0105cego Strzelanie LOK zostaniesz przeszkolony\/a:<\/p>\n<ul>\n<li aria-level=\"1\">w zakresie bezpiecznego prowadzenia szkole\u0144 strzeleckich z r\u00f3\u017cnych rodzaj\u00f3w broni w czasie r\u00f3\u017cnych form strzela\u0144,<\/li>\n<li aria-level=\"1\">z zasad udzielania pomocy przedmedycznej (ukierunkowanej szczeg\u00f3lnie na sytuacje zwi\u0105zane z prowadzeniem zaj\u0119\u0107 strzeleckich),<\/li>\n<\/ul>\n<p>Dodatkowo kurs obejmuje:<\/p>\n<ul>\n<li aria-level=\"1\">zapoznanie z dokumentami dotycz\u0105cymi uprawiania sport\u00f3w strzeleckich,<\/li>\n<li aria-level=\"1\">przedstawienie wybranych problem\u00f3w prawnych zwi\u0105zanych z broni\u0105 i formami szkolenia,<\/li>\n<li aria-level=\"1\">zapoznanie z zasadami bezpiecze\u0144stwa i warunkami technicznymi jakie musz\u0105 spe\u0142nia\u0107 strzelnice a aspekcie mo\u017cliwo\u015bci prowadzeni na nich r\u00f3\u017cnych formy strzelania (w tym -przyk\u0142adowe regulaminy strzelnic),<\/li>\n<li aria-level=\"1\">zapoznanie z procedurami przygotowuj\u0105cymi do strzelania oraz strzelanie z podstawowych rodzaj\u00f3w broni w zakresie posiadanych przez podmiot prowadz\u0105cy uprawnie\u0144 potwierdzony w\u0142a\u015bciwymi dokumentami,<\/li>\n<li aria-level=\"1\">zapoznanie z budow\u0105 broni strzeleckiej, zasadami dzia\u0142ania, sposobem przystrzeliwania broni (sprawdzenia celno\u015bci broni),<\/li>\n<li aria-level=\"1\">zapoznanie z organizacj\u0105 zaj\u0119\u0107 na strzelnicy oraz wyposa\u017ceniem w pomoce niezb\u0119dne do przeprowadzenia strzela\u0144,<\/li>\n<li aria-level=\"1\">zapoznanie z warunkami strzela\u0144, wydawanymi komendami i czynno\u015bciami wykonywanymi na te komendy,<\/li>\n<li aria-level=\"1\">zapoznanie z przepisami o ewidencji broni i amunicji.<\/li>\n<\/ul>\n<p><strong>Zaj\u0119cia teoretyczne oraz praktyczne odb\u0119d\u0105 si\u0119 na Strzelnicy Zbrojownia Modlin.<\/strong><\/p>\n<h2>Jak si\u0119 zapisa\u0107?<\/h2>\n<p>Wybierz jedn\u0105\u00a0z dost\u0119pnych opcji w prawym g\u00f3rnym roku, pod zak\u0142adk\u0105\u00a0MIESI\u0104C. Po wybraniu daty i op\u0142aceniu kursu otrzymasz informacje szczeg\u00f3\u0142owe informacje na maila.<\/p>\n<h2>Kurs Prowadz\u0105cego Strzelanie LOK \u2013 najcz\u0119stsze pytania<\/h2>\n<h3>Jakie s\u0105 zadania prowadz\u0105cego strzelanie?<\/h3>\n<ol>\n<li aria-level=\"1\">Odpowiada za bezpiecze\u0144stwo u\u017cytkownik\u00f3w strzelnicy oraz os\u00f3b im towarzysz\u0105cych, a tak\u017ce odpowiada za szkody powsta\u0142e podczas strzelania oraz spowodowanie wypadku stosownie do zasad okre\u015blonych w odr\u0119bnych przepisach.<\/li>\n<li aria-level=\"1\">Wyznacza korzystaj\u0105cym ze strzelnicy stanowiska strzeleckie, a osobom towarzysz\u0105cym \u2013 miejsce bezpiecznego pobytu.<\/li>\n<li aria-level=\"1\">Prowadzi ksi\u0105\u017ck\u0119 rejestru pobytu na strzelnicy.<\/li>\n<li aria-level=\"1\">Pilnuje przestrzegania przepis\u00f3w regulaminu strzelnicy przez osoby znajduj\u0105ce si\u0119 na strzelnicy (zar\u00f3wno korzystaj\u0105cych ze strzelnicy czyli strzelaj\u0105cych, jak r\u00f3wnie\u017c os\u00f3b im towarzysz\u0105cych czyli widz\u00f3w).<\/li>\n<li aria-level=\"1\">Wydaje komendy dotycz\u0105ce rozpocz\u0119cia, przerwania i zako\u0144czenia strzelania oraz zezwala na wchodzenie przed stanowisko strzeleckie tj. udanie si\u0119 w kierunku tarcz.<\/li>\n<li aria-level=\"1\">Po zako\u0144czeniu strzelania kontroluje na stanowisku strzeleckim roz\u0142adowanie broni przez korzystaj\u0105cych ze strzelnicy<\/li>\n<\/ol>\n<h3>Kto mo\u017ce zrobi\u0107 kurs Prowadz\u0105cego Strzelanie LOK?<\/h3>\n<p>Kurs prowadz\u0105cego strzelanie LOK mo\u017ce odby\u0107 osoba, kt\u00f3ra uko\u0144czy\u0142a 21 lat, posiada umiej\u0119tno\u015b\u0107 bezpiecznego pos\u0142ugiwania si\u0119 broni\u0105 paln\u0105 oraz jest w dobrym stanie zdrowia.<\/p>\n<h3>Na jak d\u0142ugo wydawane s\u0105 uprawnienia?<\/h3>\n<p>Uprawnienia nadawane s\u0105 bezterminowo.<\/p>\n<h3>Czy \u017ceby zrobi\u0107\u00a0kurs Prowadz\u0105cego Strzelanie LOK potrzebne s\u0105 badania lekarskie?<\/h3>\n<p>Nie, do uzyskania uprawnie\u0144 Prowadz\u0105cego strzelanie nie jest konieczne badanie lekarskie.<\/p>\n","protected":false},"excerpt":{"rendered":"<p><b>Twoje uprawnienia Prowadz\u0105cego Strzelanie po jednej wizycie na strzelnicy\u203c\ufe0fNasz kurs Prowadz\u0105cego Strzelanie zapewni Ci komfort, wiedz\u0119 i kompetencj\u0119 podczas Twoich wizyt na strzelnicy! Dzi\u0119ki tym uprawnieniom mo\u017cesz samodzielnie nadzorowa\u0107 strzelania realizowane wraz z Twoimi znajomymi lub rodzin\u0105.<\/b><\/p>\n","protected":false},"featured_media":136757,"template":"","meta":[],"product_brand":[],"product_cat":[322],"product_tag":[],"class_list":{"0":"post-130574","1":"product","2":"type-product","3":"status-publish","4":"has-post-thumbnail","6":"product_cat-prowadzacy-strzelanie","8":"first","9":"instock","10":"sold-individually","11":"shipping-taxable","12":"purchasable","13":"product-type-variable"},"yoast_head":"<!-- This site is optimized with the Yoast SEO plugin v27.4 - https:\/\/yoast.com\/product\/yoast-seo-wordpress\/ -->\n<title>Kurs Prowadz\u0105cego Strzelanie LOK<\/title>\n<meta name=\"description\" content=\"Kurs Prowadz\u0105cego Strzelanie LOK pozwoli Ci naby\u0107 niezb\u0119dne kompetencje do samodzielnego nadzorowania strzelania.\" \/>\n<meta name=\"robots\" content=\"index, follow, max-snippet:-1, max-image-preview:large, max-video-preview:-1\" \/>\n<link rel=\"canonical\" href=\"https:\/\/zbrojowniamodlin.pl\/en\/szkolenia\/shooting-leader\/kurs-prowadzacy-strzelanie-lok\/\" \/>\n<meta property=\"og:locale\" content=\"en_US\" \/>\n<meta property=\"og:type\" content=\"article\" \/>\n<meta property=\"og:title\" content=\"Kurs Prowadz\u0105cego Strzelanie LOK\" \/>\n<meta property=\"og:description\" content=\"Kurs Prowadz\u0105cego Strzelanie LOK pozwoli Ci naby\u0107 niezb\u0119dne kompetencje do samodzielnego nadzorowania strzelania.\" \/>\n<meta property=\"og:url\" content=\"https:\/\/zbrojowniamodlin.pl\/en\/szkolenia\/shooting-leader\/kurs-prowadzacy-strzelanie-lok\/\" \/>\n<meta property=\"og:site_name\" content=\"Zbrojownia Modlin\" \/>\n<meta property=\"article:modified_time\" content=\"2026-04-17T17:13:08+00:00\" \/>\n<meta property=\"og:image\" content=\"https:\/\/zbrojowniamodlin.pl\/wp-content\/uploads\/2025\/01\/526663831_1239651578175255_7009682012690984226_n.jpg\" \/>\n\t<meta property=\"og:image:width\" content=\"2048\" \/>\n\t<meta property=\"og:image:height\" content=\"1365\" \/>\n\t<meta property=\"og:image:type\" content=\"image\/jpeg\" \/>\n<meta name=\"twitter:card\" content=\"summary_large_image\" \/>\n<meta name=\"twitter:label1\" content=\"Est. reading time\" \/>\n\t<meta name=\"twitter:data1\" content=\"4 minutes\" \/>\n<script type=\"application\/ld+json\" class=\"yoast-schema-graph\">{\"@context\":\"https:\\\/\\\/schema.org\",\"@graph\":[{\"@type\":\"WebPage\",\"@id\":\"https:\\\/\\\/zbrojowniamodlin.pl\\\/en\\\/szkolenia\\\/shooting-leader\\\/kurs-prowadzacy-strzelanie-lok\\\/\",\"url\":\"https:\\\/\\\/zbrojowniamodlin.pl\\\/en\\\/szkolenia\\\/shooting-leader\\\/kurs-prowadzacy-strzelanie-lok\\\/\",\"name\":\"Kurs Prowadz\u0105cego Strzelanie LOK\",\"isPartOf\":{\"@id\":\"https:\\\/\\\/zbrojowniamodlin.pl\\\/en\\\/#website\"},\"primaryImageOfPage\":{\"@id\":\"https:\\\/\\\/zbrojowniamodlin.pl\\\/en\\\/szkolenia\\\/shooting-leader\\\/kurs-prowadzacy-strzelanie-lok\\\/#primaryimage\"},\"image\":{\"@id\":\"https:\\\/\\\/zbrojowniamodlin.pl\\\/en\\\/szkolenia\\\/shooting-leader\\\/kurs-prowadzacy-strzelanie-lok\\\/#primaryimage\"},\"thumbnailUrl\":\"https:\\\/\\\/zbrojowniamodlin.pl\\\/wp-content\\\/uploads\\\/2025\\\/01\\\/526663831_1239651578175255_7009682012690984226_n.jpg\",\"datePublished\":\"2025-01-20T14:25:07+00:00\",\"dateModified\":\"2026-04-17T17:13:08+00:00\",\"description\":\"Kurs Prowadz\u0105cego Strzelanie LOK pozwoli Ci naby\u0107 niezb\u0119dne kompetencje do samodzielnego nadzorowania strzelania.\",\"breadcrumb\":{\"@id\":\"https:\\\/\\\/zbrojowniamodlin.pl\\\/en\\\/szkolenia\\\/shooting-leader\\\/kurs-prowadzacy-strzelanie-lok\\\/#breadcrumb\"},\"inLanguage\":\"en-US\",\"potentialAction\":[{\"@type\":\"ReadAction\",\"target\":[\"https:\\\/\\\/zbrojowniamodlin.pl\\\/en\\\/szkolenia\\\/shooting-leader\\\/kurs-prowadzacy-strzelanie-lok\\\/\"]}]},{\"@type\":\"ImageObject\",\"inLanguage\":\"en-US\",\"@id\":\"https:\\\/\\\/zbrojowniamodlin.pl\\\/en\\\/szkolenia\\\/shooting-leader\\\/kurs-prowadzacy-strzelanie-lok\\\/#primaryimage\",\"url\":\"https:\\\/\\\/zbrojowniamodlin.pl\\\/wp-content\\\/uploads\\\/2025\\\/01\\\/526663831_1239651578175255_7009682012690984226_n.jpg\",\"contentUrl\":\"https:\\\/\\\/zbrojowniamodlin.pl\\\/wp-content\\\/uploads\\\/2025\\\/01\\\/526663831_1239651578175255_7009682012690984226_n.jpg\",\"width\":2048,\"height\":1365},{\"@type\":\"BreadcrumbList\",\"@id\":\"https:\\\/\\\/zbrojowniamodlin.pl\\\/en\\\/szkolenia\\\/shooting-leader\\\/kurs-prowadzacy-strzelanie-lok\\\/#breadcrumb\",\"itemListElement\":[{\"@type\":\"ListItem\",\"position\":1,\"name\":\"Strona g\u0142\u00f3wna\",\"item\":\"https:\\\/\\\/zbrojowniamodlin.pl\\\/en\\\/\"},{\"@type\":\"ListItem\",\"position\":2,\"name\":\"Store\",\"item\":\"https:\\\/\\\/zbrojowniamodlin.pl\\\/en\\\/shop\\\/\"},{\"@type\":\"ListItem\",\"position\":3,\"name\":\"Kurs Prowadz\u0105cy Strzelanie LOK &#8211; jedna wizyta na strzelnicy!\"}]},{\"@type\":\"WebSite\",\"@id\":\"https:\\\/\\\/zbrojowniamodlin.pl\\\/en\\\/#website\",\"url\":\"https:\\\/\\\/zbrojowniamodlin.pl\\\/en\\\/\",\"name\":\"Zbrojownia Modlin\",\"description\":\"Zbrojownia Modlin\",\"inLanguage\":\"en-US\"}]}<\/script>\n<!-- \/ Yoast SEO plugin. -->","yoast_head_json":{"title":"Kurs Prowadz\u0105cego Strzelanie LOK","description":"Kurs Prowadz\u0105cego Strzelanie LOK pozwoli Ci naby\u0107 niezb\u0119dne kompetencje do samodzielnego nadzorowania strzelania.","robots":{"index":"index","follow":"follow","max-snippet":"max-snippet:-1","max-image-preview":"max-image-preview:large","max-video-preview":"max-video-preview:-1"},"canonical":"https:\/\/zbrojowniamodlin.pl\/en\/szkolenia\/shooting-leader\/kurs-prowadzacy-strzelanie-lok\/","og_locale":"en_US","og_type":"article","og_title":"Kurs Prowadz\u0105cego Strzelanie LOK","og_description":"Kurs Prowadz\u0105cego Strzelanie LOK pozwoli Ci naby\u0107 niezb\u0119dne kompetencje do samodzielnego nadzorowania strzelania.","og_url":"https:\/\/zbrojowniamodlin.pl\/en\/szkolenia\/shooting-leader\/kurs-prowadzacy-strzelanie-lok\/","og_site_name":"Zbrojownia Modlin","article_modified_time":"2026-04-17T17:13:08+00:00","og_image":[{"width":2048,"height":1365,"url":"https:\/\/zbrojowniamodlin.pl\/wp-content\/uploads\/2025\/01\/526663831_1239651578175255_7009682012690984226_n.jpg","type":"image\/jpeg"}],"twitter_card":"summary_large_image","twitter_misc":{"Est. reading time":"4 minutes"},"schema":{"@context":"https:\/\/schema.org","@graph":[{"@type":"WebPage","@id":"https:\/\/zbrojowniamodlin.pl\/en\/szkolenia\/shooting-leader\/kurs-prowadzacy-strzelanie-lok\/","url":"https:\/\/zbrojowniamodlin.pl\/en\/szkolenia\/shooting-leader\/kurs-prowadzacy-strzelanie-lok\/","name":"Kurs Prowadz\u0105cego Strzelanie LOK","isPartOf":{"@id":"https:\/\/zbrojowniamodlin.pl\/en\/#website"},"primaryImageOfPage":{"@id":"https:\/\/zbrojowniamodlin.pl\/en\/szkolenia\/shooting-leader\/kurs-prowadzacy-strzelanie-lok\/#primaryimage"},"image":{"@id":"https:\/\/zbrojowniamodlin.pl\/en\/szkolenia\/shooting-leader\/kurs-prowadzacy-strzelanie-lok\/#primaryimage"},"thumbnailUrl":"https:\/\/zbrojowniamodlin.pl\/wp-content\/uploads\/2025\/01\/526663831_1239651578175255_7009682012690984226_n.jpg","datePublished":"2025-01-20T14:25:07+00:00","dateModified":"2026-04-17T17:13:08+00:00","description":"Kurs Prowadz\u0105cego Strzelanie LOK pozwoli Ci naby\u0107 niezb\u0119dne kompetencje do samodzielnego nadzorowania strzelania.","breadcrumb":{"@id":"https:\/\/zbrojowniamodlin.pl\/en\/szkolenia\/shooting-leader\/kurs-prowadzacy-strzelanie-lok\/#breadcrumb"},"inLanguage":"en-US","potentialAction":[{"@type":"ReadAction","target":["https:\/\/zbrojowniamodlin.pl\/en\/szkolenia\/shooting-leader\/kurs-prowadzacy-strzelanie-lok\/"]}]},{"@type":"ImageObject","inLanguage":"en-US","@id":"https:\/\/zbrojowniamodlin.pl\/en\/szkolenia\/shooting-leader\/kurs-prowadzacy-strzelanie-lok\/#primaryimage","url":"https:\/\/zbrojowniamodlin.pl\/wp-content\/uploads\/2025\/01\/526663831_1239651578175255_7009682012690984226_n.jpg","contentUrl":"https:\/\/zbrojowniamodlin.pl\/wp-content\/uploads\/2025\/01\/526663831_1239651578175255_7009682012690984226_n.jpg","width":2048,"height":1365},{"@type":"BreadcrumbList","@id":"https:\/\/zbrojowniamodlin.pl\/en\/szkolenia\/shooting-leader\/kurs-prowadzacy-strzelanie-lok\/#breadcrumb","itemListElement":[{"@type":"ListItem","position":1,"name":"Strona g\u0142\u00f3wna","item":"https:\/\/zbrojowniamodlin.pl\/en\/"},{"@type":"ListItem","position":2,"name":"Store","item":"https:\/\/zbrojowniamodlin.pl\/en\/shop\/"},{"@type":"ListItem","position":3,"name":"Kurs Prowadz\u0105cy Strzelanie LOK &#8211; jedna wizyta na strzelnicy!"}]},{"@type":"WebSite","@id":"https:\/\/zbrojowniamodlin.pl\/en\/#website","url":"https:\/\/zbrojowniamodlin.pl\/en\/","name":"Zbrojownia Modlin","description":"Zbrojownia Modlin","inLanguage":"en-US"}]}},"_links":{"self":[{"href":"https:\/\/zbrojowniamodlin.pl\/en\/wp-json\/wp\/v2\/product\/130574","targetHints":{"allow":["GET"]}}],"collection":[{"href":"https:\/\/zbrojowniamodlin.pl\/en\/wp-json\/wp\/v2\/product"}],"about":[{"href":"https:\/\/zbrojowniamodlin.pl\/en\/wp-json\/wp\/v2\/types\/product"}],"wp:featuredmedia":[{"embeddable":true,"href":"https:\/\/zbrojowniamodlin.pl\/en\/wp-json\/wp\/v2\/media\/136757"}],"wp:attachment":[{"href":"https:\/\/zbrojowniamodlin.pl\/en\/wp-json\/wp\/v2\/media?parent=130574"}],"wp:term":[{"taxonomy":"product_brand","embeddable":true,"href":"https:\/\/zbrojowniamodlin.pl\/en\/wp-json\/wp\/v2\/product_brand?post=130574"},{"taxonomy":"product_cat","embeddable":true,"href":"https:\/\/zbrojowniamodlin.pl\/en\/wp-json\/wp\/v2\/product_cat?post=130574"},{"taxonomy":"product_tag","embeddable":true,"href":"https:\/\/zbrojowniamodlin.pl\/en\/wp-json\/wp\/v2\/product_tag?post=130574"}],"curies":[{"name":"wp","href":"https:\/\/api.w.org\/{rel}","templated":true}]}}